{"id":695965,"date":"2025-08-27T14:32:05","date_gmt":"2025-08-27T11:32:05","guid":{"rendered":"https:\/\/roveyayinevi.com.tr\/index.php\/urun\/katyanin-yazi\/"},"modified":"2026-04-16T02:05:49","modified_gmt":"2026-04-15T23:05:49","slug":"katyanin-yazi","status":"publish","type":"product","link":"https:\/\/roveyayinevi.com.tr\/index.php\/urun\/katyanin-yazi\/","title":{"rendered":"Katya&#8217;n\u0131n Yaz\u0131"},"content":{"rendered":"<p>Dinginli\u011fi ve gerilimi ayn\u0131 zaman aral\u0131\u011f\u0131nda veren, Bask k\u00fclt\u00fcr\u00fcn\u00fcn ince ayr\u0131nt\u0131lar\u0131n\u0131 i\u00e7inde bar\u0131nd\u0131ran, metin aralar\u0131ndaki ipu\u00e7lar\u0131n\u0131 takip edenler i\u00e7in soluk solu\u011fa, edemeyenler i\u00e7in \u015fok bir son\u2026 Ger\u00e7ek olamayacak kadar kusursuz ve katlan\u0131lamayacak kadar ac\u0131. \u0130nsan ruhunun derinliklerine inen s\u00fcrpriz d\u00f6n\u00fc\u015flerle umulmad\u0131k bir etki yaratan inanmas\u0131 zor bir yaz\u2026<\/p>\n","protected":false},"excerpt":{"rendered":"<p>Dinginli\u011fi ve gerilimi ayn\u0131 zaman aral\u0131\u011f\u0131nda veren, Bask k\u00fclt\u00fcr\u00fcn\u00fcn ince ayr\u0131nt\u0131lar\u0131n\u0131 i\u00e7inde bar\u0131nd\u0131ran, metin aralar\u0131ndaki ipu\u00e7lar\u0131n\u0131 takip edenler i\u00e7in soluk solu\u011fa, edemeyenler i\u00e7in \u015fok bir son\u2026<span class=\"excerpt-hellip\"> [\u2026]<\/span><\/p>\n","protected":false},"featured_media":0,"template":"","meta":{"_monsterinsights_skip_tracking":false,"_monsterinsights_sitenote_active":false,"_monsterinsights_sitenote_note":"","_monsterinsights_sitenote_category":0},"product_brand":[],"product_cat":[12291,12711],"product_tag":[],"class_list":{"0":"post-695965","1":"product","2":"type-product","3":"status-publish","5":"product_cat-edebiyat","6":"product_cat-roman-oyku","7":"pa_cilt-ciltsiz","8":"pa_tur-kitap","9":"pa_yayinevi-e-yayinlari","10":"pa_yazar-trevanian","12":"first","13":"instock","14":"sale","15":"shipping-taxable","16":"purchasable","17":"product-type-simple"},"_links":{"self":[{"href":"https:\/\/roveyayinevi.com.tr\/index.php\/wp-json\/wp\/v2\/product\/695965","targetHints":{"allow":["GET"]}}],"collection":[{"href":"https:\/\/roveyayinevi.com.tr\/index.php\/wp-json\/wp\/v2\/product"}],"about":[{"href":"https:\/\/roveyayinevi.com.tr\/index.php\/wp-json\/wp\/v2\/types\/product"}],"wp:attachment":[{"href":"https:\/\/roveyayinevi.com.tr\/index.php\/wp-json\/wp\/v2\/media?parent=695965"}],"wp:term":[{"taxonomy":"product_brand","embeddable":true,"href":"https:\/\/roveyayinevi.com.tr\/index.php\/wp-json\/wp\/v2\/product_brand?post=695965"},{"taxonomy":"product_cat","embeddable":true,"href":"https:\/\/roveyayinevi.com.tr\/index.php\/wp-json\/wp\/v2\/product_cat?post=695965"},{"taxonomy":"product_tag","embeddable":true,"href":"https:\/\/roveyayinevi.com.tr\/index.php\/wp-json\/wp\/v2\/product_tag?post=695965"}],"curies":[{"name":"wp","href":"https:\/\/api.w.org\/{rel}","templated":true}]}}