{"id":695961,"date":"2025-08-27T14:32:04","date_gmt":"2025-08-27T11:32:04","guid":{"rendered":"https:\/\/roveyayinevi.com.tr\/index.php\/urun\/en-cok-beni-sev\/"},"modified":"2026-04-16T02:05:49","modified_gmt":"2026-04-15T23:05:49","slug":"en-cok-beni-sev","status":"publish","type":"product","link":"https:\/\/roveyayinevi.com.tr\/index.php\/urun\/en-cok-beni-sev\/","title":{"rendered":"En \u00c7ok Beni Sev"},"content":{"rendered":"<p>Yazar\u0131n\u0131z 1814\u2019\u00fcn olaylarla dolu bir sezon olaca\u011f\u0131na inan\u0131yor, \u00f6zellikle de bug\u00fcne kadar evlenmeyi d\u00fc\u015f\u00fcnd\u00fc\u011f\u00fcne dair hi\u00e7bir i\u015farette bulunmayan, Londra\u2019n\u0131n en g\u00f6zde bek\u00e2r\u0131 Anthony Bridgerton i\u00e7in. Asl\u0131nda neden evlensin ki? S\u00f6z konusu eksiksiz bir zampara gibi davranmak oldu\u011funda, ondan daha iyisi bulunamaz&#8230; LEYD\u0130 WHISTLEDOWN\u2019UN CEMI\u0307YET GAZETESI\u0307, Nisan 1814 Ne var ki dedikoducu yazar\u0131m\u0131z bu defa yan\u0131l\u0131yordu. Anthony Bridgerton sadece evlilik karar\u0131 kalmam\u0131\u015f, bir es\u0327 aday\u0131 da se\u00e7mi\u015fti! \u00d6n\u00fcndeki tek engel ise se\u00e7ti\u011fi ki\u015finin ablas\u0131 Kate Sheffield\u2019d\u0131 &#8211; kendisi Londra balolar\u0131n\u0131n o g\u00fcne dek g\u00f6rd\u00fc\u011f\u00fc en bas\u0327 belas\u0131 ki\u015fiydi. N\u00fcktedan ve entrikac\u0131 Kate, bir yandan bu izdivac\u0131 engellemek konusundaki kararl\u0131l\u0131\u011f\u0131yla Anthony\u2019yi deli ederken, di\u011fer yandan \u00e7apk\u0131n vikontun erotik r\u00fcyalar\u0131n\u0131n ba\u015fmisafiri oluyordu. Genel inanc\u0131n aksine Kate, zampara beylerin zamanla \u0131slah olup iyi birer koca olabileceklerine inanm\u0131yordu ve Anthony Bridgerton da bu zamparalar\u0131n aras\u0131nda en ahlaks\u0131z olan\u0131yd\u0131. Kate k\u0131z karde\u015fini korumaya kesin kararl\u0131yd\u0131 fakat kendi kalbinin korunmas\u0131zl\u0131\u011f\u0131 y\u00fcz\u00fcnden de endi\u015fe i\u00e7erisindeydi. Ve Anthony\u2019nin dudaklar\u0131 kendi dudaklar\u0131na de\u011fdi\u011fi anda, Kate ona kar\u015f\u0131 koyamayaca\u011f\u0131n\u0131 anlay\u0131p korkuya kap\u0131lm\u0131\u015ft\u0131&#8230; <\/p>\n","protected":false},"excerpt":{"rendered":"<p>Yazar\u0131n\u0131z 1814\u2019\u00fcn olaylarla dolu bir sezon olaca\u011f\u0131na inan\u0131yor, \u00f6zellikle de bug\u00fcne kadar evlenmeyi d\u00fc\u015f\u00fcnd\u00fc\u011f\u00fcne dair hi\u00e7bir i\u015farette bulunmayan, Londra\u2019n\u0131n en g\u00f6zde bek\u00e2r\u0131 Anthony Bridgerton i\u00e7in. Asl\u0131nda<span class=\"excerpt-hellip\"> [\u2026]<\/span><\/p>\n","protected":false},"featured_media":0,"template":"","meta":{"_monsterinsights_skip_tracking":false,"_monsterinsights_sitenote_active":false,"_monsterinsights_sitenote_note":"","_monsterinsights_sitenote_category":0},"product_brand":[],"product_cat":[12291,12711],"product_tag":[],"class_list":{"0":"post-695961","1":"product","2":"type-product","3":"status-publish","5":"product_cat-edebiyat","6":"product_cat-roman-oyku","7":"pa_cilt-ciltsiz","8":"pa_tur-kitap","9":"pa_yayinevi-epsilon-yayinlari","10":"pa_yazar-julia-quinn","12":"first","13":"instock","14":"sale","15":"shipping-taxable","16":"purchasable","17":"product-type-simple"},"_links":{"self":[{"href":"https:\/\/roveyayinevi.com.tr\/index.php\/wp-json\/wp\/v2\/product\/695961","targetHints":{"allow":["GET"]}}],"collection":[{"href":"https:\/\/roveyayinevi.com.tr\/index.php\/wp-json\/wp\/v2\/product"}],"about":[{"href":"https:\/\/roveyayinevi.com.tr\/index.php\/wp-json\/wp\/v2\/types\/product"}],"wp:attachment":[{"href":"https:\/\/roveyayinevi.com.tr\/index.php\/wp-json\/wp\/v2\/media?parent=695961"}],"wp:term":[{"taxonomy":"product_brand","embeddable":true,"href":"https:\/\/roveyayinevi.com.tr\/index.php\/wp-json\/wp\/v2\/product_brand?post=695961"},{"taxonomy":"product_cat","embeddable":true,"href":"https:\/\/roveyayinevi.com.tr\/index.php\/wp-json\/wp\/v2\/product_cat?post=695961"},{"taxonomy":"product_tag","embeddable":true,"href":"https:\/\/roveyayinevi.com.tr\/index.php\/wp-json\/wp\/v2\/product_tag?post=695961"}],"curies":[{"name":"wp","href":"https:\/\/api.w.org\/{rel}","templated":true}]}}