{"id":695960,"date":"2025-08-27T14:32:04","date_gmt":"2025-08-27T11:32:04","guid":{"rendered":"https:\/\/roveyayinevi.com.tr\/index.php\/urun\/dus-kurma-kurallari\/"},"modified":"2026-04-16T02:05:49","modified_gmt":"2026-04-15T23:05:49","slug":"dus-kurma-kurallari","status":"publish","type":"product","link":"https:\/\/roveyayinevi.com.tr\/index.php\/urun\/dus-kurma-kurallari\/","title":{"rendered":"D\u00fc\u015f Kurma Kurallar\u0131"},"content":{"rendered":"<p>\u0130talyan yazar Gianni Rodari, sevilen bir\u00e7ok \u00e7ocuk kitab\u0131 yazarak sayg\u0131n Andersen \u00d6d\u00fcl\u00fc\u2019n\u00fc kazanmas\u0131n\u0131n yan\u0131 s\u0131ra, ayn\u0131 zamanda imgesel ya\u015fam\u0131n g\u00fcc\u00fcn\u00fc ger\u00e7ekten kavram\u0131\u015f bir e\u011fitimci ve eylem adam\u0131 olmu\u015ftur. Rodari bu enfes klasik eserinde \u00f6yk\u00fc yaratman\u0131n pek \u00e7ok ola\u011fan\u00fcst\u00fc tekni\u011fini sunmakta; bu \u00f6zg\u00fcn teknikleri de imgelem, peri masallar\u0131, halk hik\u00e2yeleri, \u00e7ocuk \u00f6yk\u00fcleri, bili\u015fsel geli\u015fim ve sevecen e\u011fitim ba\u011flam\u0131nda tart\u0131\u015fmaktad\u0131r. \u0130talya\u2019n\u0131n yeti\u015ftirdi\u011fi en b\u00fcy\u00fck \u00e7ocuk edebiyat\u0131 yazarlar\u0131ndan olan Rodari\u2019nin bu eserinin, her seviyede dil ve edebiyat \u00f6\u011fretmenlerinin, \u00e7ocuklar\u0131n\u0131n yarat\u0131c\u0131l\u0131\u011f\u0131n\u0131 beslemek isteyen anne babalar\u0131n, yazmaktan ve d\u00fc\u015fler kurman\u0131n gizemli hazlar\u0131ndan ho\u015flanan herkesin ilgisini \u00e7ekece\u011fine kalpten inan\u0131yoruz. <\/p>\n","protected":false},"excerpt":{"rendered":"<p>\u0130talyan yazar Gianni Rodari, sevilen bir\u00e7ok \u00e7ocuk kitab\u0131 yazarak sayg\u0131n Andersen \u00d6d\u00fcl\u00fc\u2019n\u00fc kazanmas\u0131n\u0131n yan\u0131 s\u0131ra, ayn\u0131 zamanda imgesel ya\u015fam\u0131n g\u00fcc\u00fcn\u00fc ger\u00e7ekten kavram\u0131\u015f bir e\u011fitimci ve eylem<span class=\"excerpt-hellip\"> [\u2026]<\/span><\/p>\n","protected":false},"featured_media":0,"template":"","meta":{"_monsterinsights_skip_tracking":false,"_monsterinsights_sitenote_active":false,"_monsterinsights_sitenote_note":"","_monsterinsights_sitenote_category":0},"product_brand":[],"product_cat":[26509,13365],"product_tag":[],"class_list":{"0":"post-695960","1":"product","2":"type-product","3":"status-publish","5":"product_cat-cocuk-gelisimi","6":"product_cat-saglik","7":"pa_cilt-ciltsiz","8":"pa_tur-kitap","9":"pa_yayinevi-epsilon-yayinlari","10":"pa_yazar-gianni-rodari","12":"first","13":"instock","14":"sale","15":"shipping-taxable","16":"purchasable","17":"product-type-simple"},"_links":{"self":[{"href":"https:\/\/roveyayinevi.com.tr\/index.php\/wp-json\/wp\/v2\/product\/695960","targetHints":{"allow":["GET"]}}],"collection":[{"href":"https:\/\/roveyayinevi.com.tr\/index.php\/wp-json\/wp\/v2\/product"}],"about":[{"href":"https:\/\/roveyayinevi.com.tr\/index.php\/wp-json\/wp\/v2\/types\/product"}],"wp:attachment":[{"href":"https:\/\/roveyayinevi.com.tr\/index.php\/wp-json\/wp\/v2\/media?parent=695960"}],"wp:term":[{"taxonomy":"product_brand","embeddable":true,"href":"https:\/\/roveyayinevi.com.tr\/index.php\/wp-json\/wp\/v2\/product_brand?post=695960"},{"taxonomy":"product_cat","embeddable":true,"href":"https:\/\/roveyayinevi.com.tr\/index.php\/wp-json\/wp\/v2\/product_cat?post=695960"},{"taxonomy":"product_tag","embeddable":true,"href":"https:\/\/roveyayinevi.com.tr\/index.php\/wp-json\/wp\/v2\/product_tag?post=695960"}],"curies":[{"name":"wp","href":"https:\/\/api.w.org\/{rel}","templated":true}]}}