{"id":695959,"date":"2025-08-27T14:32:03","date_gmt":"2025-08-27T11:32:03","guid":{"rendered":"https:\/\/roveyayinevi.com.tr\/index.php\/urun\/demir-misketler\/"},"modified":"2026-04-16T02:05:49","modified_gmt":"2026-04-15T23:05:49","slug":"demir-misketler","status":"publish","type":"product","link":"https:\/\/roveyayinevi.com.tr\/index.php\/urun\/demir-misketler\/","title":{"rendered":"Demir Misketler"},"content":{"rendered":"<p>Tu\u011frul, \u015fimdiye kadar annesinin ve babas\u0131n\u0131n memleketi olan \u00c7anakkale\u2019yi tan\u0131ma f\u0131rsat\u0131 bulamam\u0131\u015ft\u0131. Hep do\u011fup b\u00fcy\u00fcd\u00fc\u011f\u00fc Br\u00fcksel\u2019de ge\u00e7iriyordu yaz tatillerini. Do\u011frusu bundan da hi\u00e7 \u015fikayet\u00e7i de\u011fildi. Kamp ba\u015fkan\u0131 olmak, \u00e7ok sevdi\u011fi Rose Marie ile her g\u00fcn birlikte olmak onun i\u00e7in vazge\u00e7ilmezdi. Ancak bu kez her \u015fey farkl\u0131 olacakt\u0131. Memleket duygusunun ve tarih bilincinin ne oldu\u011funu o g\u00fcne kadar bilmeyen Tu\u011frul, o yaz yeni arkada\u015flar edinerek ve yeni heyecanlar tadarak unutamayaca\u011f\u0131 bir tatil ge\u00e7irecekti.<\/p>\n","protected":false},"excerpt":{"rendered":"<p>Tu\u011frul, \u015fimdiye kadar annesinin ve babas\u0131n\u0131n memleketi olan \u00c7anakkale\u2019yi tan\u0131ma f\u0131rsat\u0131 bulamam\u0131\u015ft\u0131. Hep do\u011fup b\u00fcy\u00fcd\u00fc\u011f\u00fc Br\u00fcksel\u2019de ge\u00e7iriyordu yaz tatillerini. Do\u011frusu bundan da hi\u00e7 \u015fikayet\u00e7i de\u011fildi. Kamp<span class=\"excerpt-hellip\"> [\u2026]<\/span><\/p>\n","protected":false},"featured_media":0,"template":"","meta":{"_monsterinsights_skip_tracking":false,"_monsterinsights_sitenote_active":false,"_monsterinsights_sitenote_note":"","_monsterinsights_sitenote_category":0},"product_brand":[],"product_cat":[12275,12274],"product_tag":[],"class_list":{"0":"post-695959","1":"product","2":"type-product","3":"status-publish","5":"product_cat-6-12-yas-kitaplari","6":"product_cat-cocuk-ve-genclik-kitaplari","7":"pa_cilt-ciltsiz","8":"pa_tur-kitap","9":"pa_yayinevi-epsilon-yayinlari","10":"pa_yazar-handan-derya","12":"first","13":"instock","14":"sale","15":"shipping-taxable","16":"purchasable","17":"product-type-simple"},"_links":{"self":[{"href":"https:\/\/roveyayinevi.com.tr\/index.php\/wp-json\/wp\/v2\/product\/695959","targetHints":{"allow":["GET"]}}],"collection":[{"href":"https:\/\/roveyayinevi.com.tr\/index.php\/wp-json\/wp\/v2\/product"}],"about":[{"href":"https:\/\/roveyayinevi.com.tr\/index.php\/wp-json\/wp\/v2\/types\/product"}],"wp:attachment":[{"href":"https:\/\/roveyayinevi.com.tr\/index.php\/wp-json\/wp\/v2\/media?parent=695959"}],"wp:term":[{"taxonomy":"product_brand","embeddable":true,"href":"https:\/\/roveyayinevi.com.tr\/index.php\/wp-json\/wp\/v2\/product_brand?post=695959"},{"taxonomy":"product_cat","embeddable":true,"href":"https:\/\/roveyayinevi.com.tr\/index.php\/wp-json\/wp\/v2\/product_cat?post=695959"},{"taxonomy":"product_tag","embeddable":true,"href":"https:\/\/roveyayinevi.com.tr\/index.php\/wp-json\/wp\/v2\/product_tag?post=695959"}],"curies":[{"name":"wp","href":"https:\/\/api.w.org\/{rel}","templated":true}]}}