{"id":695955,"date":"2025-08-27T14:32:02","date_gmt":"2025-08-27T11:32:02","guid":{"rendered":"https:\/\/roveyayinevi.com.tr\/index.php\/urun\/olum-bizim-icin-degil\/"},"modified":"2026-04-16T02:05:49","modified_gmt":"2026-04-15T23:05:49","slug":"olum-bizim-icin-degil","status":"publish","type":"product","link":"https:\/\/roveyayinevi.com.tr\/index.php\/urun\/olum-bizim-icin-degil\/","title":{"rendered":"\u00d6l\u00fcm Bizim \u0130\u00e7in De\u011fil"},"content":{"rendered":"<p>Devrim  y\u0131llar\u0131. Varolu\u015funu, \u00f6ng\u00f6rd\u00fc\u011f\u00fc gelecek tahayy\u00fcl\u00fcyle ger\u00e7ekle\u015ftiren, mevcudiyetini  ya\u015fanacak g\u00fczel bir d\u00fcnya  ihtimaline feda etmi\u015f bir ku\u015fa\u011f\u0131n hik\u00e2yesi. Sol muhalefetin devrim y\u00fcr\u00fcy\u00fc\u015f\u00fc, kitlelerin bir araya geli\u015fi, T\u00fcrkiye\u2019nin k\u0131r\u0131lman\u0131n e\u015fi\u011finde dola\u015ft\u0131\u011f\u0131 kar\u0131\u015f\u0131kl\u0131k y\u0131llar\u0131&#8230; 12 Eyl\u00fcl 1980. Yak\u0131n d\u00f6nem T\u00fcrkiye tarihinin her k\u00f6\u015fesinde izleri bulunan, ya\u015fam\u0131 de\u011fi\u015ftiren, adamak\u0131ll\u0131 bir ku\u015fa\u011f\u0131 deyim yerindeyse bertaraf eden  k\u00f6t\u00fc zamanlar\u0131n  ba\u015flang\u0131\u00e7 tarihi. Bir hayalin sekteye u\u011fray\u0131\u015f\u0131, yeni bir d\u00f6nemin ba\u015flang\u0131c\u0131&#8230; Cezaevleri. Her biri kendi karanl\u0131k suretini olu\u015fturmu\u015f i\u015fkencehanelerin, zulm\u00fcn, kat\u0131ks\u0131z \u015fiddetin kaleleri. Ve direni\u015f tabii, zalime itiraz ad\u0131na can\u0131n\u0131 ortaya koymu\u015f, direni\u015f u\u011fruna  \u00f6l\u00fcme yatm\u0131\u015f  v\u00fccutlar\u0131n a\u011f\u0131rba\u015fl\u0131 ve dik duru\u015fu&#8230; 12 Eyl\u00fcl d\u00f6nemi ile ilgili \u00e7ok say\u0131da an\u0131 yay\u0131mland\u0131 ancak elinizdeki kitab\u0131 di\u011ferlerinden ay\u0131ran, yazar\u0131n kimli\u011fi ve ya\u015fad\u0131\u011f\u0131 benzersiz olaylar. Bug\u00fcn varo\u015f dedi\u011fimiz \u00e7evrelerden gelip 12 Eyl\u00fcl \u00f6ncesinin ses getiren \u00f6rg\u00fctlerinden birinin y\u00f6neticisi olmu\u015f ve an\u0131lar\u0131n\u0131 kaleme alm\u0131\u015f az say\u0131daki yazarlardan biri ile kar\u015f\u0131 kar\u015f\u0131yay\u0131z. \u00d6l\u00fcm Bizim \u0130\u00e7in De\u011fil, 1970\u2019li y\u0131llar\u0131n sonunda, tabandan ba\u015flad\u0131\u011f\u0131 politik ya\u015fam\u0131nda say\u0131s\u0131z badireler atlatm\u0131\u015f Ufuk Bekta\u015f Karakaya\u2019n\u0131n hik\u00e2yesi. Ayn\u0131 zamanda \u00f6l\u00fcme bir g\u00fcn kalana kadar ya\u015fanm\u0131\u015f bir \u00f6l\u00fcm orucu deneyiminin ilk kez birinci a\u011f\u0131zdan yaz\u0131lm\u0131\u015f b\u00fct\u00fcnl\u00fckl\u00fc bir anlat\u0131s\u0131. Malatya\u2019dan K\u00f6ln\u2019e uzanan; devrim fikriyle, m\u00fccadeleyle, 12 Eyl\u00fcl\u2019\u00fcn iflah olmaz cezaevleriyle, direni\u015fle ve firarla bezeli s\u0131ra d\u0131\u015f\u0131 bir hayat \u00f6yk\u00fcs\u00fcn\u00fcn benzersiz anlat\u0131m\u0131&#8230; <\/p>\n","protected":false},"excerpt":{"rendered":"<p>Devrim y\u0131llar\u0131. Varolu\u015funu, \u00f6ng\u00f6rd\u00fc\u011f\u00fc gelecek tahayy\u00fcl\u00fcyle ger\u00e7ekle\u015ftiren, mevcudiyetini ya\u015fanacak g\u00fczel bir d\u00fcnya ihtimaline feda etmi\u015f bir ku\u015fa\u011f\u0131n hik\u00e2yesi. Sol muhalefetin devrim y\u00fcr\u00fcy\u00fc\u015f\u00fc, kitlelerin bir araya geli\u015fi,<span class=\"excerpt-hellip\"> [\u2026]<\/span><\/p>\n","protected":false},"featured_media":0,"template":"","meta":{"_monsterinsights_skip_tracking":false,"_monsterinsights_sitenote_active":false,"_monsterinsights_sitenote_note":"","_monsterinsights_sitenote_category":0},"product_brand":[],"product_cat":[12370,12304],"product_tag":[],"class_list":{"0":"post-695955","1":"product","2":"type-product","3":"status-publish","5":"product_cat-arastirma-inceleme","6":"product_cat-tarih","7":"pa_tur-kitap","8":"pa_yayinevi-iletisim-yayinlari","9":"pa_yazar-ufuk-bektas-karakaya","11":"first","12":"instock","13":"sale","14":"shipping-taxable","15":"purchasable","16":"product-type-simple"},"_links":{"self":[{"href":"https:\/\/roveyayinevi.com.tr\/index.php\/wp-json\/wp\/v2\/product\/695955","targetHints":{"allow":["GET"]}}],"collection":[{"href":"https:\/\/roveyayinevi.com.tr\/index.php\/wp-json\/wp\/v2\/product"}],"about":[{"href":"https:\/\/roveyayinevi.com.tr\/index.php\/wp-json\/wp\/v2\/types\/product"}],"wp:attachment":[{"href":"https:\/\/roveyayinevi.com.tr\/index.php\/wp-json\/wp\/v2\/media?parent=695955"}],"wp:term":[{"taxonomy":"product_brand","embeddable":true,"href":"https:\/\/roveyayinevi.com.tr\/index.php\/wp-json\/wp\/v2\/product_brand?post=695955"},{"taxonomy":"product_cat","embeddable":true,"href":"https:\/\/roveyayinevi.com.tr\/index.php\/wp-json\/wp\/v2\/product_cat?post=695955"},{"taxonomy":"product_tag","embeddable":true,"href":"https:\/\/roveyayinevi.com.tr\/index.php\/wp-json\/wp\/v2\/product_tag?post=695955"}],"curies":[{"name":"wp","href":"https:\/\/api.w.org\/{rel}","templated":true}]}}