{"id":695954,"date":"2025-08-27T14:32:02","date_gmt":"2025-08-27T11:32:02","guid":{"rendered":"https:\/\/roveyayinevi.com.tr\/index.php\/urun\/turkiyeli-kurtler-uzerine-yazilar\/"},"modified":"2026-04-16T02:05:49","modified_gmt":"2026-04-15T23:05:49","slug":"turkiyeli-kurtler-uzerine-yazilar","status":"publish","type":"product","link":"https:\/\/roveyayinevi.com.tr\/index.php\/urun\/turkiyeli-kurtler-uzerine-yazilar\/","title":{"rendered":"T\u00fcrkiyeli K\u00fcrtler \u00dczerine Yaz\u0131lar"},"content":{"rendered":"<p>Milliyet\u00e7ilik konusunda uzun y\u0131llard\u0131r \u00e7al\u0131\u015fan Bask\u0131n Oran, T\u00fcrkiyeli K\u00fcrtler \u00dczerine Yaz\u0131lar\u2019da K\u00fcrt sorunu \u00fczerine 1990\u2019lar\u0131n ortas\u0131ndan g\u00fcn\u00fcm\u00fcze kadar yazd\u0131\u011f\u0131 yaz\u0131lardan bir se\u00e7ki yap\u0131yor. D\u00f6nemin gazete kup\u00fcrleriyle zenginle\u015fen ve bir t\u00fcr bellek tazeleme \u0130\u015flevini de yerine getiren yaz\u0131larda Oran, neredeyse cumhuriyetin kurulu\u015fundan beri \u00fclkenin bo\u011fu\u015fup durdu\u011fu K\u00fcrt sorunu konusunda T\u00fcrkiye\u2019nin 1920\u2019ler, 1930\u2019lar kal\u0131plar\u0131ndan s\u0131yr\u0131lmas\u0131 gerekti\u011finin alt\u0131n\u0131 \u00e7izerek sorunu \u00e7e\u015fitli y\u00f6nlerden ele al\u0131yor: \u00dclkenin kurucu belgesi say\u0131lan Lozan Antla\u015fmas\u0131 a\u00e7\u0131s\u0131ndan yap\u0131lan\/yap\u0131lmayan\/yap\u0131lmas\u0131 gereken uygulamalar, ony\u0131llard\u0131r devam eden ancak hi\u00e7bir zaman tam anlam\u0131yla netice al\u0131namayan operasyonlar, benzer s\u0131k\u0131nt\u0131lar ya\u015fayan \u00fclkelerle kar\u015f\u0131la\u015ft\u0131rmalar, meselenin siyasal zeminlerde tart\u0131\u015f\u0131lmas\u0131 gereklili\u011fi, her alanda demokratikle\u015fmenin \u00f6nemi&#8230; Bask\u0131n Oran\u2019\u0131n, ge\u00e7mi\u015fe ayna tutan ve gelece\u011fi \u00f6ng\u00f6ren yaz\u0131lar\u0131ndan hem kendisinin d\u00fc\u015f\u00fcnce d\u00fcnyas\u0131n\u0131n geli\u015fimini hem de T\u00fcrkiye\u2019nin K\u00fcrt sorunu kar\u015f\u0131s\u0131ndaki yak\u0131n d\u00f6nem panoramas\u0131n\u0131 takip etmek m\u00fcmk\u00fcn. Sadece K\u00fcrt sorunuyla ilgilenenler i\u00e7in de\u011fil, yak\u0131n tarihe ilgi duyanlar i\u00e7in de \u00f6nemli bir kaynak&#8230; \ufffcTan\u0131t\u0131m Metni<\/p>\n","protected":false},"excerpt":{"rendered":"<p>Milliyet\u00e7ilik konusunda uzun y\u0131llard\u0131r \u00e7al\u0131\u015fan Bask\u0131n Oran, T\u00fcrkiyeli K\u00fcrtler \u00dczerine Yaz\u0131lar\u2019da K\u00fcrt sorunu \u00fczerine 1990\u2019lar\u0131n ortas\u0131ndan g\u00fcn\u00fcm\u00fcze kadar yazd\u0131\u011f\u0131 yaz\u0131lardan bir se\u00e7ki yap\u0131yor. D\u00f6nemin gazete kup\u00fcrleriyle<span class=\"excerpt-hellip\"> [\u2026]<\/span><\/p>\n","protected":false},"featured_media":0,"template":"","meta":{"_monsterinsights_skip_tracking":false,"_monsterinsights_sitenote_active":false,"_monsterinsights_sitenote_note":"","_monsterinsights_sitenote_category":0},"product_brand":[],"product_cat":[12337],"product_tag":[],"class_list":{"0":"post-695954","1":"product","2":"type-product","3":"status-publish","5":"product_cat-politika-siyaset","6":"pa_cilt-ciltsiz","7":"pa_tur-kitap","8":"pa_yayinevi-iletisim-yayinlari","9":"pa_yazar-baskin-oran","11":"first","12":"instock","13":"sale","14":"shipping-taxable","15":"purchasable","16":"product-type-simple"},"_links":{"self":[{"href":"https:\/\/roveyayinevi.com.tr\/index.php\/wp-json\/wp\/v2\/product\/695954","targetHints":{"allow":["GET"]}}],"collection":[{"href":"https:\/\/roveyayinevi.com.tr\/index.php\/wp-json\/wp\/v2\/product"}],"about":[{"href":"https:\/\/roveyayinevi.com.tr\/index.php\/wp-json\/wp\/v2\/types\/product"}],"wp:attachment":[{"href":"https:\/\/roveyayinevi.com.tr\/index.php\/wp-json\/wp\/v2\/media?parent=695954"}],"wp:term":[{"taxonomy":"product_brand","embeddable":true,"href":"https:\/\/roveyayinevi.com.tr\/index.php\/wp-json\/wp\/v2\/product_brand?post=695954"},{"taxonomy":"product_cat","embeddable":true,"href":"https:\/\/roveyayinevi.com.tr\/index.php\/wp-json\/wp\/v2\/product_cat?post=695954"},{"taxonomy":"product_tag","embeddable":true,"href":"https:\/\/roveyayinevi.com.tr\/index.php\/wp-json\/wp\/v2\/product_tag?post=695954"}],"curies":[{"name":"wp","href":"https:\/\/api.w.org\/{rel}","templated":true}]}}