{"id":695952,"date":"2025-08-27T14:32:02","date_gmt":"2025-08-27T11:32:02","guid":{"rendered":"https:\/\/roveyayinevi.com.tr\/index.php\/urun\/istirakiyuncular-komunistler-ve-pasa-hazretleri-moskova-ankara-londra-ucgeninde\/"},"modified":"2026-04-16T02:05:49","modified_gmt":"2026-04-15T23:05:49","slug":"istirakiyuncular-komunistler-ve-pasa-hazretleri-moskova-ankara-londra-ucgeninde","status":"publish","type":"product","link":"https:\/\/roveyayinevi.com.tr\/index.php\/urun\/istirakiyuncular-komunistler-ve-pasa-hazretleri-moskova-ankara-londra-ucgeninde\/","title":{"rendered":"\u0130\u015ftirakiyuncular, Kom\u00fcnistler ve Pa\u015fa Hazretleri: Moskova, Ankara, Londra \u00dc\u00e7geninde"},"content":{"rendered":"<p>Topu topu bir y\u0131ll\u0131k bir zaman dilimi: 1920 ilkbahar\u0131ndan, 1921 ilkbahar\u0131na kadar&#8230; Bu k\u0131sa s\u00fcrede, bu dar zamanda,  Yeni T\u00fcrkiye nin i\u00e7 politik sahnesi, Londra\u2019n\u0131n ve Moskova\u2019n\u0131n etkileri alt\u0131nda nas\u0131l bi\u00e7imlendi? Emel Akal\u2019\u0131n k\u0131l\u0131 k\u0131rk yaran ara\u015ft\u0131rmas\u0131 bu soruya \u0131\u015f\u0131k tutuyor. Ankara\u2019da bir istiklal harbi y\u00fcr\u00fcten ve kendini d\u00fcnyaya kabul ettirmeye \u00e7al\u0131\u015fan T\u00fcrkiye B\u00fcy\u00fck Millet Meclisi H\u00fck\u00fcmeti&#8230; Moskova\u2019da emperyalist merkezlerin ve devrim kar\u015f\u0131t\u0131 g\u00fc\u00e7lerin bask\u0131s\u0131 alt\u0131nda bunalan Bol\u015fevik liderli\u011fi&#8230; Ankara ile Moskova bu \u015fartlarda yak\u0131nla\u015f\u0131rken, Anadolu\u2019da saman alevi gibi yay\u0131lan Bol\u015fevik sempatisi&#8230; Olu\u015fum halindeki T\u00fcrkiye Kom\u00fcnist Partisi, pop\u00fclistsosyalist Halk \u0130\u015ftirakiyun F\u0131rkas\u0131 ve di\u011fer solcular\u0131n faaliyetleri&#8230; Mustafa Kemal Pa\u015fa ve \u00e7evresinin, sol ak\u0131m\u0131n etkileriyle, Enver Pa\u015fa\u2019n\u0131n giri\u015fimleriyle, Meclis\u2019teki muhafazak\u00e2r kanatla ve tabii Moskova ve Londra\u2019yla aras\u0131ndaki m\u00fccadele-uzla\u015fma gelgitleri i\u00e7inde iktidar\u0131n\u0131 peki\u015ftirme s\u00fcreci&#8230; TKP \u00f6nderi Mustafa Suphi\u2019yle arkada\u015flar\u0131n\u0131n \u00f6ld\u00fcr\u00fclmesi ve Meclis\u2019te ciddi bir g\u00fc\u00e7 haline gelmi\u015f olan Halk \u0130\u015ftirakiyun F\u0131rkas\u0131\u2019n\u0131n tasfiyesi, bu s\u00fcrecin hazin zirvesidir. \u0130\u015ftirakiyuncular, Kom\u00fcnistler ve Pa\u015fa Hazretleri\u2019ni bir siyasi polisiye heyecan\u0131yla okuyabilirsiniz. Olaylar\u0131n ger\u00e7ek oldu\u011funu bilmek kayd\u0131yla&#8230; <\/p>\n","protected":false},"excerpt":{"rendered":"<p>Topu topu bir y\u0131ll\u0131k bir zaman dilimi: 1920 ilkbahar\u0131ndan, 1921 ilkbahar\u0131na kadar&#8230; Bu k\u0131sa s\u00fcrede, bu dar zamanda, Yeni T\u00fcrkiye nin i\u00e7 politik sahnesi, Londra\u2019n\u0131n ve<span class=\"excerpt-hellip\"> [\u2026]<\/span><\/p>\n","protected":false},"featured_media":0,"template":"","meta":{"_monsterinsights_skip_tracking":false,"_monsterinsights_sitenote_active":false,"_monsterinsights_sitenote_note":"","_monsterinsights_sitenote_category":0},"product_brand":[],"product_cat":[12304,13493],"product_tag":[],"class_list":{"0":"post-695952","1":"product","2":"type-product","3":"status-publish","5":"product_cat-tarih","6":"product_cat-turkiye-ve-cumhuriyet-tarihi","7":"pa_cilt-ciltsiz","8":"pa_tur-kitap","9":"pa_yayinevi-iletisim-yayinlari","10":"pa_yazar-emel-akal","12":"first","13":"instock","14":"sale","15":"shipping-taxable","16":"purchasable","17":"product-type-simple"},"_links":{"self":[{"href":"https:\/\/roveyayinevi.com.tr\/index.php\/wp-json\/wp\/v2\/product\/695952","targetHints":{"allow":["GET"]}}],"collection":[{"href":"https:\/\/roveyayinevi.com.tr\/index.php\/wp-json\/wp\/v2\/product"}],"about":[{"href":"https:\/\/roveyayinevi.com.tr\/index.php\/wp-json\/wp\/v2\/types\/product"}],"wp:attachment":[{"href":"https:\/\/roveyayinevi.com.tr\/index.php\/wp-json\/wp\/v2\/media?parent=695952"}],"wp:term":[{"taxonomy":"product_brand","embeddable":true,"href":"https:\/\/roveyayinevi.com.tr\/index.php\/wp-json\/wp\/v2\/product_brand?post=695952"},{"taxonomy":"product_cat","embeddable":true,"href":"https:\/\/roveyayinevi.com.tr\/index.php\/wp-json\/wp\/v2\/product_cat?post=695952"},{"taxonomy":"product_tag","embeddable":true,"href":"https:\/\/roveyayinevi.com.tr\/index.php\/wp-json\/wp\/v2\/product_tag?post=695952"}],"curies":[{"name":"wp","href":"https:\/\/api.w.org\/{rel}","templated":true}]}}