{"id":695950,"date":"2025-08-27T14:32:01","date_gmt":"2025-08-27T11:32:01","guid":{"rendered":"https:\/\/roveyayinevi.com.tr\/index.php\/urun\/devlet-ve-kuzgun-1990lardan-2000lere-mhp\/"},"modified":"2026-04-16T02:05:49","modified_gmt":"2026-04-15T23:05:49","slug":"devlet-ve-kuzgun-1990lardan-2000lere-mhp","status":"publish","type":"product","link":"https:\/\/roveyayinevi.com.tr\/index.php\/urun\/devlet-ve-kuzgun-1990lardan-2000lere-mhp\/","title":{"rendered":"Devlet ve Kuzgun: 1990&#8217;lardan 2000&#8217;lere MHP"},"content":{"rendered":"<p>MHP i\u00e7in 1991 &#8211; 2003 d\u00f6nemi, \u00f6zel bir d\u00f6nemdi. B\u00fcy\u00fck bir pop\u00fclerle\u015fmenin tad\u0131na vard\u0131&#8230; Marjinallikten ,  merkez partisi  konumuna terfi etti&#8230;Tarihin en b\u00fcy\u00fck oy oran\u0131na eri\u015ferek h\u00fck\u00fcmet orta\u011f\u0131 oldu&#8230;Sonra 2002 sonunda yeniden parlamento d\u0131\u015f\u0131 kalarak a\u011f\u0131r bir krize girdi&#8230;Bu d\u00f6nem ayn\u0131 zamanda, hareketin korucu ve simge-lideri Alparslan T\u00fcrke\u015f\u2019in \u00f6l\u00fcm\u00fcn\u00fcn ve T\u00fcrke\u015f-sonras\u0131 bir MHP\u2019nin olu\u015fumunun ger\u00e7ekle\u015fti\u011fi bir d\u00f6nemdi. Devlet Ocak Derg\u00e2h adl\u0131 kitaplar\u0131nda \u00fclk\u00fcc\u00fc hareketin 12 Eyl\u00fcl 1980 sonras\u0131ndaki yakla\u015f\u0131k 10 y\u0131ll\u0131k krizli d\u00f6nemini ele alan Tan\u0131l Bora ve Kemal Can, Devlet ve Kuzgun\u2019da, MHP\u2019nin 1991 sonras\u0131 bu \u00f6zel d\u00f6nemi inceliyorlar. Kitap, bir cephesiyle, 1990\u2019l\u0131 y\u0131llar\u0131n \u2018ruhunu\u2019 te\u015frih masas\u0131na yat\u0131rmaktad\u0131r. 1990\u2019l\u0131 y\u0131llar, T\u00fcrkiye\u2019de milliyet\u00e7ili\u011fin yeni bir bahar ya\u015fad\u0131\u011f\u0131 bir d\u00f6nemdi. \u2018Yeni\u2019 MHP, bu d\u00f6nemin ruhuyla\/havas\u0131yla yeniden \u015fekillendi ve bizzat o ruhun\/havan\u0131n olu\u015fumuna katk\u0131da bulundu. T\u00fcrkiye\u2019ye yeni bir modernle\u015fme dalgas\u0131n\u0131n \u00e7arpt\u0131\u011f\u0131 bu d\u00f6nem, sadece MHP\u2019nin de\u011fil \u2018toplam\u2019 T\u00fcrk milliyet\u00e7ili\u011finin yeniden bi\u00e7imlenmesinde \u00f6zel bir \u00f6neme sahiptir. Dolay\u0131s\u0131yla, kitab\u0131, T\u00fcrkiye\u2019nin yak\u0131n siyasal tarihinin m\u00fchim bir ony\u0131l\u0131n\u0131n siyasal iklimine dair bir inceleme olarak da okumak m\u00fcmk\u00fcnd\u00fcr. Bu iklim \u00e7er\u00e7evesinde, MHP\/\u00fclk\u00fcc\u00fc hareketin \u00f6tesinde genel olarak T\u00fcrkiye\u2019de milliyet\u00e7ili\u011fin \u2018i\u015fleyi\u015fine\u2019 dair bir tart\u0131\u015fma olarak da okumak m\u00fcmk\u00fcnd\u00fcr. <\/p>\n","protected":false},"excerpt":{"rendered":"<p>MHP i\u00e7in 1991 &#8211; 2003 d\u00f6nemi, \u00f6zel bir d\u00f6nemdi. B\u00fcy\u00fck bir pop\u00fclerle\u015fmenin tad\u0131na vard\u0131&#8230; Marjinallikten , merkez partisi konumuna terfi etti&#8230;Tarihin en b\u00fcy\u00fck oy oran\u0131na eri\u015ferek<span class=\"excerpt-hellip\"> [\u2026]<\/span><\/p>\n","protected":false},"featured_media":0,"template":"","meta":{"_monsterinsights_skip_tracking":false,"_monsterinsights_sitenote_active":false,"_monsterinsights_sitenote_note":"","_monsterinsights_sitenote_category":0},"product_brand":[],"product_cat":[12304,13493],"product_tag":[],"class_list":{"0":"post-695950","1":"product","2":"type-product","3":"status-publish","5":"product_cat-tarih","6":"product_cat-turkiye-ve-cumhuriyet-tarihi","7":"pa_cilt-ciltsiz","8":"pa_tur-kitap","9":"pa_yayinevi-iletisim-yayinlari","10":"pa_yazar-kemal-can","11":"pa_yazar-tanil-bora","13":"first","14":"instock","15":"sale","16":"shipping-taxable","17":"purchasable","18":"product-type-simple"},"_links":{"self":[{"href":"https:\/\/roveyayinevi.com.tr\/index.php\/wp-json\/wp\/v2\/product\/695950","targetHints":{"allow":["GET"]}}],"collection":[{"href":"https:\/\/roveyayinevi.com.tr\/index.php\/wp-json\/wp\/v2\/product"}],"about":[{"href":"https:\/\/roveyayinevi.com.tr\/index.php\/wp-json\/wp\/v2\/types\/product"}],"wp:attachment":[{"href":"https:\/\/roveyayinevi.com.tr\/index.php\/wp-json\/wp\/v2\/media?parent=695950"}],"wp:term":[{"taxonomy":"product_brand","embeddable":true,"href":"https:\/\/roveyayinevi.com.tr\/index.php\/wp-json\/wp\/v2\/product_brand?post=695950"},{"taxonomy":"product_cat","embeddable":true,"href":"https:\/\/roveyayinevi.com.tr\/index.php\/wp-json\/wp\/v2\/product_cat?post=695950"},{"taxonomy":"product_tag","embeddable":true,"href":"https:\/\/roveyayinevi.com.tr\/index.php\/wp-json\/wp\/v2\/product_tag?post=695950"}],"curies":[{"name":"wp","href":"https:\/\/api.w.org\/{rel}","templated":true}]}}