{"id":695949,"date":"2025-08-27T14:32:01","date_gmt":"2025-08-27T11:32:01","guid":{"rendered":"https:\/\/roveyayinevi.com.tr\/index.php\/urun\/kirk-ambar-cilt-2-lehce-t-ul-hakayik\/"},"modified":"2026-04-16T02:05:49","modified_gmt":"2026-04-15T23:05:49","slug":"kirk-ambar-cilt-2-lehce-t-ul-hakayik","status":"publish","type":"product","link":"https:\/\/roveyayinevi.com.tr\/index.php\/urun\/kirk-ambar-cilt-2-lehce-t-ul-hakayik\/","title":{"rendered":"K\u0131rk Ambar: Cilt 2 Leh\u00e7e-t-\u00fcl Hakay\u0131k"},"content":{"rendered":"<p>R\u00fcmuz-\u00fcl Edeb\u2019in bir t\u00fcr edebiyat tarihi olmas\u0131na kar\u015f\u0131n Leh\u00e7e-t-\u00fcl Hakay\u0131k bir t\u00fcr d\u00fc\u015f\u00fcnceler tarihi. K\u0131rk Ambar\u2019\u0131n bu yeni 2. cildi, 1980\u2019de yay\u0131mlanan ve tek bir bask\u0131 yapan K\u0131rk Ambar 2 nin ikinci b\u00f6l\u00fcm\u00fcnde ele al\u0131nan konular\u0131n yeni konularla zenginle\u015fti\u011fi, 1981 y\u0131l\u0131nda Ankara\u2019da bir kez bas\u0131lan Bir Facian\u0131n Hik\u00e2yesi adl\u0131 kitab\u0131n i\u00e7eri\u011finin de bu konulara eklendi\u011fi \u00e7ok daha kapsaml\u0131 ve tamamen g\u00f6zden ge\u00e7irilmi\u015f bir hali. Cemil Meri\u00e7\u2019in ele ald\u0131\u011f\u0131 bir\u00e7ok konu bug\u00fcn de g\u00fcncelli\u011fini koruyor, bug\u00fcn de o konular\u0131n \u00e7e\u015fitlili\u011finden ve i\u00e7erdikleri kimi d\u00fc\u015f\u00fcncelerden yararlanmak pek\u00e2l\u00e2 m\u00fcmk\u00fcn. Cemil Meri\u00e7 okuyucusunu, bir kez daha, d\u00fc\u015f\u00fcnenlerin d\u00fc\u015f\u00fcncesini d\u00fc\u015f\u00fcnmeye, sonra da onlar\u0131n tesirinden kurtularak kendi kafas\u0131yla d\u00fc\u015f\u00fcnmeye ve hi\u00e7bir g\u00f6r\u00fc\u015f\u00fcn esiri olmamaya davet ediyor. Ayd\u0131n\u0131 ayd\u0131n yapan da uyan\u0131k bir \u015fuur, tetikte bir dikkat ve hakikatin b\u00fct\u00fcn\u00fcn\u00fc kucaklamaya \u00e7al\u0131\u015fan bir tecess\u00fcs de\u011fil mi?<\/p>\n","protected":false},"excerpt":{"rendered":"<p>R\u00fcmuz-\u00fcl Edeb\u2019in bir t\u00fcr edebiyat tarihi olmas\u0131na kar\u015f\u0131n Leh\u00e7e-t-\u00fcl Hakay\u0131k bir t\u00fcr d\u00fc\u015f\u00fcnceler tarihi. K\u0131rk Ambar\u2019\u0131n bu yeni 2. cildi, 1980\u2019de yay\u0131mlanan ve tek bir bask\u0131<span class=\"excerpt-hellip\"> [\u2026]<\/span><\/p>\n","protected":false},"featured_media":0,"template":"","meta":{"_monsterinsights_skip_tracking":false,"_monsterinsights_sitenote_active":false,"_monsterinsights_sitenote_note":"","_monsterinsights_sitenote_category":0},"product_brand":[],"product_cat":[12777,12291],"product_tag":[],"class_list":{"0":"post-695949","1":"product","2":"type-product","3":"status-publish","5":"product_cat-deneme","6":"product_cat-edebiyat","7":"pa_cilt-ciltsiz","8":"pa_tur-kitap","9":"pa_yayinevi-iletisim-yayinlari","10":"pa_yazar-cemil-meric","12":"first","13":"instock","14":"sale","15":"shipping-taxable","16":"purchasable","17":"product-type-simple"},"_links":{"self":[{"href":"https:\/\/roveyayinevi.com.tr\/index.php\/wp-json\/wp\/v2\/product\/695949","targetHints":{"allow":["GET"]}}],"collection":[{"href":"https:\/\/roveyayinevi.com.tr\/index.php\/wp-json\/wp\/v2\/product"}],"about":[{"href":"https:\/\/roveyayinevi.com.tr\/index.php\/wp-json\/wp\/v2\/types\/product"}],"wp:attachment":[{"href":"https:\/\/roveyayinevi.com.tr\/index.php\/wp-json\/wp\/v2\/media?parent=695949"}],"wp:term":[{"taxonomy":"product_brand","embeddable":true,"href":"https:\/\/roveyayinevi.com.tr\/index.php\/wp-json\/wp\/v2\/product_brand?post=695949"},{"taxonomy":"product_cat","embeddable":true,"href":"https:\/\/roveyayinevi.com.tr\/index.php\/wp-json\/wp\/v2\/product_cat?post=695949"},{"taxonomy":"product_tag","embeddable":true,"href":"https:\/\/roveyayinevi.com.tr\/index.php\/wp-json\/wp\/v2\/product_tag?post=695949"}],"curies":[{"name":"wp","href":"https:\/\/api.w.org\/{rel}","templated":true}]}}