{"id":695946,"date":"2025-08-27T14:32:00","date_gmt":"2025-08-27T11:32:00","guid":{"rendered":"https:\/\/roveyayinevi.com.tr\/index.php\/urun\/istanbul-gezi-rehberi\/"},"modified":"2026-04-16T02:05:49","modified_gmt":"2026-04-15T23:05:49","slug":"istanbul-gezi-rehberi","status":"publish","type":"product","link":"https:\/\/roveyayinevi.com.tr\/index.php\/urun\/istanbul-gezi-rehberi\/","title":{"rendered":"\u0130stanbul Gezi Rehberi"},"content":{"rendered":"<p>D\u00fcnyan\u0131n en eski yerle\u015fim merkezlerinden biri olan \u0130stanbul, tarih boyunca i\u00e7inden \u00e7e\u015fitli medeniyetler ge\u00e7en; Bizans, Osmanl\u0131 gibi b\u00fcy\u00fck imparatorluklara ba\u015fkentlik yapm\u0131\u015f ola\u011fan\u00fcst\u00fc tarih\u00ee dokuya sahip bir kent. Ve bug\u00fcnk\u00fc \u0130stanbul\u2019da, bu ya\u015fam ke\u015fmeke\u015finin i\u00e7inde g\u00f6z\u00fcm\u00fczden ka\u00e7an, haberimizin bile olmad\u0131\u011f\u0131 bu m\u00fcthi\u015f tarih\u00ee zenginlik h\u00e2l\u00e2 yerli yerinde duruyor. Sava\u015flardan, yang\u0131nlardan, depremlerden sa\u011f kurtulmu\u015f, yaral\u0131 \u00e7\u0131km\u0131\u015f bir\u00e7ok bina h\u0131zla yenilenen kentin dinami\u011fine direnerek bir kenarda sessiz sedas\u0131z varl\u0131\u011f\u0131n\u0131 s\u00fcrd\u00fcr\u00fcyor. Murat Belge bu rehber kitapta \u0130stanbul\u2019un e\u015fsiz zenginli\u011fini, o kendine has \u00fcsl\u00fbbuyla, aralara serpi\u015ftirdi\u011fi ilgin\u00e7 hik\u00e2yeler ve tarih\u00ee dedikodularla , Pera, tarih\u00ee yar\u0131mada, Bo\u011fazi\u00e7i, \u00dcsk\u00fcdar gibi eski yerle\u015fim merkezlerinin yan\u0131 s\u0131ra Pendik\u2019e, Florya\u2019ya, K\u00fc\u00e7\u00fck\u00e7ekmece\u2019ye, Kilyos\u2019a, hatta Polonezk\u00f6y\u2019e kadar uzanan bir g\u00fczerg\u00e2hta g\u00f6zler \u00f6n\u00fcne seriyor. Yeditepeli \u015fehir \u0130stanbul\u2019u tepe tepe gezmek isteyenler ya da gezmeden bilmek isteyenler i\u00e7in&#8230; \ufffcTan\u0131t\u0131m Metni<\/p>\n","protected":false},"excerpt":{"rendered":"<p>D\u00fcnyan\u0131n en eski yerle\u015fim merkezlerinden biri olan \u0130stanbul, tarih boyunca i\u00e7inden \u00e7e\u015fitli medeniyetler ge\u00e7en; Bizans, Osmanl\u0131 gibi b\u00fcy\u00fck imparatorluklara ba\u015fkentlik yapm\u0131\u015f ola\u011fan\u00fcst\u00fc tarih\u00ee dokuya sahip bir<span class=\"excerpt-hellip\"> [\u2026]<\/span><\/p>\n","protected":false},"featured_media":0,"template":"","meta":{"_monsterinsights_skip_tracking":false,"_monsterinsights_sitenote_active":false,"_monsterinsights_sitenote_note":"","_monsterinsights_sitenote_category":0},"product_brand":[],"product_cat":[13055,13054],"product_tag":[],"class_list":{"0":"post-695946","1":"product","2":"type-product","3":"status-publish","5":"product_cat-gezi-rehberi","6":"product_cat-gezi-ve-rehber-kitaplari","7":"pa_cilt-ciltsiz","8":"pa_tur-kitap","9":"pa_yayinevi-iletisim-yayinlari","10":"pa_yazar-murat-belge","12":"first","13":"instock","14":"sale","15":"shipping-taxable","16":"purchasable","17":"product-type-simple"},"_links":{"self":[{"href":"https:\/\/roveyayinevi.com.tr\/index.php\/wp-json\/wp\/v2\/product\/695946","targetHints":{"allow":["GET"]}}],"collection":[{"href":"https:\/\/roveyayinevi.com.tr\/index.php\/wp-json\/wp\/v2\/product"}],"about":[{"href":"https:\/\/roveyayinevi.com.tr\/index.php\/wp-json\/wp\/v2\/types\/product"}],"wp:attachment":[{"href":"https:\/\/roveyayinevi.com.tr\/index.php\/wp-json\/wp\/v2\/media?parent=695946"}],"wp:term":[{"taxonomy":"product_brand","embeddable":true,"href":"https:\/\/roveyayinevi.com.tr\/index.php\/wp-json\/wp\/v2\/product_brand?post=695946"},{"taxonomy":"product_cat","embeddable":true,"href":"https:\/\/roveyayinevi.com.tr\/index.php\/wp-json\/wp\/v2\/product_cat?post=695946"},{"taxonomy":"product_tag","embeddable":true,"href":"https:\/\/roveyayinevi.com.tr\/index.php\/wp-json\/wp\/v2\/product_tag?post=695946"}],"curies":[{"name":"wp","href":"https:\/\/api.w.org\/{rel}","templated":true}]}}