{"id":695941,"date":"2025-08-27T14:31:58","date_gmt":"2025-08-27T11:31:58","guid":{"rendered":"https:\/\/roveyayinevi.com.tr\/index.php\/urun\/resimli-atasozleri-ve-deyimler-sozlugu\/"},"modified":"2026-04-16T02:05:49","modified_gmt":"2026-04-15T23:05:49","slug":"resimli-atasozleri-ve-deyimler-sozlugu","status":"publish","type":"product","link":"https:\/\/roveyayinevi.com.tr\/index.php\/urun\/resimli-atasozleri-ve-deyimler-sozlugu\/","title":{"rendered":"Resimli Atas\u00f6zleri ve Deyimler S\u00f6zl\u00fc\u011f\u00fc"},"content":{"rendered":"<p>&#8211; Bu resimli Atas\u00f6zleri ve Deyimler S\u00f6zl\u00fc\u011f\u00fc ilk\u00f6\u011fretim \u00f6\u011frencileri i\u00e7in haz\u0131rlanm\u0131\u015ft\u0131r. &#8211; S\u00f6zl\u00fckte en \u00e7ok kullan\u0131lan yakla\u015f\u0131k 3500 atas\u00f6z\u00fc ve deyim yer alm\u0131\u015ft\u0131r. &#8211; B\u00fct\u00fcn atas\u00f6z\u00fc ve deyimlerin a\u00e7\u0131klanmas\u0131 yap\u0131lm\u0131\u015f, deyimlerin daha kolay anla\u015f\u0131labilmesi i\u00e7in \u00f6rnek c\u00fcmleler verilmi\u015ftir. &#8211; Atas\u00f6zleri ve deyimlerin \u00e7ocuklar taraf\u0131ndan daha b\u00fcy\u00fck bir zevkle okunabilmesi i\u00e7in resimler yap\u0131lm\u0131\u015ft\u0131r. &#8211; Bu y\u00f6n\u00fcyle bu \u00e7al\u0131\u015fma, resimli olarak haz\u0131rlanan ilk Atas\u00f6zleri ve Deyimler s\u00f6zl\u00fc\u011f\u00fcd\u00fcr. \ufffcTan\u0131t\u0131m Metni<\/p>\n","protected":false},"excerpt":{"rendered":"<p>&#8211; Bu resimli Atas\u00f6zleri ve Deyimler S\u00f6zl\u00fc\u011f\u00fc ilk\u00f6\u011fretim \u00f6\u011frencileri i\u00e7in haz\u0131rlanm\u0131\u015ft\u0131r. &#8211; S\u00f6zl\u00fckte en \u00e7ok kullan\u0131lan yakla\u015f\u0131k 3500 atas\u00f6z\u00fc ve deyim yer alm\u0131\u015ft\u0131r. &#8211; B\u00fct\u00fcn atas\u00f6z\u00fc<span class=\"excerpt-hellip\"> [\u2026]<\/span><\/p>\n","protected":false},"featured_media":0,"template":"","meta":{"_monsterinsights_skip_tracking":false,"_monsterinsights_sitenote_active":false,"_monsterinsights_sitenote_note":"","_monsterinsights_sitenote_category":0},"product_brand":[],"product_cat":[19532,12566,13611],"product_tag":[],"class_list":{"0":"post-695941","1":"product","2":"type-product","3":"status-publish","5":"product_cat-atasozleri-deyimler-ve-terimleri-sozlugu","6":"product_cat-egitim","7":"product_cat-sozlukler-ve-konusma-kilavuzlari","8":"pa_tur-kitap","9":"pa_yayinevi-engin-yayinevi","10":"pa_yazar-mehmet-hengirmen","12":"first","13":"instock","14":"sale","15":"shipping-taxable","16":"purchasable","17":"product-type-simple"},"_links":{"self":[{"href":"https:\/\/roveyayinevi.com.tr\/index.php\/wp-json\/wp\/v2\/product\/695941","targetHints":{"allow":["GET"]}}],"collection":[{"href":"https:\/\/roveyayinevi.com.tr\/index.php\/wp-json\/wp\/v2\/product"}],"about":[{"href":"https:\/\/roveyayinevi.com.tr\/index.php\/wp-json\/wp\/v2\/types\/product"}],"wp:attachment":[{"href":"https:\/\/roveyayinevi.com.tr\/index.php\/wp-json\/wp\/v2\/media?parent=695941"}],"wp:term":[{"taxonomy":"product_brand","embeddable":true,"href":"https:\/\/roveyayinevi.com.tr\/index.php\/wp-json\/wp\/v2\/product_brand?post=695941"},{"taxonomy":"product_cat","embeddable":true,"href":"https:\/\/roveyayinevi.com.tr\/index.php\/wp-json\/wp\/v2\/product_cat?post=695941"},{"taxonomy":"product_tag","embeddable":true,"href":"https:\/\/roveyayinevi.com.tr\/index.php\/wp-json\/wp\/v2\/product_tag?post=695941"}],"curies":[{"name":"wp","href":"https:\/\/api.w.org\/{rel}","templated":true}]}}