{"id":695932,"date":"2025-08-27T14:31:56","date_gmt":"2025-08-27T11:31:56","guid":{"rendered":"https:\/\/roveyayinevi.com.tr\/index.php\/urun\/ogrenciler-icin-resimli-nutuk\/"},"modified":"2026-04-16T02:05:48","modified_gmt":"2026-04-15T23:05:48","slug":"ogrenciler-icin-resimli-nutuk","status":"publish","type":"product","link":"https:\/\/roveyayinevi.com.tr\/index.php\/urun\/ogrenciler-icin-resimli-nutuk\/","title":{"rendered":"\u00d6\u011frenciler \u0130\u00e7in Resimli Nutuk"},"content":{"rendered":"<p>Atat\u00fcrk Nutuk\u2019ta 19 May\u0131s 1919\u2019da Samsuna \u00e7\u0131kt\u0131\u011f\u0131nda memleketin i\u00e7inde bulundu\u011fu durumu belirtir. Daha sonra 1927\u2019ye kadar olan zorlu s\u00fcreci belgelerle anlat\u0131r. Bu nedenle Nutuk tarihe y\u00f6n veren bir liderin kendi c\u00fcmleleriyle anlatt\u0131\u011f\u0131 bir kahramanl\u0131k hikayesidir. Bu hikayede her\u015fey ger\u00e7ektir ve belgelerle anlat\u0131lm\u0131\u015ft\u0131r. Bu eserin \u00e7ocuklar\u0131m\u0131z ve gen\u00e7lerimiz taraf\u0131ndan rahatl\u0131kla okunabilmesi i\u00e7in metin sadele\u015ftirilerek verilmi\u015ftir. <\/p>\n","protected":false},"excerpt":{"rendered":"<p>Atat\u00fcrk Nutuk\u2019ta 19 May\u0131s 1919\u2019da Samsuna \u00e7\u0131kt\u0131\u011f\u0131nda memleketin i\u00e7inde bulundu\u011fu durumu belirtir. Daha sonra 1927\u2019ye kadar olan zorlu s\u00fcreci belgelerle anlat\u0131r. Bu nedenle Nutuk tarihe y\u00f6n<span class=\"excerpt-hellip\"> [\u2026]<\/span><\/p>\n","protected":false},"featured_media":0,"template":"","meta":{"_monsterinsights_skip_tracking":false,"_monsterinsights_sitenote_active":false,"_monsterinsights_sitenote_note":"","_monsterinsights_sitenote_category":0},"product_brand":[],"product_cat":[12530,12304],"product_tag":[],"class_list":{"0":"post-695932","1":"product","2":"type-product","3":"status-publish","5":"product_cat-mustafa-kemal-ataturk","6":"product_cat-tarih","7":"pa_tur-kitap","8":"pa_yayinevi-engin-yayinevi","9":"pa_yazar-kolektif","11":"first","12":"instock","13":"sale","14":"shipping-taxable","15":"purchasable","16":"product-type-simple"},"_links":{"self":[{"href":"https:\/\/roveyayinevi.com.tr\/index.php\/wp-json\/wp\/v2\/product\/695932","targetHints":{"allow":["GET"]}}],"collection":[{"href":"https:\/\/roveyayinevi.com.tr\/index.php\/wp-json\/wp\/v2\/product"}],"about":[{"href":"https:\/\/roveyayinevi.com.tr\/index.php\/wp-json\/wp\/v2\/types\/product"}],"wp:attachment":[{"href":"https:\/\/roveyayinevi.com.tr\/index.php\/wp-json\/wp\/v2\/media?parent=695932"}],"wp:term":[{"taxonomy":"product_brand","embeddable":true,"href":"https:\/\/roveyayinevi.com.tr\/index.php\/wp-json\/wp\/v2\/product_brand?post=695932"},{"taxonomy":"product_cat","embeddable":true,"href":"https:\/\/roveyayinevi.com.tr\/index.php\/wp-json\/wp\/v2\/product_cat?post=695932"},{"taxonomy":"product_tag","embeddable":true,"href":"https:\/\/roveyayinevi.com.tr\/index.php\/wp-json\/wp\/v2\/product_tag?post=695932"}],"curies":[{"name":"wp","href":"https:\/\/api.w.org\/{rel}","templated":true}]}}