{"id":695927,"date":"2025-08-27T14:31:55","date_gmt":"2025-08-27T11:31:55","guid":{"rendered":"https:\/\/roveyayinevi.com.tr\/index.php\/urun\/resimli-ingilizce-turkce-sozluk\/"},"modified":"2026-04-16T02:05:48","modified_gmt":"2026-04-15T23:05:48","slug":"resimli-ingilizce-turkce-sozluk","status":"publish","type":"product","link":"https:\/\/roveyayinevi.com.tr\/index.php\/urun\/resimli-ingilizce-turkce-sozluk\/","title":{"rendered":"Resimli \u0130ngilizce &#8211; T\u00fcrk\u00e7e S\u00f6zl\u00fck"},"content":{"rendered":"<p>\u0130lk\u00f6\u011fretim 4-5. s\u0131n\u0131f \u00f6\u011frencilerinin \u0130ngilizceyi \u00f6\u011frenebilmelerine yard\u0131mc\u0131 olmak amac\u0131yla haz\u0131rlanan resimli s\u00f6zl\u00fc\u011f\u00fcn \u00f6zellikleri k\u0131saca \u015f\u00f6yledir: &#8211; S\u00f6zl\u00fckte \u00fc\u00e7 binden fazla \u0130ngilizce s\u00f6zc\u00fck T\u00fcrk\u00e7e okunu\u015flar\u0131yla verilmi\u015ftir. &#8211; S\u00f6zc\u00fcklerin kolay anla\u015f\u0131labilmesi i\u00e7in her s\u00f6zc\u00fck i\u00e7in \u00f6rnek c\u00fcmleler konmu\u015ftur. &#8211; S\u00f6zl\u00fckte binden fazla resim yer alm\u0131\u015ft\u0131r. &#8211; Bu s\u00f6zl\u00fc\u011f\u00fcn bug\u00fcne kadar haz\u0131rlanan di\u011fer s\u00f6zl\u00fcklerden daha iyi olabilmesi i\u00e7in her t\u00fcrl\u00fc \u00f6zen g\u00f6sterilmi\u015ftir. <\/p>\n","protected":false},"excerpt":{"rendered":"<p>\u0130lk\u00f6\u011fretim 4-5. s\u0131n\u0131f \u00f6\u011frencilerinin \u0130ngilizceyi \u00f6\u011frenebilmelerine yard\u0131mc\u0131 olmak amac\u0131yla haz\u0131rlanan resimli s\u00f6zl\u00fc\u011f\u00fcn \u00f6zellikleri k\u0131saca \u015f\u00f6yledir: &#8211; S\u00f6zl\u00fckte \u00fc\u00e7 binden fazla \u0130ngilizce s\u00f6zc\u00fck T\u00fcrk\u00e7e okunu\u015flar\u0131yla verilmi\u015ftir. &#8211;<span class=\"excerpt-hellip\"> [\u2026]<\/span><\/p>\n","protected":false},"featured_media":0,"template":"","meta":{"_monsterinsights_skip_tracking":false,"_monsterinsights_sitenote_active":false,"_monsterinsights_sitenote_note":"","_monsterinsights_sitenote_category":0},"product_brand":[],"product_cat":[12566,15788,13611],"product_tag":[],"class_list":{"0":"post-695927","1":"product","2":"type-product","3":"status-publish","5":"product_cat-egitim","6":"product_cat-ingilizce-sozlukler","7":"product_cat-sozlukler-ve-konusma-kilavuzlari","8":"pa_tur-kitap","9":"pa_yayinevi-engin-yayinevi","10":"pa_yazar-mualla-uygur","12":"first","13":"instock","14":"sale","15":"shipping-taxable","16":"purchasable","17":"product-type-simple"},"_links":{"self":[{"href":"https:\/\/roveyayinevi.com.tr\/index.php\/wp-json\/wp\/v2\/product\/695927","targetHints":{"allow":["GET"]}}],"collection":[{"href":"https:\/\/roveyayinevi.com.tr\/index.php\/wp-json\/wp\/v2\/product"}],"about":[{"href":"https:\/\/roveyayinevi.com.tr\/index.php\/wp-json\/wp\/v2\/types\/product"}],"wp:attachment":[{"href":"https:\/\/roveyayinevi.com.tr\/index.php\/wp-json\/wp\/v2\/media?parent=695927"}],"wp:term":[{"taxonomy":"product_brand","embeddable":true,"href":"https:\/\/roveyayinevi.com.tr\/index.php\/wp-json\/wp\/v2\/product_brand?post=695927"},{"taxonomy":"product_cat","embeddable":true,"href":"https:\/\/roveyayinevi.com.tr\/index.php\/wp-json\/wp\/v2\/product_cat?post=695927"},{"taxonomy":"product_tag","embeddable":true,"href":"https:\/\/roveyayinevi.com.tr\/index.php\/wp-json\/wp\/v2\/product_tag?post=695927"}],"curies":[{"name":"wp","href":"https:\/\/api.w.org\/{rel}","templated":true}]}}