{"id":695891,"date":"2025-08-27T14:31:46","date_gmt":"2025-08-27T11:31:46","guid":{"rendered":"https:\/\/roveyayinevi.com.tr\/index.php\/urun\/kadin-erkek-iliskilerinde-sorunlar-ve-cozumleri\/"},"modified":"2026-04-16T02:05:48","modified_gmt":"2026-04-15T23:05:48","slug":"kadin-erkek-iliskilerinde-sorunlar-ve-cozumleri","status":"publish","type":"product","link":"https:\/\/roveyayinevi.com.tr\/index.php\/urun\/kadin-erkek-iliskilerinde-sorunlar-ve-cozumleri\/","title":{"rendered":"Kad\u0131n Erkek \u0130li\u015fkilerinde Sorunlar ve \u00c7\u00f6z\u00fcmleri"},"content":{"rendered":"<p>A\u015f\u0131k olan herkes, a\u015fk\u0131n\u0131n sonsuza kadar s\u00fcrece\u011fine inanmak ister. Ne var ki, ac\u0131mas\u0131z istatistikler, evlenme ile sonu\u00e7lanan a\u015fklar\u0131n \u00f6nemli bir b\u00f6l\u00fcm\u00fcn\u00fcn bo\u015fanma ile sonlanabildi\u011fini ortaya koymaktad\u0131r. Elinizdeki kitap, \u00e7iftler aras\u0131 ili\u015fkilerin mutlu bir bi\u00e7imde devam\u0131 i\u00e7in gerekli bilgi ve beceriler \u00fczerine odaklanmas\u0131n\u0131n yan\u0131 s\u0131ra sadakatsizlik, k\u0131skan\u00e7l\u0131k ve cinsel sorunlar gibi alanlara da de\u011finmekte ve ya\u015fam olaylar\u0131yla \u00e7e\u015fitli sorun alanlar\u0131 aras\u0131nda ba\u011flar kurmaktad\u0131r. Hem \u00e7iftlerle \u00e7al\u0131\u015fan profesyonellere hem de e\u015flere yararl\u0131 olabilecek pratik, de\u011ferli bir kitap. -Prof. Dr. Mehmet Sungur- \u0130nsan dili, \u0131rk\u0131, dini, ki\u015fili\u011fi vb. gibi pek \u00e7ok \u00f6zelli\u011fi a\u00e7\u0131s\u0131ndan birbirinden farkl\u0131 olsa da sevmek ve sevilmek gibi bir ihtiyac\u0131 olma noktas\u0131nda ayn\u0131la\u015f\u0131r. Yeti\u015fkinlik d\u00f6neminde bu ihtiya\u00e7 kar\u015f\u0131 cinsle ili\u015fki formunda kendini g\u00f6sterir. Elinizdeki bu kitap her insan\u0131n temel ihtiya\u00e7lar\u0131ndan birinin doyurulmas\u0131 gibi do\u011fal ancak ger\u00e7ekle\u015ftirilmesi kendili\u011finden oluvermeyen bir ya\u015fam g\u00f6revinde bizlere rehberlik etmek \u00fczere olu\u015fturulmu\u015ftur. Birinci bask\u0131s\u0131 T\u00fcrkiye\u2019de i\u015flenmemi\u015f psikoloji konular\u0131n\u0131 i\u00e7eren Morpa yay\u0131nlar\u0131ndan \u00e7\u0131kan14 kitapl\u0131k bir psikoloji dizisinin par\u00e7as\u0131 olarak yazara taraf\u0131mdan \u00f6nerilmi\u015fti. Say\u0131n Kavuncu, bilgi, deneyim ve usta \u00fcslub\u00fc ile bu hayalimi ve hepimizin ihtiyac\u0131n\u0131 fiziksel bir b\u00fct\u00fcnl\u00fc\u011fe d\u00f6n\u00fc\u015ft\u00fcrd\u00fc. Kitab\u0131 de\u011ferli ve \u00f6nemli k\u0131lan \u00f6zellikleri alan\u0131nda T\u00fcrk\u00e7e de az olan bir konuda yaz\u0131lm\u0131\u015f olmas\u0131n\u0131n d\u0131\u015f\u0131nda, sa\u011flam bilimsel temele dayanmas\u0131, teoriden uygulamaya gidi\u015f geli\u015flerle konuyu b\u00fct\u00fcnl\u00fck i\u00e7inde ele alabilmesi ve hi\u00e7 s\u0131k\u0131lmadan, zihniniz da\u011f\u0131lmadan okunur olmas\u0131d\u0131r. Diyelim ki daimi veya de\u011fi\u015fen mutlu bir ili\u015fki ya\u015fad\u0131\u011f\u0131n\u0131z e\u015finiz var. Bu kitap size bu ili\u015fkiyi nas\u0131l ve neden kurgulad\u0131\u011f\u0131n\u0131z\u0131 anlaman\u0131za yard\u0131m ederek bu mutlu beraberli\u011fi kaybetmemenizi sa\u011flayacakt\u0131r. Diyelim ki mutlu ve s\u00fcrekli bir kar\u015f\u0131 cins beraberli\u011fini hen\u00fcz olu\u015fturamad\u0131n\u0131z, bu kitap size bunun neden ve nas\u0131l olmad\u0131\u011f\u0131n\u0131 ke\u015ffetme kap\u0131s\u0131n\u0131 aralayacakt\u0131r. Bu \u015f\u0131klar\u0131n hi\u00e7biri size uymuyorsa kendinize ve genel k\u00fclt\u00fcr\u00fcn\u00fcze bir katk\u0131da bulunacakt\u0131r. Bu az bir \u015fey mi? Kas\u0131m 2010, \u0130stanbul -Prof. Dr. A. Esra Aslan-, Marmara \u00dcniversitesi Rehberlik ve Psikolojik Dan\u0131\u015fma Anabilim Dal\u0131 Ba\u015fkan\u0131 \ufffcTan\u0131t\u0131m Metni<\/p>\n","protected":false},"excerpt":{"rendered":"<p>A\u015f\u0131k olan herkes, a\u015fk\u0131n\u0131n sonsuza kadar s\u00fcrece\u011fine inanmak ister. Ne var ki, ac\u0131mas\u0131z istatistikler, evlenme ile sonu\u00e7lanan a\u015fklar\u0131n \u00f6nemli bir b\u00f6l\u00fcm\u00fcn\u00fcn bo\u015fanma ile sonlanabildi\u011fini ortaya koymaktad\u0131r.<span class=\"excerpt-hellip\"> [\u2026]<\/span><\/p>\n","protected":false},"featured_media":0,"template":"","meta":{"_monsterinsights_skip_tracking":false,"_monsterinsights_sitenote_active":false,"_monsterinsights_sitenote_note":"","_monsterinsights_sitenote_category":0},"product_brand":[],"product_cat":[26396,13488],"product_tag":[],"class_list":{"0":"post-695891","1":"product","2":"type-product","3":"status-publish","5":"product_cat-kadin-erkek-iliskileri","6":"product_cat-toplum-ve-insan","7":"pa_tur-kitap","8":"pa_yayinevi-efil-yayinevi","9":"pa_yazar-nur-velidedeoglu-kavuncu","11":"first","12":"instock","13":"sale","14":"shipping-taxable","15":"purchasable","16":"product-type-simple"},"_links":{"self":[{"href":"https:\/\/roveyayinevi.com.tr\/index.php\/wp-json\/wp\/v2\/product\/695891","targetHints":{"allow":["GET"]}}],"collection":[{"href":"https:\/\/roveyayinevi.com.tr\/index.php\/wp-json\/wp\/v2\/product"}],"about":[{"href":"https:\/\/roveyayinevi.com.tr\/index.php\/wp-json\/wp\/v2\/types\/product"}],"wp:attachment":[{"href":"https:\/\/roveyayinevi.com.tr\/index.php\/wp-json\/wp\/v2\/media?parent=695891"}],"wp:term":[{"taxonomy":"product_brand","embeddable":true,"href":"https:\/\/roveyayinevi.com.tr\/index.php\/wp-json\/wp\/v2\/product_brand?post=695891"},{"taxonomy":"product_cat","embeddable":true,"href":"https:\/\/roveyayinevi.com.tr\/index.php\/wp-json\/wp\/v2\/product_cat?post=695891"},{"taxonomy":"product_tag","embeddable":true,"href":"https:\/\/roveyayinevi.com.tr\/index.php\/wp-json\/wp\/v2\/product_tag?post=695891"}],"curies":[{"name":"wp","href":"https:\/\/api.w.org\/{rel}","templated":true}]}}