{"id":695888,"date":"2025-08-27T14:31:45","date_gmt":"2025-08-27T11:31:45","guid":{"rendered":"https:\/\/roveyayinevi.com.tr\/index.php\/urun\/iktisat-ve-toplumsal-cinsiyet\/"},"modified":"2026-04-16T02:05:48","modified_gmt":"2026-04-15T23:05:48","slug":"iktisat-ve-toplumsal-cinsiyet","status":"publish","type":"product","link":"https:\/\/roveyayinevi.com.tr\/index.php\/urun\/iktisat-ve-toplumsal-cinsiyet\/","title":{"rendered":"\u0130ktisat ve Toplumsal Cinsiyet"},"content":{"rendered":"<p>\u0130ktisatve toplumsal cinsiyet iktisat yaz\u0131n\u0131nda, \u00f6zellikle T\u00fcrkiye\u2019deki iktisat yaz\u0131n\u0131nda bir arada telaffuzu hala (ciddi) genel kabul g\u00f6rm\u00fc\u015f iki terim de\u011fil. Di\u011fer toplumsal disiplinlerde toplumsal cinsiyet analizleri ile bir aradal\u0131k bu denli g\u00fc\u00e7l\u00fc bir dirence muhattap olmazken iktisad\u0131n buna direni\u015fi elbetteki tesad\u00fcfi de\u011fil: \u00d6z\u00fcnde, fark\u0131nda olunmasa ya da a\u00e7\u0131k\u00e7a deklare edilmese de egemenin iktidar\u0131n\u0131 s\u00fcrd\u00fcrd\u00fc\u011f\u00fc alanlar\u0131 muhafaza amac\u0131na y\u00f6nelik bir diren\u00e7 bu. \u015e\u00f6yle ki, yerle\u015fik iktisat ba\u015flang\u0131c\u0131ndan bu yana, di\u011fer alternatif yakla\u015f\u0131mlar\u0131 hegemonyac\u0131 g\u00fcc\u00fc ile d\u0131\u015flayarak, egemen paradigme haline gelmi\u015ftir. Bu direncin kar\u015f\u0131s\u0131ndaki en \u00f6nemli g\u00fc\u00e7 ise iktisada toplumsal cinsiyet fark\u0131ndal\u0131\u011f\u0131 ile yakla\u015fan feminist iktisat . Feminist iktisat toplumsal cinsiyeti bir analitik kategori olarak kullanmakta; iktisad\u0131 kad\u0131na ait k\u0131l\u0131nanlar\u0131n yan\u0131s\u0131ra, \u00f6tekile\u015ftirilerek iktisad\u0131n kapsam\u0131 d\u0131\u015f\u0131nda b\u0131rak\u0131lan farkl\u0131 t\u00fcm deneyimleri i\u00e7erecek bi\u00e7imde zenginle\u015ftirmeyi ama\u00e7lamaktad\u0131r. Feminist iktisat, iktisad\u0131n yap\u0131land\u0131r\u0131l\u0131\u015f\u0131ndaki eril kodlar\u0131n de\u015fifre edilmesinin iktisad\u0131n toplumsal cinsiyetinin de\u015fifresi anlam\u0131na gelece\u011fi g\u00f6r\u00fc\u015f\u00fcnden hareketle, toplumsal cinsiyetin toplumsal yap\u0131land\u0131r\u0131l\u0131\u015f\u0131 ile (g\u00fcn\u00fcm\u00fcz) iktisat disiplininin toplumsal yap\u0131land\u0131r\u0131l\u0131\u015f\u0131 aras\u0131ndaki ba\u011flant\u0131lar\u0131 ara\u015ft\u0131rmaktad\u0131r. \ufffcTan\u0131t\u0131m Metni<\/p>\n","protected":false},"excerpt":{"rendered":"<p>\u0130ktisatve toplumsal cinsiyet iktisat yaz\u0131n\u0131nda, \u00f6zellikle T\u00fcrkiye\u2019deki iktisat yaz\u0131n\u0131nda bir arada telaffuzu hala (ciddi) genel kabul g\u00f6rm\u00fc\u015f iki terim de\u011fil. Di\u011fer toplumsal disiplinlerde toplumsal cinsiyet analizleri<span class=\"excerpt-hellip\"> [\u2026]<\/span><\/p>\n","protected":false},"featured_media":0,"template":"","meta":{"_monsterinsights_skip_tracking":false,"_monsterinsights_sitenote_active":false,"_monsterinsights_sitenote_note":"","_monsterinsights_sitenote_category":0},"product_brand":[],"product_cat":[12573,12566],"product_tag":[],"class_list":{"0":"post-695888","1":"product","2":"type-product","3":"status-publish","5":"product_cat-akademik-kitaplar","6":"product_cat-egitim","7":"pa_cilt-ciltsiz","8":"pa_tur-kitap","9":"pa_yayinevi-efil-yayinevi-dergi","10":"pa_yazar-ufuk-serdaroglu","12":"first","13":"instock","14":"sale","15":"shipping-taxable","16":"purchasable","17":"product-type-simple"},"_links":{"self":[{"href":"https:\/\/roveyayinevi.com.tr\/index.php\/wp-json\/wp\/v2\/product\/695888","targetHints":{"allow":["GET"]}}],"collection":[{"href":"https:\/\/roveyayinevi.com.tr\/index.php\/wp-json\/wp\/v2\/product"}],"about":[{"href":"https:\/\/roveyayinevi.com.tr\/index.php\/wp-json\/wp\/v2\/types\/product"}],"wp:attachment":[{"href":"https:\/\/roveyayinevi.com.tr\/index.php\/wp-json\/wp\/v2\/media?parent=695888"}],"wp:term":[{"taxonomy":"product_brand","embeddable":true,"href":"https:\/\/roveyayinevi.com.tr\/index.php\/wp-json\/wp\/v2\/product_brand?post=695888"},{"taxonomy":"product_cat","embeddable":true,"href":"https:\/\/roveyayinevi.com.tr\/index.php\/wp-json\/wp\/v2\/product_cat?post=695888"},{"taxonomy":"product_tag","embeddable":true,"href":"https:\/\/roveyayinevi.com.tr\/index.php\/wp-json\/wp\/v2\/product_tag?post=695888"}],"curies":[{"name":"wp","href":"https:\/\/api.w.org\/{rel}","templated":true}]}}