{"id":695885,"date":"2025-08-27T14:31:44","date_gmt":"2025-08-27T11:31:44","guid":{"rendered":"https:\/\/roveyayinevi.com.tr\/index.php\/urun\/fotograf-ve-sinemanin-toplumsal-tarihi\/"},"modified":"2026-04-16T02:05:47","modified_gmt":"2026-04-15T23:05:47","slug":"fotograf-ve-sinemanin-toplumsal-tarihi","status":"publish","type":"product","link":"https:\/\/roveyayinevi.com.tr\/index.php\/urun\/fotograf-ve-sinemanin-toplumsal-tarihi\/","title":{"rendered":"Foto\u011fraf ve Sineman\u0131n Toplumsal Tarihi"},"content":{"rendered":"<p>Bu kitapta, insanl\u0131k tarihinin belli d\u00f6nemlerdeki d\u00fc\u015f\u00fcnsel yap\u0131s\u0131n\u0131n \u015fekillenmesiyle birlikte foto\u011fraf ve sineman\u0131n teknolojik geli\u015fimi anlat\u0131lmaktad\u0131r. Foto\u011fraf ve Sineman\u0131n Toplumsal Tarihi, foto\u011fraf ve sineman\u0131n tarihiyle ilgili farkl\u0131 bir anlay\u0131\u015f\u0131 sunuyor. Foto\u011fraf yeni bir resmetme tekni\u011fidir. Sinema da onun izinden gelmi\u015ftir. Bunlar ayn\u0131 zamanda mekanik \u00e7o\u011faltma teknolojileridir ve zaman i\u00e7inde sanat ortam\u0131na girmi\u015flerdir. B\u00fct\u00fcn bunlar, toplumsal ya\u015fam\u0131 y\u00f6nlendiren olaylardan ba\u011f\u0131ms\u0131z de\u011fildir. Toplumsal ya\u015fama y\u00f6n veren d\u00fc\u015f\u00fcnsel geli\u015fmeleri g\u00f6rmezden gelerek, teknolojinin sa\u011flad\u0131klar\u0131n\u0131 anlamak eksik olur. Nesnelerin tarihi insanl\u0131\u011f\u0131n tarihidir. Nesnelerin tarihini anlatmak, ayn\u0131 zamanda insanl\u0131k tarihini de anlatmakt\u0131r. Levend K\u0131l\u0131\u00e7 bu kitab\u0131ndai y\u00fczey \u00fczerinde optik yoluyla resmetme anlay\u0131\u015f\u0131n\u0131n foto\u011fraf olarak ortaya \u00e7\u0131k\u0131\u015f\u0131 ve hareketli g\u00f6r\u00fcnt\u00fc olarak geli\u015fmesini anlat\u0131rken, 1800\u2018l\u00fc ve 1900\u2018l\u00fc y\u0131llar\u0131n d\u00fc\u015f\u00fcnsel yap\u0131s\u0131n\u0131 da ortaya koymu\u015ftur. \ufffcTan\u0131t\u0131m Metni<\/p>\n","protected":false},"excerpt":{"rendered":"<p>Bu kitapta, insanl\u0131k tarihinin belli d\u00f6nemlerdeki d\u00fc\u015f\u00fcnsel yap\u0131s\u0131n\u0131n \u015fekillenmesiyle birlikte foto\u011fraf ve sineman\u0131n teknolojik geli\u015fimi anlat\u0131lmaktad\u0131r. Foto\u011fraf ve Sineman\u0131n Toplumsal Tarihi, foto\u011fraf ve sineman\u0131n tarihiyle ilgili<span class=\"excerpt-hellip\"> [\u2026]<\/span><\/p>\n","protected":false},"featured_media":0,"template":"","meta":{"_monsterinsights_skip_tracking":false,"_monsterinsights_sitenote_active":false,"_monsterinsights_sitenote_note":"","_monsterinsights_sitenote_category":0},"product_brand":[],"product_cat":[12409,12408],"product_tag":[],"class_list":{"0":"post-695885","1":"product","2":"type-product","3":"status-publish","5":"product_cat-fotograf-sinema-tiyatro","6":"product_cat-sanat","7":"pa_tur-kitap","8":"pa_yayinevi-dost-kitabevi-yayinlari","9":"pa_yazar-levend-kilic","11":"first","12":"instock","13":"sale","14":"shipping-taxable","15":"purchasable","16":"product-type-simple"},"_links":{"self":[{"href":"https:\/\/roveyayinevi.com.tr\/index.php\/wp-json\/wp\/v2\/product\/695885","targetHints":{"allow":["GET"]}}],"collection":[{"href":"https:\/\/roveyayinevi.com.tr\/index.php\/wp-json\/wp\/v2\/product"}],"about":[{"href":"https:\/\/roveyayinevi.com.tr\/index.php\/wp-json\/wp\/v2\/types\/product"}],"wp:attachment":[{"href":"https:\/\/roveyayinevi.com.tr\/index.php\/wp-json\/wp\/v2\/media?parent=695885"}],"wp:term":[{"taxonomy":"product_brand","embeddable":true,"href":"https:\/\/roveyayinevi.com.tr\/index.php\/wp-json\/wp\/v2\/product_brand?post=695885"},{"taxonomy":"product_cat","embeddable":true,"href":"https:\/\/roveyayinevi.com.tr\/index.php\/wp-json\/wp\/v2\/product_cat?post=695885"},{"taxonomy":"product_tag","embeddable":true,"href":"https:\/\/roveyayinevi.com.tr\/index.php\/wp-json\/wp\/v2\/product_tag?post=695885"}],"curies":[{"name":"wp","href":"https:\/\/api.w.org\/{rel}","templated":true}]}}