{"id":695883,"date":"2025-08-27T14:31:44","date_gmt":"2025-08-27T11:31:44","guid":{"rendered":"https:\/\/roveyayinevi.com.tr\/index.php\/urun\/ejderhalarin-dansi-2-buz-ve-atesin-sarkisi-5\/"},"modified":"2026-04-16T02:05:47","modified_gmt":"2026-04-15T23:05:47","slug":"ejderhalarin-dansi-2-buz-ve-atesin-sarkisi-5","status":"publish","type":"product","link":"https:\/\/roveyayinevi.com.tr\/index.php\/urun\/ejderhalarin-dansi-2-buz-ve-atesin-sarkisi-5\/","title":{"rendered":"Ejderhalar\u0131n Dans\u0131  2 -Buz ve Ate\u015fin \u015eark\u0131s\u0131 5"},"content":{"rendered":"<p>K\u00f6t\u00fcl\u00fc\u011f\u00fcn y\u00fckseldi\u011fi bir vakitte olaylar; kanunsuzlar\u0131n, rahiplerin, askerlerin, deride\u011fi\u015ftirenlerin, asillerin ve k\u00f6lelerin b\u00fcy\u00fck roller oynad\u0131\u011f\u0131 bir sahnede ge\u00e7mektedir. En zorlu dans, Ejderhalar\u0131n Dans\u0131 ba\u015flamaktad\u0131r. \ufffcTan\u0131t\u0131m Metni<\/p>\n","protected":false},"excerpt":{"rendered":"<p>K\u00f6t\u00fcl\u00fc\u011f\u00fcn y\u00fckseldi\u011fi bir vakitte olaylar; kanunsuzlar\u0131n, rahiplerin, askerlerin, deride\u011fi\u015ftirenlerin, asillerin ve k\u00f6lelerin b\u00fcy\u00fck roller oynad\u0131\u011f\u0131 bir sahnede ge\u00e7mektedir. En zorlu dans, Ejderhalar\u0131n Dans\u0131 ba\u015flamaktad\u0131r. \ufffcTan\u0131t\u0131m Metni<\/p>\n","protected":false},"featured_media":0,"template":"","meta":{"_monsterinsights_skip_tracking":false,"_monsterinsights_sitenote_active":false,"_monsterinsights_sitenote_note":"","_monsterinsights_sitenote_category":0},"product_brand":[],"product_cat":[12540,12291],"product_tag":[],"class_list":{"0":"post-695883","1":"product","2":"type-product","3":"status-publish","5":"product_cat-bilim-kurgu","6":"product_cat-edebiyat","7":"pa_cilt-ciltsiz","8":"pa_tur-kitap","9":"pa_yayinevi-epsilon-yayinlari","10":"pa_yazar-george-r-r-martin","12":"first","13":"instock","14":"sale","15":"shipping-taxable","16":"purchasable","17":"product-type-simple"},"_links":{"self":[{"href":"https:\/\/roveyayinevi.com.tr\/index.php\/wp-json\/wp\/v2\/product\/695883","targetHints":{"allow":["GET"]}}],"collection":[{"href":"https:\/\/roveyayinevi.com.tr\/index.php\/wp-json\/wp\/v2\/product"}],"about":[{"href":"https:\/\/roveyayinevi.com.tr\/index.php\/wp-json\/wp\/v2\/types\/product"}],"wp:attachment":[{"href":"https:\/\/roveyayinevi.com.tr\/index.php\/wp-json\/wp\/v2\/media?parent=695883"}],"wp:term":[{"taxonomy":"product_brand","embeddable":true,"href":"https:\/\/roveyayinevi.com.tr\/index.php\/wp-json\/wp\/v2\/product_brand?post=695883"},{"taxonomy":"product_cat","embeddable":true,"href":"https:\/\/roveyayinevi.com.tr\/index.php\/wp-json\/wp\/v2\/product_cat?post=695883"},{"taxonomy":"product_tag","embeddable":true,"href":"https:\/\/roveyayinevi.com.tr\/index.php\/wp-json\/wp\/v2\/product_tag?post=695883"}],"curies":[{"name":"wp","href":"https:\/\/api.w.org\/{rel}","templated":true}]}}