{"id":695882,"date":"2025-08-27T14:31:44","date_gmt":"2025-08-27T11:31:44","guid":{"rendered":"https:\/\/roveyayinevi.com.tr\/index.php\/urun\/dovmeli-adam\/"},"modified":"2026-04-12T02:06:41","modified_gmt":"2026-04-11T23:06:41","slug":"dovmeli-adam","status":"publish","type":"product","link":"https:\/\/roveyayinevi.com.tr\/index.php\/urun\/dovmeli-adam\/","title":{"rendered":"D\u00f6vmeli Adam"},"content":{"rendered":"<p>Bazen Karanl\u0131ktan Korkmak \u0130\u00e7in \u00c7ok \u0130yi Bir Sebep Vard\u0131r! \u00dc\u00e7 gen\u00e7 insan bir araya gelerek insanl\u0131\u011fa son bir kurtulu\u015f \u015fans\u0131 sunacak, karanl\u0131\u011fa omuz omuza g\u00f6\u011f\u00fcs gerecektir. On bir ya\u015f\u0131ndaki Arlen, k\u00fc\u00e7\u00fck orman k\u00f6y\u00fc Tibbet Deresi&#8217;nden yar\u0131m g\u00fcnl\u00fck mesafede bulunan \u00e7iftlik evlerinde ailesiyle birlikte ya\u015famaktad\u0131r. Ne var ki Arlen&#8217;\u0131n ya\u015fad\u0131\u011f\u0131 d\u00fcnyada, ak\u015fam karanl\u0131\u011f\u0131n\u0131n bast\u0131rmas\u0131yla birlikte yerden garip bir sis y\u00fckselir ve bu sis, ya\u015fayan t\u00fcm canl\u0131lara sald\u0131r\u0131p kar\u0131nlar\u0131n\u0131 vah\u015fice doyurmak isteyen a\u00e7 n\u00fcvelikleri de beraberinde getirir. Bu korkun\u00e7 iblislerle, \u00f6l\u00fcml\u00fclerin silahlar\u0131n\u0131 kullanarak m\u00fccadele etmek hemen hemen imk\u00e2ns\u0131zd\u0131r. O y\u00fczden, insanlar\u0131n, b\u00fcy\u00fcl\u00fc muhafaza sembollerinin arkas\u0131na s\u0131\u011f\u0131n\u0131p, yarat\u0131klar \u015fafa\u011f\u0131n s\u00f6kmesiyle beraber tekrar N\u00fcve&#8217;ye d\u00f6nene kadar koruma d\u00fczeneklerinin sald\u0131r\u0131lara dayanmas\u0131 i\u00e7in dua etmekten ba\u015fka hi\u00e7bir se\u00e7enekleri yoktur. Daimi bir korku i\u00e7inde ya\u015faman\u0131n kader olmad\u0131\u011f\u0131n\u0131 d\u00fc\u015f\u00fcnmeye ba\u015flayan Arlen ise, kendini farkl\u0131 bir yol izlemek zorunda hisseder. N\u00fcveliklere kar\u015f\u0131 sava\u015f\u0131lmal\u0131d\u0131r! K\u00fc\u00e7\u00fck bir kasaba olan Ormanc\u0131 \u00c7ukuru&#8217;nda, Leesha&#8217;n\u0131n gelece\u011fi basit bir yalan y\u00fcz\u00fcnden parampar\u00e7a olur. Kasaba ahalisinin g\u00f6z\u00fcnde k\u00fc\u00e7\u00fck d\u00fc\u015fen Leesha, n\u00fcveliklerden bile daha korkutucu olan ya\u015fl\u0131 bir Otac\u0131 Kad\u0131n&#8217;\u0131n bak\u0131m\u0131n\u0131 \u00fcstlenerek kendini kasabal\u0131lar\u0131n imal\u0131 bak\u0131\u015flar\u0131ndan uzak tutmaya \u00e7al\u0131\u015f\u0131r. Otac\u0131&#8217;n\u0131n yan\u0131nda ge\u00e7irdi\u011fi uzun y\u0131llar s\u00fcresince de tehlikeli ve kadim bilgilerin koruyucusu haline gelir. Bir iblis sald\u0131r\u0131s\u0131nda hem \u00f6ks\u00fcz hem sakat kalan minik Rojer ise, kendini Jongl\u00f6rl\u00fck sanat\u0131nda geli\u015ftirip keman \u00e7almakta ustala\u015farak hayattaki kimsesizli\u011fini unutmaya \u00e7al\u0131\u015f\u0131r. Ne var ki sahip oldu\u011fu e\u015fsiz yetenek, ona, gecenin karanl\u0131\u011f\u0131 kar\u015f\u0131s\u0131nda beklenmedik bir \u00fcst\u00fcnl\u00fck kazand\u0131r\u0131r.(Tan\u0131t\u0131m B\u00fclteninden) \ufffcTan\u0131t\u0131m Metni<\/p>\n","protected":false},"excerpt":{"rendered":"<p>Bazen Karanl\u0131ktan Korkmak \u0130\u00e7in \u00c7ok \u0130yi Bir Sebep Vard\u0131r! \u00dc\u00e7 gen\u00e7 insan bir araya gelerek insanl\u0131\u011fa son bir kurtulu\u015f \u015fans\u0131 sunacak, karanl\u0131\u011fa omuz omuza g\u00f6\u011f\u00fcs gerecektir.<span class=\"excerpt-hellip\"> [\u2026]<\/span><\/p>\n","protected":false},"featured_media":0,"template":"","meta":{"_monsterinsights_skip_tracking":false,"_monsterinsights_sitenote_active":false,"_monsterinsights_sitenote_note":"","_monsterinsights_sitenote_category":0},"product_brand":[],"product_cat":[12291,12711],"product_tag":[],"class_list":{"0":"post-695882","1":"product","2":"type-product","3":"status-publish","5":"product_cat-edebiyat","6":"product_cat-roman-oyku","7":"pa_cilt-ciltsiz","8":"pa_tur-kitap","9":"pa_yayinevi-epsilon-yayinlari","10":"pa_yazar-peter-v-brett","12":"first","13":"instock","14":"sale","15":"shipping-taxable","16":"purchasable","17":"product-type-simple"},"_links":{"self":[{"href":"https:\/\/roveyayinevi.com.tr\/index.php\/wp-json\/wp\/v2\/product\/695882","targetHints":{"allow":["GET"]}}],"collection":[{"href":"https:\/\/roveyayinevi.com.tr\/index.php\/wp-json\/wp\/v2\/product"}],"about":[{"href":"https:\/\/roveyayinevi.com.tr\/index.php\/wp-json\/wp\/v2\/types\/product"}],"wp:attachment":[{"href":"https:\/\/roveyayinevi.com.tr\/index.php\/wp-json\/wp\/v2\/media?parent=695882"}],"wp:term":[{"taxonomy":"product_brand","embeddable":true,"href":"https:\/\/roveyayinevi.com.tr\/index.php\/wp-json\/wp\/v2\/product_brand?post=695882"},{"taxonomy":"product_cat","embeddable":true,"href":"https:\/\/roveyayinevi.com.tr\/index.php\/wp-json\/wp\/v2\/product_cat?post=695882"},{"taxonomy":"product_tag","embeddable":true,"href":"https:\/\/roveyayinevi.com.tr\/index.php\/wp-json\/wp\/v2\/product_tag?post=695882"}],"curies":[{"name":"wp","href":"https:\/\/api.w.org\/{rel}","templated":true}]}}