{"id":695881,"date":"2025-08-27T14:31:43","date_gmt":"2025-08-27T11:31:43","guid":{"rendered":"https:\/\/roveyayinevi.com.tr\/index.php\/urun\/dost-kazanma-ve-insanlari-etkileme-sanati\/"},"modified":"2026-04-03T02:09:11","modified_gmt":"2026-04-02T23:09:11","slug":"dost-kazanma-ve-insanlari-etkileme-sanati","status":"publish","type":"product","link":"https:\/\/roveyayinevi.com.tr\/index.php\/urun\/dost-kazanma-ve-insanlari-etkileme-sanati\/","title":{"rendered":"Dost Kazanma ve \u0130nsanlar\u0131 Etkileme Sanat\u0131"},"content":{"rendered":"<p>Dost Kazanma ve  \u0130nsanlar\u0131 Etkileme Sanat\u0131  Bu kitapta yer alan, ge\u00e7erlili\u011fi zaman i\u00e7inde kan\u0131tlanm\u0131\u015f \u00f6\u011f\u00fctler, elli y\u0131ld\u0131r milyonlarca insan taraf\u0131ndan okundu, on binlerce \u00fcnl\u00fc insan\u0131 hem i\u015f hem de \u00f6zel ya\u015famlar\u0131nda ba\u015far\u0131 merdiveninin zirvesine ta\u015f\u0131d\u0131.&#8221;Dost Kazanma ve \u0130nsanlar\u0131 Etkileme Sanat\u0131&#8221; 2000&#8217;li y\u0131llar\u0131n rekabeti ve karma\u015fas\u0131 i\u00e7indeki okuyucular\u0131n da potansiyellerinin doruk noktas\u0131na ula\u015fmalar\u0131n\u0131 sa\u011flamak i\u00e7in g\u00f6zden ge\u00e7irildi ve g\u00fcn\u00fcm\u00fcze uyarland\u0131.Bu kitab\u0131 okudu\u011funuzda; insanlar\u0131n sizden ho\u015flanmalar\u0131n\u0131 ve sizinle fikir birli\u011fine varmalar\u0131n\u0131 sa\u011flaman\u0131n, onlar\u0131 k\u0131r\u0131p incitmeden de\u011fi\u015ftirmenin yollar\u0131n\u0131 \u00f6\u011frenecek, ya\u015fam\u0131n sizin i\u00e7in daha kolay hale geldi\u011fini g\u00f6receksiniz.Zirvede herkese yer var. Yeter ki siz ula\u015fmay\u0131 bilin! <\/p>\n","protected":false},"excerpt":{"rendered":"<p>Dost Kazanma ve \u0130nsanlar\u0131 Etkileme Sanat\u0131 Bu kitapta yer alan, ge\u00e7erlili\u011fi zaman i\u00e7inde kan\u0131tlanm\u0131\u015f \u00f6\u011f\u00fctler, elli y\u0131ld\u0131r milyonlarca insan taraf\u0131ndan okundu, on binlerce \u00fcnl\u00fc insan\u0131 hem<span class=\"excerpt-hellip\"> [\u2026]<\/span><\/p>\n","protected":false},"featured_media":0,"template":"","meta":{"_monsterinsights_skip_tracking":false,"_monsterinsights_sitenote_active":false,"_monsterinsights_sitenote_note":"","_monsterinsights_sitenote_category":0},"product_brand":[],"product_cat":[12364,12376],"product_tag":[],"class_list":{"0":"post-695881","1":"product","2":"type-product","3":"status-publish","5":"product_cat-genel-konular","6":"product_cat-kisisel-gelisim","7":"pa_cilt-ciltsiz","8":"pa_tur-kitap","9":"pa_yayinevi-epsilon-yayinlari","10":"pa_yazar-dale-carnegie","12":"first","13":"instock","14":"sale","15":"shipping-taxable","16":"purchasable","17":"product-type-simple"},"_links":{"self":[{"href":"https:\/\/roveyayinevi.com.tr\/index.php\/wp-json\/wp\/v2\/product\/695881","targetHints":{"allow":["GET"]}}],"collection":[{"href":"https:\/\/roveyayinevi.com.tr\/index.php\/wp-json\/wp\/v2\/product"}],"about":[{"href":"https:\/\/roveyayinevi.com.tr\/index.php\/wp-json\/wp\/v2\/types\/product"}],"wp:attachment":[{"href":"https:\/\/roveyayinevi.com.tr\/index.php\/wp-json\/wp\/v2\/media?parent=695881"}],"wp:term":[{"taxonomy":"product_brand","embeddable":true,"href":"https:\/\/roveyayinevi.com.tr\/index.php\/wp-json\/wp\/v2\/product_brand?post=695881"},{"taxonomy":"product_cat","embeddable":true,"href":"https:\/\/roveyayinevi.com.tr\/index.php\/wp-json\/wp\/v2\/product_cat?post=695881"},{"taxonomy":"product_tag","embeddable":true,"href":"https:\/\/roveyayinevi.com.tr\/index.php\/wp-json\/wp\/v2\/product_tag?post=695881"}],"curies":[{"name":"wp","href":"https:\/\/api.w.org\/{rel}","templated":true}]}}