{"id":695879,"date":"2025-08-27T14:31:43","date_gmt":"2025-08-27T11:31:43","guid":{"rendered":"https:\/\/roveyayinevi.com.tr\/index.php\/urun\/doga-ve-cevre-anlayisiyla-ataturk\/"},"modified":"2026-04-16T02:05:47","modified_gmt":"2026-04-15T23:05:47","slug":"doga-ve-cevre-anlayisiyla-ataturk","status":"publish","type":"product","link":"https:\/\/roveyayinevi.com.tr\/index.php\/urun\/doga-ve-cevre-anlayisiyla-ataturk\/","title":{"rendered":"Do\u011fa ve \u00c7evre Anlay\u0131\u015f\u0131yla Atat\u00fcrk"},"content":{"rendered":"<p>21. Y\u00fczy\u0131lda d\u00fcnyada \u00f6ne \u00e7\u0131kan en \u00f6nemli sorun, ne ekonomi, ne silahs\u0131zlanma, ne de n\u00fcfus art\u0131\u015f\u0131&#8230; Hepsinin \u00fcst\u00fcnde yer alan sorun, \u00e7e\u015fitli anla\u015fmalar ve toplant\u0131larla \u00e7\u00f6z\u00fcm\u00fc aranan \u00e7evre felaketidir&#8230; Bu sorun halledilmez ve d\u00fcnya bu h\u0131zla kirlenmeye devam ederse, ortada ne sava\u015facak, ne de \u00fcreyecek insan kalacakt\u0131r. Oysa daha 1952&#8217;lerin ba\u015f\u0131nda, hen\u00fcz d\u00fcnyada \u00e7evre bilincinin olu\u015fmad\u0131\u011f\u0131 ve bu konuda hi\u00e7bir devlet adam\u0131n\u0131n konu\u015fmad\u0131\u011f\u0131 bir d\u00f6nemde, ileri g\u00f6r\u00fc\u015fl\u00fcl\u00fc\u011f\u00fc sayesinde bu felaketi g\u00f6rebilen, sadece g\u00f6rmekle de kalmayarak fikren ve bedenen \u00e7al\u0131\u015fan bir d\u00fcnya lideri var: Mustafa Kemal Atat\u00fcrk! <\/p>\n","protected":false},"excerpt":{"rendered":"<p>21. Y\u00fczy\u0131lda d\u00fcnyada \u00f6ne \u00e7\u0131kan en \u00f6nemli sorun, ne ekonomi, ne silahs\u0131zlanma, ne de n\u00fcfus art\u0131\u015f\u0131&#8230; Hepsinin \u00fcst\u00fcnde yer alan sorun, \u00e7e\u015fitli anla\u015fmalar ve toplant\u0131larla \u00e7\u00f6z\u00fcm\u00fc<span class=\"excerpt-hellip\"> [\u2026]<\/span><\/p>\n","protected":false},"featured_media":0,"template":"","meta":{"_monsterinsights_skip_tracking":false,"_monsterinsights_sitenote_active":false,"_monsterinsights_sitenote_note":"","_monsterinsights_sitenote_category":0},"product_brand":[],"product_cat":[13701,12291],"product_tag":[],"class_list":{"0":"post-695879","1":"product","2":"type-product","3":"status-publish","5":"product_cat-ani-mektup-gunluk","6":"product_cat-edebiyat","7":"pa_cilt-ciltsiz","8":"pa_tur-kitap","9":"pa_yayinevi-epsilon-ozel-urun","10":"pa_yazar-ilknur-gunturkun-kalipci","12":"first","13":"instock","14":"sale","15":"shipping-taxable","16":"purchasable","17":"product-type-simple"},"_links":{"self":[{"href":"https:\/\/roveyayinevi.com.tr\/index.php\/wp-json\/wp\/v2\/product\/695879","targetHints":{"allow":["GET"]}}],"collection":[{"href":"https:\/\/roveyayinevi.com.tr\/index.php\/wp-json\/wp\/v2\/product"}],"about":[{"href":"https:\/\/roveyayinevi.com.tr\/index.php\/wp-json\/wp\/v2\/types\/product"}],"wp:attachment":[{"href":"https:\/\/roveyayinevi.com.tr\/index.php\/wp-json\/wp\/v2\/media?parent=695879"}],"wp:term":[{"taxonomy":"product_brand","embeddable":true,"href":"https:\/\/roveyayinevi.com.tr\/index.php\/wp-json\/wp\/v2\/product_brand?post=695879"},{"taxonomy":"product_cat","embeddable":true,"href":"https:\/\/roveyayinevi.com.tr\/index.php\/wp-json\/wp\/v2\/product_cat?post=695879"},{"taxonomy":"product_tag","embeddable":true,"href":"https:\/\/roveyayinevi.com.tr\/index.php\/wp-json\/wp\/v2\/product_tag?post=695879"}],"curies":[{"name":"wp","href":"https:\/\/api.w.org\/{rel}","templated":true}]}}