{"id":695878,"date":"2025-08-27T14:31:42","date_gmt":"2025-08-27T11:31:42","guid":{"rendered":"https:\/\/roveyayinevi.com.tr\/index.php\/urun\/icimizdeki-kapilari-acmak\/"},"modified":"2026-04-16T02:05:47","modified_gmt":"2026-04-15T23:05:47","slug":"icimizdeki-kapilari-acmak","status":"publish","type":"product","link":"https:\/\/roveyayinevi.com.tr\/index.php\/urun\/icimizdeki-kapilari-acmak\/","title":{"rendered":"\u0130\u00e7imizdeki Kap\u0131lar\u0131 A\u00e7mak"},"content":{"rendered":"<p>\u201cArt\u0131k g\u00f6kku\u015fa\u011f\u0131n\u0131 kovalayarak vakit kaybetme. Tek yapman gereken, sakinle\u015fmek ve i\u00e7ine d\u00f6nmek i\u00e7in vakit ay\u0131rmak; arad\u0131\u011f\u0131n\u0131 orada mutlaka bulacaks\u0131n.\u201d  Hayat, bir ke\u015fif yolculu\u011fudur ve i\u00e7sel benli\u011fimize do\u011fru yap\u0131lan bu yolculukta, kar\u015f\u0131m\u0131za \u00e7\u0131kan kap\u0131lar bizi derin bir anlam aray\u0131\u015f\u0131na y\u00f6nlendirir. Findhorn\u2019un kurucusu Eileen  Caddy\u2019nin i\u00e7 sesini dinledi\u011fi 365 mesajdan olu\u015fan bu ilham verici g\u00fcnl\u00fck, i\u00e7imizdeki kap\u0131lar\u0131 aralamak ve kendi potansiyelimizi ke\u015ffetmek i\u00e7in benzersiz bir rehber\u2026 Bu yal\u0131n \u00f6\u011freti, ba\u015fkalar\u0131n\u0131n da inan\u00e7, doyum ve i\u00e7 huzuru bulmas\u0131na yard\u0131mc\u0131 olma umuduyla kaleme al\u0131nm\u0131\u015ft\u0131r.Her g\u00fcn bir s\u00f6z okuyun, g\u00f6receksiniz ki ya\u015fam\u0131n\u0131zdaki ger\u00e7ek huzur, mutluluk ve ruhsal b\u00fct\u00fcnl\u00fck hep oradayd\u0131.  <\/p>\n","protected":false},"excerpt":{"rendered":"<p>\u201cArt\u0131k g\u00f6kku\u015fa\u011f\u0131n\u0131 kovalayarak vakit kaybetme. Tek yapman gereken, sakinle\u015fmek ve i\u00e7ine d\u00f6nmek i\u00e7in vakit ay\u0131rmak; arad\u0131\u011f\u0131n\u0131 orada mutlaka bulacaks\u0131n.\u201d Hayat, bir ke\u015fif yolculu\u011fudur ve i\u00e7sel benli\u011fimize<span class=\"excerpt-hellip\"> [\u2026]<\/span><\/p>\n","protected":false},"featured_media":0,"template":"","meta":{"_monsterinsights_skip_tracking":false,"_monsterinsights_sitenote_active":false,"_monsterinsights_sitenote_note":"","_monsterinsights_sitenote_category":0},"product_brand":[],"product_cat":[12291,12711],"product_tag":[],"class_list":{"0":"post-695878","1":"product","2":"type-product","3":"status-publish","5":"product_cat-edebiyat","6":"product_cat-roman-oyku","7":"pa_cilt-ciltsiz","8":"pa_tur-kitap","9":"pa_yayinevi-epsilon-yayinlari","10":"pa_yazar-eileen-caddy","12":"first","13":"instock","14":"sale","15":"shipping-taxable","16":"purchasable","17":"product-type-simple"},"_links":{"self":[{"href":"https:\/\/roveyayinevi.com.tr\/index.php\/wp-json\/wp\/v2\/product\/695878","targetHints":{"allow":["GET"]}}],"collection":[{"href":"https:\/\/roveyayinevi.com.tr\/index.php\/wp-json\/wp\/v2\/product"}],"about":[{"href":"https:\/\/roveyayinevi.com.tr\/index.php\/wp-json\/wp\/v2\/types\/product"}],"wp:attachment":[{"href":"https:\/\/roveyayinevi.com.tr\/index.php\/wp-json\/wp\/v2\/media?parent=695878"}],"wp:term":[{"taxonomy":"product_brand","embeddable":true,"href":"https:\/\/roveyayinevi.com.tr\/index.php\/wp-json\/wp\/v2\/product_brand?post=695878"},{"taxonomy":"product_cat","embeddable":true,"href":"https:\/\/roveyayinevi.com.tr\/index.php\/wp-json\/wp\/v2\/product_cat?post=695878"},{"taxonomy":"product_tag","embeddable":true,"href":"https:\/\/roveyayinevi.com.tr\/index.php\/wp-json\/wp\/v2\/product_tag?post=695878"}],"curies":[{"name":"wp","href":"https:\/\/api.w.org\/{rel}","templated":true}]}}