{"id":695876,"date":"2025-08-27T14:31:42","date_gmt":"2025-08-27T11:31:42","guid":{"rendered":"https:\/\/roveyayinevi.com.tr\/index.php\/urun\/genc-sudoku\/"},"modified":"2026-04-16T02:05:47","modified_gmt":"2026-04-15T23:05:47","slug":"genc-sudoku","status":"publish","type":"product","link":"https:\/\/roveyayinevi.com.tr\/index.php\/urun\/genc-sudoku\/","title":{"rendered":"Gen\u00e7 Sudoku"},"content":{"rendered":"<p>D\u00fcnyada ba\u015flayan bir \u00e7\u0131lg\u0131nl\u0131k var: Sudoku! Dinlendirici, keyif verici, zihninizi a\u00e7\u0131k tutan rakamlar\u0131n bu sihirli oyunu ile tan\u0131\u015f\u0131n. Her yerde ve tek ba\u015f\u0131n\u0131za oynayabilirsiniz. Bir kez ba\u015flay\u0131n, b\u0131rakamad\u0131\u011f\u0131n\u0131z\u0131 g\u00f6receksiniz.<\/p>\n","protected":false},"excerpt":{"rendered":"<p>D\u00fcnyada ba\u015flayan bir \u00e7\u0131lg\u0131nl\u0131k var: Sudoku! Dinlendirici, keyif verici, zihninizi a\u00e7\u0131k tutan rakamlar\u0131n bu sihirli oyunu ile tan\u0131\u015f\u0131n. Her yerde ve tek ba\u015f\u0131n\u0131za oynayabilirsiniz. Bir kez<span class=\"excerpt-hellip\"> [\u2026]<\/span><\/p>\n","protected":false},"featured_media":0,"template":"","meta":{"_monsterinsights_skip_tracking":false,"_monsterinsights_sitenote_active":false,"_monsterinsights_sitenote_note":"","_monsterinsights_sitenote_category":0},"product_brand":[],"product_cat":[16943,15563],"product_tag":[],"class_list":{"0":"post-695876","1":"product","2":"type-product","3":"status-publish","5":"product_cat-bilmeceler-bulmacalar","6":"product_cat-hobi","7":"pa_tur-kitap","8":"pa_yayinevi-efil-yayinevi","9":"pa_yazar-cagatay-guler","11":"first","12":"instock","13":"sale","14":"shipping-taxable","15":"purchasable","16":"product-type-simple"},"_links":{"self":[{"href":"https:\/\/roveyayinevi.com.tr\/index.php\/wp-json\/wp\/v2\/product\/695876","targetHints":{"allow":["GET"]}}],"collection":[{"href":"https:\/\/roveyayinevi.com.tr\/index.php\/wp-json\/wp\/v2\/product"}],"about":[{"href":"https:\/\/roveyayinevi.com.tr\/index.php\/wp-json\/wp\/v2\/types\/product"}],"wp:attachment":[{"href":"https:\/\/roveyayinevi.com.tr\/index.php\/wp-json\/wp\/v2\/media?parent=695876"}],"wp:term":[{"taxonomy":"product_brand","embeddable":true,"href":"https:\/\/roveyayinevi.com.tr\/index.php\/wp-json\/wp\/v2\/product_brand?post=695876"},{"taxonomy":"product_cat","embeddable":true,"href":"https:\/\/roveyayinevi.com.tr\/index.php\/wp-json\/wp\/v2\/product_cat?post=695876"},{"taxonomy":"product_tag","embeddable":true,"href":"https:\/\/roveyayinevi.com.tr\/index.php\/wp-json\/wp\/v2\/product_tag?post=695876"}],"curies":[{"name":"wp","href":"https:\/\/api.w.org\/{rel}","templated":true}]}}