{"id":695866,"date":"2025-08-27T14:31:39","date_gmt":"2025-08-27T11:31:39","guid":{"rendered":"https:\/\/roveyayinevi.com.tr\/index.php\/urun\/parasal-iktisat\/"},"modified":"2026-04-16T02:05:47","modified_gmt":"2026-04-15T23:05:47","slug":"parasal-iktisat","status":"publish","type":"product","link":"https:\/\/roveyayinevi.com.tr\/index.php\/urun\/parasal-iktisat\/","title":{"rendered":"Parasal \u0130ktisat"},"content":{"rendered":"<p>Fiyat istikrar\u0131, finansal istikrar, enflasyon, faiz haddi, d\u00f6viz kuru, \u00fcretimin d\u00fczeyi ile potansiyel d\u00fczeyi aras\u0131ndaki ve i\u015fsizli\u011fin d\u00fczeyi ile do\u011fal i\u015fsizlik d\u00fczeyi aras\u0131ndaki farklar; bunlar\u0131n hepsiyle para politikas\u0131n\u0131n \u015fu ya da bu bi\u00e7imde ili\u015fkisi var. Dolay\u0131s\u0131yla merkez bankalar\u0131 ekonomik birimleri yak\u0131ndan ilgilendiren \u00e7ok \u00f6nemli de\u011fi\u015fkenleri etkiliyorlar. Elinizdeki kitapta \u00f6nce bu \u00f6nemli ili\u015fkiler inceleniyor. \ufffcTan\u0131t\u0131m Metni<\/p>\n","protected":false},"excerpt":{"rendered":"<p>Fiyat istikrar\u0131, finansal istikrar, enflasyon, faiz haddi, d\u00f6viz kuru, \u00fcretimin d\u00fczeyi ile potansiyel d\u00fczeyi aras\u0131ndaki ve i\u015fsizli\u011fin d\u00fczeyi ile do\u011fal i\u015fsizlik d\u00fczeyi aras\u0131ndaki farklar; bunlar\u0131n hepsiyle<span class=\"excerpt-hellip\"> [\u2026]<\/span><\/p>\n","protected":false},"featured_media":0,"template":"","meta":{"_monsterinsights_skip_tracking":false,"_monsterinsights_sitenote_active":false,"_monsterinsights_sitenote_note":"","_monsterinsights_sitenote_category":0},"product_brand":[],"product_cat":[13059,12337],"product_tag":[],"class_list":{"0":"post-695866","1":"product","2":"type-product","3":"status-publish","5":"product_cat-diger-politika-siyaset","6":"product_cat-politika-siyaset","7":"pa_cilt-ciltsiz","8":"pa_tur-kitap","9":"pa_yayinevi-efil-yayinevi","10":"pa_yazar-fatih-ozatay","12":"first","13":"instock","14":"sale","15":"shipping-taxable","16":"purchasable","17":"product-type-simple"},"_links":{"self":[{"href":"https:\/\/roveyayinevi.com.tr\/index.php\/wp-json\/wp\/v2\/product\/695866","targetHints":{"allow":["GET"]}}],"collection":[{"href":"https:\/\/roveyayinevi.com.tr\/index.php\/wp-json\/wp\/v2\/product"}],"about":[{"href":"https:\/\/roveyayinevi.com.tr\/index.php\/wp-json\/wp\/v2\/types\/product"}],"wp:attachment":[{"href":"https:\/\/roveyayinevi.com.tr\/index.php\/wp-json\/wp\/v2\/media?parent=695866"}],"wp:term":[{"taxonomy":"product_brand","embeddable":true,"href":"https:\/\/roveyayinevi.com.tr\/index.php\/wp-json\/wp\/v2\/product_brand?post=695866"},{"taxonomy":"product_cat","embeddable":true,"href":"https:\/\/roveyayinevi.com.tr\/index.php\/wp-json\/wp\/v2\/product_cat?post=695866"},{"taxonomy":"product_tag","embeddable":true,"href":"https:\/\/roveyayinevi.com.tr\/index.php\/wp-json\/wp\/v2\/product_tag?post=695866"}],"curies":[{"name":"wp","href":"https:\/\/api.w.org\/{rel}","templated":true}]}}