{"id":695864,"date":"2025-08-27T14:31:39","date_gmt":"2025-08-27T11:31:39","guid":{"rendered":"https:\/\/roveyayinevi.com.tr\/index.php\/urun\/dogal-iktisat\/"},"modified":"2026-04-16T02:05:47","modified_gmt":"2026-04-15T23:05:47","slug":"dogal-iktisat","status":"publish","type":"product","link":"https:\/\/roveyayinevi.com.tr\/index.php\/urun\/dogal-iktisat\/","title":{"rendered":"Do\u011fal \u0130ktisat"},"content":{"rendered":"<p>K\u00fcresel ekonomik krizin ba\u015flang\u0131c\u0131ndan beri iktisat\u00e7\u0131lar ve sendikac\u0131lar, adil ve s\u00fcrd\u00fcr\u00fclebilir bir iyile\u015fme getirecek dengeli politikalar\u0131n olu\u015fturulmas\u0131n\u0131 sa\u011flama umuduyla h\u00fck\u00fcmet ve i\u015f d\u00fcnyas\u0131 ile diyalog kurman\u0131n yollar\u0131n\u0131 aram\u0131\u015ft\u0131r. Ancak birka\u00e7 y\u0131l sonra \u00fclkeler, krize neden olan ekonomi rejimi ile ba\u011flar\u0131n\u0131 koparmay\u0131 ba\u015faramad\u0131lar ve \u015fu an bir\u00e7ok \u00fclkede tasarruf programlar\u0131 uygulanmakta ve sosyal haklar ve i\u015f\u00e7i haklar\u0131 sald\u0131r\u0131ya u\u011framaktad\u0131r. <\/p>\n","protected":false},"excerpt":{"rendered":"<p>K\u00fcresel ekonomik krizin ba\u015flang\u0131c\u0131ndan beri iktisat\u00e7\u0131lar ve sendikac\u0131lar, adil ve s\u00fcrd\u00fcr\u00fclebilir bir iyile\u015fme getirecek dengeli politikalar\u0131n olu\u015fturulmas\u0131n\u0131 sa\u011flama umuduyla h\u00fck\u00fcmet ve i\u015f d\u00fcnyas\u0131 ile diyalog kurman\u0131n<span class=\"excerpt-hellip\"> [\u2026]<\/span><\/p>\n","protected":false},"featured_media":0,"template":"","meta":{"_monsterinsights_skip_tracking":false,"_monsterinsights_sitenote_active":false,"_monsterinsights_sitenote_note":"","_monsterinsights_sitenote_category":0},"product_brand":[],"product_cat":[13044,13043],"product_tag":[],"class_list":{"0":"post-695864","1":"product","2":"type-product","3":"status-publish","5":"product_cat-dunya-ekonomisi","6":"product_cat-ekonomi","7":"pa_tur-kitap","8":"pa_yayinevi-efil-yayinevi","9":"pa_yazar-robert-h-frank","11":"first","12":"instock","13":"sale","14":"shipping-taxable","15":"purchasable","16":"product-type-simple"},"_links":{"self":[{"href":"https:\/\/roveyayinevi.com.tr\/index.php\/wp-json\/wp\/v2\/product\/695864","targetHints":{"allow":["GET"]}}],"collection":[{"href":"https:\/\/roveyayinevi.com.tr\/index.php\/wp-json\/wp\/v2\/product"}],"about":[{"href":"https:\/\/roveyayinevi.com.tr\/index.php\/wp-json\/wp\/v2\/types\/product"}],"wp:attachment":[{"href":"https:\/\/roveyayinevi.com.tr\/index.php\/wp-json\/wp\/v2\/media?parent=695864"}],"wp:term":[{"taxonomy":"product_brand","embeddable":true,"href":"https:\/\/roveyayinevi.com.tr\/index.php\/wp-json\/wp\/v2\/product_brand?post=695864"},{"taxonomy":"product_cat","embeddable":true,"href":"https:\/\/roveyayinevi.com.tr\/index.php\/wp-json\/wp\/v2\/product_cat?post=695864"},{"taxonomy":"product_tag","embeddable":true,"href":"https:\/\/roveyayinevi.com.tr\/index.php\/wp-json\/wp\/v2\/product_tag?post=695864"}],"curies":[{"name":"wp","href":"https:\/\/api.w.org\/{rel}","templated":true}]}}