{"id":695856,"date":"2025-08-27T14:31:36","date_gmt":"2025-08-27T11:31:36","guid":{"rendered":"https:\/\/roveyayinevi.com.tr\/index.php\/urun\/iktisadi-analiz\/"},"modified":"2026-04-16T02:05:47","modified_gmt":"2026-04-15T23:05:47","slug":"iktisadi-analiz","status":"publish","type":"product","link":"https:\/\/roveyayinevi.com.tr\/index.php\/urun\/iktisadi-analiz\/","title":{"rendered":"\u0130ktisadi Analiz"},"content":{"rendered":"<p>\u201cBat\u0131 Avrupa\u2019da kapitalizm ve sanayinin geli\u015fmesinin kendisi i\u00e7in yaratt\u0131\u011f\u0131 tehdidi, bug\u00fcn kendisinden daha geli\u015fmi\u015f bir ekonomiye sahip pek \u00e7ok \u00fclkeden \u00f6nce hisseden Osmanl\u0131-T\u00fcrk toplumu, 200 y\u0131ll\u0131k bir \u00e7abaya ra\u011fmen, kapitalistle\u015fme \/sanayile\u015fme s\u00fcrecinin bir noktas\u0131nda tak\u0131lm\u0131\u015fa benziyor. T\u00fcrk insan\u0131n\u0131n g\u00fcncel ya\u015fam\u0131nda, kapitalizmi kapitalizm yapan kurumlar\u0131n \u00f6nemli bir b\u00f6l\u00fcm\u00fcn\u00fcn yoklu\u011fu bir yana, \u00fcstelik, kapitalizm \u00f6ncesi ideolojik ve politik yap\u0131n\u0131n etkisi de h\u00e2l\u00e2 g\u00fc\u00e7l\u00fcd\u00fcr. Bu ko\u015fullarda, ele\u015ftirel bir yakla\u015f\u0131m\u0131n, kapitalizmi bir t\u00fcrl\u00fc do\u011furamayan bir toplumun ya\u015fad\u0131\u011f\u0131 sanc\u0131l\u0131 bunal\u0131m i\u00e7inde olu\u015fan ge\u00e7mi\u015fe y\u00f6nelik tepkilerden kendisini ay\u0131rt etmesi zorunlu oluyor.\u201d \ufffcTan\u0131t\u0131m Metni<\/p>\n","protected":false},"excerpt":{"rendered":"<p>\u201cBat\u0131 Avrupa\u2019da kapitalizm ve sanayinin geli\u015fmesinin kendisi i\u00e7in yaratt\u0131\u011f\u0131 tehdidi, bug\u00fcn kendisinden daha geli\u015fmi\u015f bir ekonomiye sahip pek \u00e7ok \u00fclkeden \u00f6nce hisseden Osmanl\u0131-T\u00fcrk toplumu, 200 y\u0131ll\u0131k<span class=\"excerpt-hellip\"> [\u2026]<\/span><\/p>\n","protected":false},"featured_media":0,"template":"","meta":{"_monsterinsights_skip_tracking":false,"_monsterinsights_sitenote_active":false,"_monsterinsights_sitenote_note":"","_monsterinsights_sitenote_category":0},"product_brand":[],"product_cat":[12573,12566],"product_tag":[],"class_list":{"0":"post-695856","1":"product","2":"type-product","3":"status-publish","5":"product_cat-akademik-kitaplar","6":"product_cat-egitim","7":"pa_cilt-ciltsiz","8":"pa_tur-kitap","9":"pa_yayinevi-efil-yayinevi","10":"pa_yazar-asaf-savas-akat","12":"first","13":"instock","14":"sale","15":"shipping-taxable","16":"purchasable","17":"product-type-simple"},"_links":{"self":[{"href":"https:\/\/roveyayinevi.com.tr\/index.php\/wp-json\/wp\/v2\/product\/695856","targetHints":{"allow":["GET"]}}],"collection":[{"href":"https:\/\/roveyayinevi.com.tr\/index.php\/wp-json\/wp\/v2\/product"}],"about":[{"href":"https:\/\/roveyayinevi.com.tr\/index.php\/wp-json\/wp\/v2\/types\/product"}],"wp:attachment":[{"href":"https:\/\/roveyayinevi.com.tr\/index.php\/wp-json\/wp\/v2\/media?parent=695856"}],"wp:term":[{"taxonomy":"product_brand","embeddable":true,"href":"https:\/\/roveyayinevi.com.tr\/index.php\/wp-json\/wp\/v2\/product_brand?post=695856"},{"taxonomy":"product_cat","embeddable":true,"href":"https:\/\/roveyayinevi.com.tr\/index.php\/wp-json\/wp\/v2\/product_cat?post=695856"},{"taxonomy":"product_tag","embeddable":true,"href":"https:\/\/roveyayinevi.com.tr\/index.php\/wp-json\/wp\/v2\/product_tag?post=695856"}],"curies":[{"name":"wp","href":"https:\/\/api.w.org\/{rel}","templated":true}]}}