{"id":695853,"date":"2025-08-27T14:31:35","date_gmt":"2025-08-27T11:31:35","guid":{"rendered":"https:\/\/roveyayinevi.com.tr\/index.php\/urun\/gida-mikrobiyolojisi\/"},"modified":"2026-04-16T02:05:47","modified_gmt":"2026-04-15T23:05:47","slug":"gida-mikrobiyolojisi","status":"publish","type":"product","link":"https:\/\/roveyayinevi.com.tr\/index.php\/urun\/gida-mikrobiyolojisi\/","title":{"rendered":"G\u0131da Mikrobiyolojisi"},"content":{"rendered":"<p>G\u0131da Mikrobiyolojisi; g\u0131da m\u00fchendislerine, \u00e7evre m\u00fchendislerine, g\u0131da teknologlar\u0131na, ziraat m\u00fchendislerine, biyologlara, mikrobiyologlara, veterinerlere, hijyenistlere, bu alanlarda e\u011fitim alan veya kariyer i\u00e7in haz\u0131rlananlara, ilgili meslek konular\u0131nda ara\u015ft\u0131rma yapanlara ve g\u0131da \u00fcretimi veya g\u0131da ile ilgili u\u011fra\u015f\u0131 olanlara y\u00f6nelik haz\u0131rlanm\u0131\u015f bir kitapt\u0131r. Bu kitab\u0131n i\u00e7eri\u011finde g\u0131da mikrobiyolojisinin temelleri, g\u0131dalarda olu\u015fan mikrobiyal bozulmalar, g\u0131da kaynakl\u0131 hastal\u0131klar, g\u0131da koruma y\u00f6ntemleri, g\u0131da g\u00fcvenli\u011fi indikat\u00f6rleri, fermente g\u0131dalar\u0131n mikrobiyolojisi, g\u0131da analiz y\u00f6ntemleri ve g\u0131da g\u00fcvenli\u011fi konular\u0131na yer verilmi\u015ftir.<\/p>\n","protected":false},"excerpt":{"rendered":"<p>G\u0131da Mikrobiyolojisi; g\u0131da m\u00fchendislerine, \u00e7evre m\u00fchendislerine, g\u0131da teknologlar\u0131na, ziraat m\u00fchendislerine, biyologlara, mikrobiyologlara, veterinerlere, hijyenistlere, bu alanlarda e\u011fitim alan veya kariyer i\u00e7in haz\u0131rlananlara, ilgili meslek konular\u0131nda ara\u015ft\u0131rma<span class=\"excerpt-hellip\"> [\u2026]<\/span><\/p>\n","protected":false},"featured_media":0,"template":"","meta":{"_monsterinsights_skip_tracking":false,"_monsterinsights_sitenote_active":false,"_monsterinsights_sitenote_note":"","_monsterinsights_sitenote_category":0},"product_brand":[],"product_cat":[12573,12566],"product_tag":[],"class_list":{"0":"post-695853","1":"product","2":"type-product","3":"status-publish","5":"product_cat-akademik-kitaplar","6":"product_cat-egitim","7":"pa_cilt-ciltsiz","8":"pa_tur-kitap","9":"pa_yayinevi-efil-yayinevi","10":"pa_yazar-osman-erkmen","12":"first","13":"instock","14":"sale","15":"shipping-taxable","16":"purchasable","17":"product-type-simple"},"_links":{"self":[{"href":"https:\/\/roveyayinevi.com.tr\/index.php\/wp-json\/wp\/v2\/product\/695853","targetHints":{"allow":["GET"]}}],"collection":[{"href":"https:\/\/roveyayinevi.com.tr\/index.php\/wp-json\/wp\/v2\/product"}],"about":[{"href":"https:\/\/roveyayinevi.com.tr\/index.php\/wp-json\/wp\/v2\/types\/product"}],"wp:attachment":[{"href":"https:\/\/roveyayinevi.com.tr\/index.php\/wp-json\/wp\/v2\/media?parent=695853"}],"wp:term":[{"taxonomy":"product_brand","embeddable":true,"href":"https:\/\/roveyayinevi.com.tr\/index.php\/wp-json\/wp\/v2\/product_brand?post=695853"},{"taxonomy":"product_cat","embeddable":true,"href":"https:\/\/roveyayinevi.com.tr\/index.php\/wp-json\/wp\/v2\/product_cat?post=695853"},{"taxonomy":"product_tag","embeddable":true,"href":"https:\/\/roveyayinevi.com.tr\/index.php\/wp-json\/wp\/v2\/product_tag?post=695853"}],"curies":[{"name":"wp","href":"https:\/\/api.w.org\/{rel}","templated":true}]}}