{"id":695851,"date":"2025-08-27T14:31:35","date_gmt":"2025-08-27T11:31:35","guid":{"rendered":"https:\/\/roveyayinevi.com.tr\/index.php\/urun\/modern-makroekonomi\/"},"modified":"2026-04-16T02:05:47","modified_gmt":"2026-04-15T23:05:47","slug":"modern-makroekonomi","status":"publish","type":"product","link":"https:\/\/roveyayinevi.com.tr\/index.php\/urun\/modern-makroekonomi\/","title":{"rendered":"Modern Makroekonomi"},"content":{"rendered":"<p>Bu eser, ya\u015fad\u0131\u011f\u0131m\u0131z ekonomik d\u00fczenin a\u00e7\u0131klanmas\u0131nda temel al\u0131nan ana ak\u0131m iktisat okullar\u0131n\u0131 kar\u015f\u0131la\u015ft\u0131rmal\u0131 ve derinlikli bir \u015fekilde analiz ederek g\u00fcn\u00fcm\u00fczdeki makroekonomik yap\u0131n\u0131n temel yap\u0131 ta\u015flar\u0131n\u0131 sunmaktad\u0131r. Yazarlar, bu okullar\u0131n teorik yap\u0131lar\u0131n\u0131 detayl\u0131 bir \u015fekilde anlatmalar\u0131n\u0131n yan\u0131 s\u0131ra,  Keynes ve Klasik okul aras\u0131ndaki tart\u0131\u015fma \u00fczerine Robert Skidelsky ile, ortodoks Keynesyen okul \u00fczerine James Tobin ile, ortodoks monetarist okul \u00fczerine Milton Friedman ile, yeni klasik okul \u00fczerine Robert E. Lucas Jr. ile, reel i\u015f \u00e7evrimi okulu \u00fczerine Edward C. Prescott ile, yeni Keynesyen okul \u00fczerine N. Gregory Mankiw ile, yeni politik makroekonomi \u00fczerine Alberto Alesina ve ekonomik b\u00fcy\u00fcme ara\u015ft\u0131rmalar\u0131n\u0131n r\u00f6nesans\u0131 \u00fczerine Robert M. Solow ve Paul M. Romer ile temsil ettikleri okullara dair s\u00f6yle\u015filer ger\u00e7ekle\u015ftirerek bu d\u00fc\u015f\u00fcnce ak\u0131mlar\u0131n\u0131n hangi ko\u015fullar i\u00e7erisinde hangi sorunlara \u00e7\u00f6z\u00fcm bulma amac\u0131yla ortaya \u00e7\u0131kt\u0131klar\u0131n\u0131 g\u00f6stermi\u015flerdir. Kitapta ayr\u0131ca, Post Keynesyen okul ve Avusturya okulu \u00fczerine olan b\u00f6l\u00fcmler, bu okullar\u0131n \u00f6nemli isimleri olan Paul Davidson ve Roger W. Garrison taraf\u0131ndan yaz\u0131lm\u0131\u015ft\u0131r. D\u00fcnyada pek \u00e7ok \u00fcniversitede lisans ve lisans\u00fcst\u00fc e\u011fitimde ders kitab\u0131 olarak okutulan Modern Makroekonomi ayn\u0131 zamanda ara\u015ft\u0131rmac\u0131lar i\u00e7in de temel bir eser niteli\u011findedir. <\/p>\n","protected":false},"excerpt":{"rendered":"<p>Bu eser, ya\u015fad\u0131\u011f\u0131m\u0131z ekonomik d\u00fczenin a\u00e7\u0131klanmas\u0131nda temel al\u0131nan ana ak\u0131m iktisat okullar\u0131n\u0131 kar\u015f\u0131la\u015ft\u0131rmal\u0131 ve derinlikli bir \u015fekilde analiz ederek g\u00fcn\u00fcm\u00fczdeki makroekonomik yap\u0131n\u0131n temel yap\u0131 ta\u015flar\u0131n\u0131 sunmaktad\u0131r.<span class=\"excerpt-hellip\"> [\u2026]<\/span><\/p>\n","protected":false},"featured_media":0,"template":"","meta":{"_monsterinsights_skip_tracking":false,"_monsterinsights_sitenote_active":false,"_monsterinsights_sitenote_note":"","_monsterinsights_sitenote_category":0},"product_brand":[],"product_cat":[12573,12566],"product_tag":[],"class_list":{"0":"post-695851","1":"product","2":"type-product","3":"status-publish","5":"product_cat-akademik-kitaplar","6":"product_cat-egitim","7":"pa_cilt-ciltsiz","8":"pa_tur-kitap","9":"pa_yayinevi-efil-yayinevi","10":"pa_yazar-brian-snowdon","12":"first","13":"instock","14":"sale","15":"shipping-taxable","16":"purchasable","17":"product-type-simple"},"_links":{"self":[{"href":"https:\/\/roveyayinevi.com.tr\/index.php\/wp-json\/wp\/v2\/product\/695851","targetHints":{"allow":["GET"]}}],"collection":[{"href":"https:\/\/roveyayinevi.com.tr\/index.php\/wp-json\/wp\/v2\/product"}],"about":[{"href":"https:\/\/roveyayinevi.com.tr\/index.php\/wp-json\/wp\/v2\/types\/product"}],"wp:attachment":[{"href":"https:\/\/roveyayinevi.com.tr\/index.php\/wp-json\/wp\/v2\/media?parent=695851"}],"wp:term":[{"taxonomy":"product_brand","embeddable":true,"href":"https:\/\/roveyayinevi.com.tr\/index.php\/wp-json\/wp\/v2\/product_brand?post=695851"},{"taxonomy":"product_cat","embeddable":true,"href":"https:\/\/roveyayinevi.com.tr\/index.php\/wp-json\/wp\/v2\/product_cat?post=695851"},{"taxonomy":"product_tag","embeddable":true,"href":"https:\/\/roveyayinevi.com.tr\/index.php\/wp-json\/wp\/v2\/product_tag?post=695851"}],"curies":[{"name":"wp","href":"https:\/\/api.w.org\/{rel}","templated":true}]}}