{"id":695845,"date":"2025-08-27T14:31:33","date_gmt":"2025-08-27T11:31:33","guid":{"rendered":"https:\/\/roveyayinevi.com.tr\/index.php\/urun\/isgucu-piyasasi-kurallarinin-savunusu\/"},"modified":"2026-04-16T02:05:46","modified_gmt":"2026-04-15T23:05:46","slug":"isgucu-piyasasi-kurallarinin-savunusu","status":"publish","type":"product","link":"https:\/\/roveyayinevi.com.tr\/index.php\/urun\/isgucu-piyasasi-kurallarinin-savunusu\/","title":{"rendered":"\u0130\u015fg\u00fcc\u00fc Piyasas\u0131 Kurallar\u0131n\u0131n Savunusu"},"content":{"rendered":"<p>\u0130\u015fg\u00fcc\u00fc piyasas\u0131 kurallar\u0131, bir\u00e7ok geli\u015fmekte olan \u00fclkenin k\u00f6t\u00fc ekonomik performans\u0131n\u0131n nedeni olarak g\u00f6r\u00fclmektedir. Bir disiplinler aras\u0131 ara\u015ft\u0131rma grubu, teorik ve ampirik kan\u0131tlara dayanarak, bu sav\u0131n dayand\u0131\u011f\u0131 kan\u0131tlar\u0131n zay\u0131f oldu\u011funu g\u00f6stermektedir. Bu kitap, formel i\u015fg\u00fcc\u00fc piyasas\u0131 d\u00fczenlemelerinin ve politikalar\u0131n\u0131n geli\u015fmekte olan \u00fclkelerde neden uyguland\u0131\u011f\u0131n\u0131 ve formel olmayan de\u011ferlerin ve normlar\u0131n da i\u015fg\u00fcc\u00fc piyasas\u0131n\u0131n i\u015fleyi\u015fini nas\u0131l etkiledi\u011fini ortaya koymaktad\u0131r. Kitap, bu konudaki tart\u0131\u015fmalar\u0131n oda\u011f\u0131n\u0131 olu\u015fturan kavramsal ve metodolojik sorulara \u0131\u015f\u0131k tutarken, ayn\u0131 zamanda bu kurallar\u0131n ekonomik etkilerini analiz etmektedir. Bu kitap i\u015fg\u00fcc\u00fc kurumlar\u0131n\u0131 i\u015fg\u00fcc\u00fc piyasas\u0131 kat\u0131l\u0131\u011f\u0131 ile e\u015f tutan mevcut bak\u0131\u015f a\u00e7\u0131s\u0131na kar\u015f\u0131 \u00e7\u0131kmakta ve farkl\u0131 gelir d\u00fczeylerine sahip \u00fclkelerin ihtiya\u00e7lar\u0131n\u0131 ve kar\u015f\u0131 kar\u015f\u0131ya olduklar\u0131 g\u00fc\u00e7l\u00fckleri g\u00f6z \u00f6n\u00fcne alarak belli politikalar\u0131 ve standartlar\u0131 s\u00fcrd\u00fcrmenin ekonomik ve sosyal nedenlerini ortaya koymaktad\u0131r. Janine Berg Uluslararas\u0131 \u00c7al\u0131\u015fma \u00d6rg\u00fct\u00fcnde \u00e7al\u0131\u015fan k\u0131demli bir i\u015fg\u00fcc\u00fc iktisat\u00e7\u0131s\u0131d\u0131r. Berg; Kimin \u0130\u00e7in Mucize?, Serbest Ticaret Alt\u0131nda \u015eilili \u0130\u015f\u00e7iler ve \u0130stihdam Sorunu \u0130le M\u00fccadele: K\u00fcresel Ekonomide Arjantin, Brezilya ve Meksika kitaplar\u0131n\u0131n yazar\u0131d\u0131r. David Kucera Uluslararas\u0131 \u00c7al\u0131\u015fma \u00d6rg\u00fct\u00fcnde \u00e7al\u0131\u015fan ara\u015ft\u0131rmac\u0131 bir iktisat\u00e7\u0131d\u0131r. Kucera; Cinsiyet, B\u00fcy\u00fcme ve Ticaret kitab\u0131n\u0131n yazar\u0131 ve \u0130\u015fg\u00fcc\u00fc Standartlar\u0131n\u0131n Niteliksel G\u00f6stergeleri kitab\u0131n\u0131n edit\u00f6r\u00fc ve yazarlar\u0131ndan biri olup, ayr\u0131ca i\u015fg\u00fcc\u00fc standartlar\u0131n\u0131n ekonomik etkileri ve ili\u015fkili konulardaki bir\u00e7ok makalenin yazar\u0131d\u0131r. <\/p>\n","protected":false},"excerpt":{"rendered":"<p>\u0130\u015fg\u00fcc\u00fc piyasas\u0131 kurallar\u0131, bir\u00e7ok geli\u015fmekte olan \u00fclkenin k\u00f6t\u00fc ekonomik performans\u0131n\u0131n nedeni olarak g\u00f6r\u00fclmektedir. Bir disiplinler aras\u0131 ara\u015ft\u0131rma grubu, teorik ve ampirik kan\u0131tlara dayanarak, bu sav\u0131n dayand\u0131\u011f\u0131<span class=\"excerpt-hellip\"> [\u2026]<\/span><\/p>\n","protected":false},"featured_media":0,"template":"","meta":{"_monsterinsights_skip_tracking":false,"_monsterinsights_sitenote_active":false,"_monsterinsights_sitenote_note":"","_monsterinsights_sitenote_category":0},"product_brand":[],"product_cat":[12573,12566],"product_tag":[],"class_list":{"0":"post-695845","1":"product","2":"type-product","3":"status-publish","5":"product_cat-akademik-kitaplar","6":"product_cat-egitim","7":"pa_tur-kitap","8":"pa_yayinevi-efil-yayinevi","9":"pa_yazar-kolektif","11":"first","12":"instock","13":"sale","14":"shipping-taxable","15":"purchasable","16":"product-type-simple"},"_links":{"self":[{"href":"https:\/\/roveyayinevi.com.tr\/index.php\/wp-json\/wp\/v2\/product\/695845","targetHints":{"allow":["GET"]}}],"collection":[{"href":"https:\/\/roveyayinevi.com.tr\/index.php\/wp-json\/wp\/v2\/product"}],"about":[{"href":"https:\/\/roveyayinevi.com.tr\/index.php\/wp-json\/wp\/v2\/types\/product"}],"wp:attachment":[{"href":"https:\/\/roveyayinevi.com.tr\/index.php\/wp-json\/wp\/v2\/media?parent=695845"}],"wp:term":[{"taxonomy":"product_brand","embeddable":true,"href":"https:\/\/roveyayinevi.com.tr\/index.php\/wp-json\/wp\/v2\/product_brand?post=695845"},{"taxonomy":"product_cat","embeddable":true,"href":"https:\/\/roveyayinevi.com.tr\/index.php\/wp-json\/wp\/v2\/product_cat?post=695845"},{"taxonomy":"product_tag","embeddable":true,"href":"https:\/\/roveyayinevi.com.tr\/index.php\/wp-json\/wp\/v2\/product_tag?post=695845"}],"curies":[{"name":"wp","href":"https:\/\/api.w.org\/{rel}","templated":true}]}}