{"id":695841,"date":"2025-08-27T14:31:32","date_gmt":"2025-08-27T11:31:32","guid":{"rendered":"https:\/\/roveyayinevi.com.tr\/index.php\/urun\/guz-davullari-kisim-2\/"},"modified":"2026-04-16T02:05:46","modified_gmt":"2026-04-15T23:05:46","slug":"guz-davullari-kisim-2","status":"publish","type":"product","link":"https:\/\/roveyayinevi.com.tr\/index.php\/urun\/guz-davullari-kisim-2\/","title":{"rendered":"G\u00fcz Davullar\u0131 K\u0131s\u0131m 2"},"content":{"rendered":"<p>Her \u015fey antik bir ta\u015f halkada ba\u015flad\u0131. Orada, belli zamanlarda a\u00e7\u0131lan bir kap\u0131 vard\u0131 ve yolcular\u0131n\u0131 ge\u00e7mi\u015fe &#8211; ya da \u00f6l\u00fcme &#8211; ta\u015f\u0131yordu. Claire Randall bu ola\u011fan\u00fcst\u00fc ge\u00e7itten ge\u00e7meyi ba\u015fard\u0131, hem de iki kez. \u0130lk yolculu\u011funu 18. y\u00fczy\u0131l \u0130sko\u00e7ya&#8217;s\u0131na yapt\u0131 ve Jamie Fraser ile tan\u0131\u015ft\u0131 ama efsanevi a\u015fklar\u0131 Claire&#8217;in onun \u00e7ocu\u011funu ta\u015f\u0131yarak g\u00fcn\u00fcm\u00fcze d\u00f6nmesiyle sonu\u00e7land\u0131. \u0130kinci yolculu\u011funu ilk seferinden yirmi y\u0131l sonra yapt\u0131 ve iki \u00e2\u015f\u0131k Amerika&#8217;daki \u0130ngiliz kolonilerinde birbirine kavu\u015ftu. Ancak Claire bir \u015feyi geride, 20. y\u00fczy\u0131lda b\u0131rakm\u0131\u015ft\u0131: K\u0131zlar\u0131 Brianna.YABANCI serisinin d\u00f6rd\u00fcnc\u00fc kitab\u0131 olan G\u00fcz Davullar\u0131&#8217;nda ise Brianna korkun\u00e7 bir s\u0131rr\u0131 ke\u015ffediyor. Gelece\u011fini riske at\u0131p annesini ve hi\u00e7 tan\u0131\u015fmad\u0131\u011f\u0131 babas\u0131n\u0131 bulmak i\u00e7in tarihi de\u011fi\u015ftirmeyi\u2026 ve onlar\u0131n hayat\u0131n\u0131 kurtarmay\u0131 deniyor. &#8220;Unutulmaz karakterler\u2026 Zengin tarihi detaylarla bezeli\u2026 Elinizden b\u0131rakamayacaks\u0131n\u0131z.&#8221;The Cincinnati Post&#8221;Tutkulu ve muhte\u015fem. Tarih, fantezi ve romantizmin m\u00fcthi\u015f bir kar\u0131\u015f\u0131m\u0131.&#8221;Arizona Republic <\/p>\n","protected":false},"excerpt":{"rendered":"<p>Her \u015fey antik bir ta\u015f halkada ba\u015flad\u0131. Orada, belli zamanlarda a\u00e7\u0131lan bir kap\u0131 vard\u0131 ve yolcular\u0131n\u0131 ge\u00e7mi\u015fe &#8211; ya da \u00f6l\u00fcme &#8211; ta\u015f\u0131yordu. Claire Randall bu<span class=\"excerpt-hellip\"> [\u2026]<\/span><\/p>\n","protected":false},"featured_media":0,"template":"","meta":{"_monsterinsights_skip_tracking":false,"_monsterinsights_sitenote_active":false,"_monsterinsights_sitenote_note":"","_monsterinsights_sitenote_category":0},"product_brand":[],"product_cat":[12291,12711],"product_tag":[],"class_list":{"0":"post-695841","1":"product","2":"type-product","3":"status-publish","5":"product_cat-edebiyat","6":"product_cat-roman-oyku","7":"pa_cilt-ciltsiz","8":"pa_tur-kitap","9":"pa_yayinevi-epsilon-yayinlari","10":"pa_yazar-diana-gabaldon","12":"first","13":"instock","14":"sale","15":"shipping-taxable","16":"purchasable","17":"product-type-simple"},"_links":{"self":[{"href":"https:\/\/roveyayinevi.com.tr\/index.php\/wp-json\/wp\/v2\/product\/695841","targetHints":{"allow":["GET"]}}],"collection":[{"href":"https:\/\/roveyayinevi.com.tr\/index.php\/wp-json\/wp\/v2\/product"}],"about":[{"href":"https:\/\/roveyayinevi.com.tr\/index.php\/wp-json\/wp\/v2\/types\/product"}],"wp:attachment":[{"href":"https:\/\/roveyayinevi.com.tr\/index.php\/wp-json\/wp\/v2\/media?parent=695841"}],"wp:term":[{"taxonomy":"product_brand","embeddable":true,"href":"https:\/\/roveyayinevi.com.tr\/index.php\/wp-json\/wp\/v2\/product_brand?post=695841"},{"taxonomy":"product_cat","embeddable":true,"href":"https:\/\/roveyayinevi.com.tr\/index.php\/wp-json\/wp\/v2\/product_cat?post=695841"},{"taxonomy":"product_tag","embeddable":true,"href":"https:\/\/roveyayinevi.com.tr\/index.php\/wp-json\/wp\/v2\/product_tag?post=695841"}],"curies":[{"name":"wp","href":"https:\/\/api.w.org\/{rel}","templated":true}]}}