{"id":695839,"date":"2025-08-27T14:31:31","date_gmt":"2025-08-27T11:31:31","guid":{"rendered":"https:\/\/roveyayinevi.com.tr\/index.php\/urun\/yuksek-matematik-kilavuzu-1\/"},"modified":"2026-04-16T02:05:46","modified_gmt":"2026-04-15T23:05:46","slug":"yuksek-matematik-kilavuzu-1","status":"publish","type":"product","link":"https:\/\/roveyayinevi.com.tr\/index.php\/urun\/yuksek-matematik-kilavuzu-1\/","title":{"rendered":"Y\u00fcksek Matematik K\u0131lavuzu 1"},"content":{"rendered":"<p>\u00c7a\u011fda\u015f bilim ve teknoloji, matematik ve matematik modellemenin uygulamalar\u0131 olmadan d\u00fc\u015f\u00fcn\u00fclemez. Bilim tarih\u00e7ilerinin ortak d\u00fc\u015f\u00fcncesine g\u00f6re, ya\u015f\u0131 10 bin y\u0131l\u0131n \u00e7ok daha \u00fcst\u00fcnde olan insanl\u0131k tarihinin en h\u0131zl\u0131 geli\u015fti\u011fi d\u00f6nem, Isaac Newton\u2019un, XVII. y\u00fczy\u0131lda, matemati\u011fin   Diferansiyel ve \u0130ntegral Hesap  , yani   Y\u00fcksek Matematik   denilen b\u00f6l\u00fcm\u00fcn\u00fc bir bilim haline getirerek, \u00e7a\u011f\u0131n teknolojisine uygulama y\u00f6ntemlerini belirlemesinden sonra ba\u015flar. Bu nedenle, Matematik e\u011fitimi ve uygulamal\u0131 matematik ara\u015ft\u0131rmalar\u0131nda \u00f6nde olan \u00fclkeler, teknolojide de \u00f6nde olmay\u0131 s\u00fcrd\u00fcrmektedirler. <\/p>\n","protected":false},"excerpt":{"rendered":"<p>\u00c7a\u011fda\u015f bilim ve teknoloji, matematik ve matematik modellemenin uygulamalar\u0131 olmadan d\u00fc\u015f\u00fcn\u00fclemez. Bilim tarih\u00e7ilerinin ortak d\u00fc\u015f\u00fcncesine g\u00f6re, ya\u015f\u0131 10 bin y\u0131l\u0131n \u00e7ok daha \u00fcst\u00fcnde olan insanl\u0131k tarihinin<span class=\"excerpt-hellip\"> [\u2026]<\/span><\/p>\n","protected":false},"featured_media":0,"template":"","meta":{"_monsterinsights_skip_tracking":false,"_monsterinsights_sitenote_active":false,"_monsterinsights_sitenote_note":"","_monsterinsights_sitenote_category":0},"product_brand":[],"product_cat":[12364,16266],"product_tag":[],"class_list":{"0":"post-695839","1":"product","2":"type-product","3":"status-publish","5":"product_cat-genel-konular","6":"product_cat-referans-kaynak-kitap","7":"pa_tur-kitap","8":"pa_yayinevi-efil-yayinevi","9":"pa_yazar-hilmi-hacisalihoglu","11":"first","12":"instock","13":"sale","14":"shipping-taxable","15":"purchasable","16":"product-type-simple"},"_links":{"self":[{"href":"https:\/\/roveyayinevi.com.tr\/index.php\/wp-json\/wp\/v2\/product\/695839","targetHints":{"allow":["GET"]}}],"collection":[{"href":"https:\/\/roveyayinevi.com.tr\/index.php\/wp-json\/wp\/v2\/product"}],"about":[{"href":"https:\/\/roveyayinevi.com.tr\/index.php\/wp-json\/wp\/v2\/types\/product"}],"wp:attachment":[{"href":"https:\/\/roveyayinevi.com.tr\/index.php\/wp-json\/wp\/v2\/media?parent=695839"}],"wp:term":[{"taxonomy":"product_brand","embeddable":true,"href":"https:\/\/roveyayinevi.com.tr\/index.php\/wp-json\/wp\/v2\/product_brand?post=695839"},{"taxonomy":"product_cat","embeddable":true,"href":"https:\/\/roveyayinevi.com.tr\/index.php\/wp-json\/wp\/v2\/product_cat?post=695839"},{"taxonomy":"product_tag","embeddable":true,"href":"https:\/\/roveyayinevi.com.tr\/index.php\/wp-json\/wp\/v2\/product_tag?post=695839"}],"curies":[{"name":"wp","href":"https:\/\/api.w.org\/{rel}","templated":true}]}}