{"id":695838,"date":"2025-08-27T14:31:31","date_gmt":"2025-08-27T11:31:31","guid":{"rendered":"https:\/\/roveyayinevi.com.tr\/index.php\/urun\/yolda-sudoku\/"},"modified":"2026-04-16T02:05:46","modified_gmt":"2026-04-15T23:05:46","slug":"yolda-sudoku","status":"publish","type":"product","link":"https:\/\/roveyayinevi.com.tr\/index.php\/urun\/yolda-sudoku\/","title":{"rendered":"Yolda Sudoku"},"content":{"rendered":"<p>D\u00fcnyada ba\u015flayan bir \u00e7\u0131lg\u0131nl\u0131k var: Sudoku Dinlendirici, keyif verici, zihninizi a\u00e7\u0131k tutan rakamlar\u0131n bu sihirli oyunu ile tan\u0131\u015f\u0131n. Her yerde ve tek ba\u015f\u0131n\u0131za oynayabilirsiniz. Bir kez ba\u015flay\u0131n, b\u0131rakamad\u0131\u011f\u0131n\u0131z\u0131 g\u00f6receksiniz. <\/p>\n","protected":false},"excerpt":{"rendered":"<p>D\u00fcnyada ba\u015flayan bir \u00e7\u0131lg\u0131nl\u0131k var: Sudoku Dinlendirici, keyif verici, zihninizi a\u00e7\u0131k tutan rakamlar\u0131n bu sihirli oyunu ile tan\u0131\u015f\u0131n. Her yerde ve tek ba\u015f\u0131n\u0131za oynayabilirsiniz. Bir kez<span class=\"excerpt-hellip\"> [\u2026]<\/span><\/p>\n","protected":false},"featured_media":0,"template":"","meta":{"_monsterinsights_skip_tracking":false,"_monsterinsights_sitenote_active":false,"_monsterinsights_sitenote_note":"","_monsterinsights_sitenote_category":0},"product_brand":[],"product_cat":[16943,15563],"product_tag":[],"class_list":{"0":"post-695838","1":"product","2":"type-product","3":"status-publish","5":"product_cat-bilmeceler-bulmacalar","6":"product_cat-hobi","7":"pa_cilt-ciltsiz","8":"pa_tur-kitap","9":"pa_yayinevi-efil-yayinevi","10":"pa_yazar-cagatay-guler","12":"first","13":"instock","14":"sale","15":"shipping-taxable","16":"purchasable","17":"product-type-simple"},"_links":{"self":[{"href":"https:\/\/roveyayinevi.com.tr\/index.php\/wp-json\/wp\/v2\/product\/695838","targetHints":{"allow":["GET"]}}],"collection":[{"href":"https:\/\/roveyayinevi.com.tr\/index.php\/wp-json\/wp\/v2\/product"}],"about":[{"href":"https:\/\/roveyayinevi.com.tr\/index.php\/wp-json\/wp\/v2\/types\/product"}],"wp:attachment":[{"href":"https:\/\/roveyayinevi.com.tr\/index.php\/wp-json\/wp\/v2\/media?parent=695838"}],"wp:term":[{"taxonomy":"product_brand","embeddable":true,"href":"https:\/\/roveyayinevi.com.tr\/index.php\/wp-json\/wp\/v2\/product_brand?post=695838"},{"taxonomy":"product_cat","embeddable":true,"href":"https:\/\/roveyayinevi.com.tr\/index.php\/wp-json\/wp\/v2\/product_cat?post=695838"},{"taxonomy":"product_tag","embeddable":true,"href":"https:\/\/roveyayinevi.com.tr\/index.php\/wp-json\/wp\/v2\/product_tag?post=695838"}],"curies":[{"name":"wp","href":"https:\/\/api.w.org\/{rel}","templated":true}]}}