{"id":695837,"date":"2025-08-27T14:31:31","date_gmt":"2025-08-27T11:31:31","guid":{"rendered":"https:\/\/roveyayinevi.com.tr\/index.php\/urun\/uretim-yonetiminde-yeni-yaklasimlar-ve-uygulamalar\/"},"modified":"2026-04-16T02:05:46","modified_gmt":"2026-04-15T23:05:46","slug":"uretim-yonetiminde-yeni-yaklasimlar-ve-uygulamalar","status":"publish","type":"product","link":"https:\/\/roveyayinevi.com.tr\/index.php\/urun\/uretim-yonetiminde-yeni-yaklasimlar-ve-uygulamalar\/","title":{"rendered":"\u00dcretim Y\u00f6netiminde Yeni Yakla\u015f\u0131mlar ve Uygulamalar"},"content":{"rendered":"<p>\u00dcretim y\u00f6netimi alan\u0131nda yak\u0131n ge\u00e7mi\u015fte bir\u00e7ok yeni y\u00f6netim yakla\u015f\u0131mlar\u0131 ortaya at\u0131lm\u0131\u015ft\u0131r. Bunlar aras\u0131nda Toplam Kalite Y\u00f6netimi, Yal\u0131n \u00dcretim, Tedarik Zinciri Y\u00f6netimi, 6 Sigma, K\u0131s\u0131tlar Teorisi, S\u00fcre\u00e7 Odakl\u0131 Y\u00f6netim, Esnek \u00dcretim Sistemleri gibi yakla\u015f\u0131mlar yayg\u0131n olarak bilinen ve i\u015fletmeler taraf\u0131ndan benimsenen g\u00fcncel uygulamalard\u0131r. Bu kitapta bu yakla\u015f\u0131mlar\u0131n temel bilgilerine ve uygulamalar\u0131na yer verilmekle birlikte, \u00fcretim y\u00f6netiminin temel konular\u0131 niteli\u011finde olan \u00fcretim planlama, \u00fcretim t\u00fcrleri ve s\u0131n\u0131fland\u0131rmas\u0131, \u00fcretim tarihi, stok y\u00f6netimi, talep tahmini gibi konular da i\u015flenmektedir. Yal\u0131n \u00dcretim, Toplam Kalite Y\u00f6netimi, Tedarik Zinciri Y\u00f6netimi, 6 Sigma gibi yeni yakla\u015f\u0131mlar i\u00e7in ba\u015far\u0131l\u0131 firma \u00f6rneklerine de (\u00f6rne\u011fin Toyota, Walmart gibi) yer verilerek, anlat\u0131lan konular\u0131n g\u00fcncel ve ilgi \u00e7ekici olmas\u0131na \u00e7al\u0131\u015f\u0131lm\u0131\u015ft\u0131r. Kitab\u0131n i\u00e7eri\u011fi hem \u00fcniversite \u00f6\u011frencilerine ve akademisyenlere hem de sanayide \u00e7al\u0131\u015fan \u00fcretim y\u00f6neticilerine hitap etmektedir. <\/p>\n","protected":false},"excerpt":{"rendered":"<p>\u00dcretim y\u00f6netimi alan\u0131nda yak\u0131n ge\u00e7mi\u015fte bir\u00e7ok yeni y\u00f6netim yakla\u015f\u0131mlar\u0131 ortaya at\u0131lm\u0131\u015ft\u0131r. Bunlar aras\u0131nda Toplam Kalite Y\u00f6netimi, Yal\u0131n \u00dcretim, Tedarik Zinciri Y\u00f6netimi, 6 Sigma, K\u0131s\u0131tlar Teorisi, S\u00fcre\u00e7<span class=\"excerpt-hellip\"> [\u2026]<\/span><\/p>\n","protected":false},"featured_media":0,"template":"","meta":{"_monsterinsights_skip_tracking":false,"_monsterinsights_sitenote_active":false,"_monsterinsights_sitenote_note":"","_monsterinsights_sitenote_category":0},"product_brand":[],"product_cat":[12365,12364],"product_tag":[],"class_list":{"0":"post-695837","1":"product","2":"type-product","3":"status-publish","5":"product_cat-diger-genel-konular","6":"product_cat-genel-konular","7":"pa_cilt-ciltsiz","8":"pa_tur-kitap","9":"pa_yayinevi-efil-yayinevi","10":"pa_yazar-bulent-sezen","12":"first","13":"instock","14":"sale","15":"shipping-taxable","16":"purchasable","17":"product-type-simple"},"_links":{"self":[{"href":"https:\/\/roveyayinevi.com.tr\/index.php\/wp-json\/wp\/v2\/product\/695837","targetHints":{"allow":["GET"]}}],"collection":[{"href":"https:\/\/roveyayinevi.com.tr\/index.php\/wp-json\/wp\/v2\/product"}],"about":[{"href":"https:\/\/roveyayinevi.com.tr\/index.php\/wp-json\/wp\/v2\/types\/product"}],"wp:attachment":[{"href":"https:\/\/roveyayinevi.com.tr\/index.php\/wp-json\/wp\/v2\/media?parent=695837"}],"wp:term":[{"taxonomy":"product_brand","embeddable":true,"href":"https:\/\/roveyayinevi.com.tr\/index.php\/wp-json\/wp\/v2\/product_brand?post=695837"},{"taxonomy":"product_cat","embeddable":true,"href":"https:\/\/roveyayinevi.com.tr\/index.php\/wp-json\/wp\/v2\/product_cat?post=695837"},{"taxonomy":"product_tag","embeddable":true,"href":"https:\/\/roveyayinevi.com.tr\/index.php\/wp-json\/wp\/v2\/product_tag?post=695837"}],"curies":[{"name":"wp","href":"https:\/\/api.w.org\/{rel}","templated":true}]}}