{"id":695836,"date":"2025-08-27T14:31:31","date_gmt":"2025-08-27T11:31:31","guid":{"rendered":"https:\/\/roveyayinevi.com.tr\/index.php\/urun\/turkiyede-e-ogrenme-gelismeler-ve-uygulamalar\/"},"modified":"2026-04-16T02:05:46","modified_gmt":"2026-04-15T23:05:46","slug":"turkiyede-e-ogrenme-gelismeler-ve-uygulamalar","status":"publish","type":"product","link":"https:\/\/roveyayinevi.com.tr\/index.php\/urun\/turkiyede-e-ogrenme-gelismeler-ve-uygulamalar\/","title":{"rendered":"T\u00fcrkiye\u2019de  E-\u00f6\u011frenme &#8211; Geli\u015fmeler ve Uygulamalar"},"content":{"rendered":"<p>E-\u00f6\u011frenme, bireylere, e\u011fitsel materyallerin elektronik ortamda uygun ve esnek olarak yap\u0131land\u0131r\u0131labilmesi, h\u0131zl\u0131 g\u00fcncellenebilmesi, farkl\u0131 teknolojileri \u00f6\u011frenme s\u00fcrecine katabilmesi ve 7\/24 uygun olunan zamana g\u00f6re al\u0131nabilmesini sa\u011flarken kurumlar a\u00e7\u0131s\u0131ndan da e\u011fitimlerini sunabilecekleri ve nakledebilecekleri \u00f6nemli bir kavramd\u0131r. <\/p>\n","protected":false},"excerpt":{"rendered":"<p>E-\u00f6\u011frenme, bireylere, e\u011fitsel materyallerin elektronik ortamda uygun ve esnek olarak yap\u0131land\u0131r\u0131labilmesi, h\u0131zl\u0131 g\u00fcncellenebilmesi, farkl\u0131 teknolojileri \u00f6\u011frenme s\u00fcrecine katabilmesi ve 7\/24 uygun olunan zamana g\u00f6re al\u0131nabilmesini sa\u011flarken<span class=\"excerpt-hellip\"> [\u2026]<\/span><\/p>\n","protected":false},"featured_media":0,"template":"","meta":{"_monsterinsights_skip_tracking":false,"_monsterinsights_sitenote_active":false,"_monsterinsights_sitenote_note":"","_monsterinsights_sitenote_category":0},"product_brand":[],"product_cat":[17969,13043],"product_tag":[],"class_list":{"0":"post-695836","1":"product","2":"type-product","3":"status-publish","5":"product_cat-e-ticaret","6":"product_cat-ekonomi","7":"pa_tur-kitap","8":"pa_yayinevi-efil-yayinevi","9":"pa_yazar-kolektif","11":"first","12":"instock","13":"sale","14":"shipping-taxable","15":"purchasable","16":"product-type-simple"},"_links":{"self":[{"href":"https:\/\/roveyayinevi.com.tr\/index.php\/wp-json\/wp\/v2\/product\/695836","targetHints":{"allow":["GET"]}}],"collection":[{"href":"https:\/\/roveyayinevi.com.tr\/index.php\/wp-json\/wp\/v2\/product"}],"about":[{"href":"https:\/\/roveyayinevi.com.tr\/index.php\/wp-json\/wp\/v2\/types\/product"}],"wp:attachment":[{"href":"https:\/\/roveyayinevi.com.tr\/index.php\/wp-json\/wp\/v2\/media?parent=695836"}],"wp:term":[{"taxonomy":"product_brand","embeddable":true,"href":"https:\/\/roveyayinevi.com.tr\/index.php\/wp-json\/wp\/v2\/product_brand?post=695836"},{"taxonomy":"product_cat","embeddable":true,"href":"https:\/\/roveyayinevi.com.tr\/index.php\/wp-json\/wp\/v2\/product_cat?post=695836"},{"taxonomy":"product_tag","embeddable":true,"href":"https:\/\/roveyayinevi.com.tr\/index.php\/wp-json\/wp\/v2\/product_tag?post=695836"}],"curies":[{"name":"wp","href":"https:\/\/api.w.org\/{rel}","templated":true}]}}