{"id":695833,"date":"2025-08-27T14:31:21","date_gmt":"2025-08-27T11:31:21","guid":{"rendered":"https:\/\/roveyayinevi.com.tr\/index.php\/urun\/universiteler-ekonomik-buyumeye-nasil-katkida-bulunur\/"},"modified":"2026-04-16T02:05:46","modified_gmt":"2026-04-15T23:05:46","slug":"universiteler-ekonomik-buyumeye-nasil-katkida-bulunur","status":"publish","type":"product","link":"https:\/\/roveyayinevi.com.tr\/index.php\/urun\/universiteler-ekonomik-buyumeye-nasil-katkida-bulunur\/","title":{"rendered":"\u00dcniversiteler Ekonomik B\u00fcy\u00fcmeye Nas\u0131l Katk\u0131da Bulunur"},"content":{"rendered":"<p>Teknolojik becerilere giderek daha \u00e7ok dayal\u0131 hale gelen a\u00e7\u0131k ve b\u00fct\u00fcnle\u015fmi\u015f bir d\u00fcnyada firmalar\u0131n rekabet g\u00fcc\u00fc yan\u0131nda, \u00fcniversitelerden ekonomik geli\u015fmeyi te\u015fvik etmede artan bir rol almalar\u0131 isteniyor. \u00dcniversiteler e\u011fitim aktarman\u0131n \u00f6tesinde bug\u00fcn art\u0131k end\u00fcstriyel olarak de\u011ferli olan beceriler, yenilikler ve giri\u015fimcilik kaynaklar\u0131 olarak g\u00f6r\u00fcl\u00fcyorlar. Hem geli\u015fmi\u015f hem de geli\u015fmekte olan \u00fclkeler \u00fcniversitelerin b\u00fcy\u00fcmeyi te\u015fvik edici bu potansiyelini ger\u00e7ekle\u015ftirmeyi \u00f6ncelikleri haline getirdiler, bu durum e\u015fg\u00fcd\u00fcml\u00fc politika \u00e7al\u0131\u015fmalar\u0131 gerektiren bir stratejidir. \ufffcTan\u0131t\u0131m Metni<\/p>\n","protected":false},"excerpt":{"rendered":"<p>Teknolojik becerilere giderek daha \u00e7ok dayal\u0131 hale gelen a\u00e7\u0131k ve b\u00fct\u00fcnle\u015fmi\u015f bir d\u00fcnyada firmalar\u0131n rekabet g\u00fcc\u00fc yan\u0131nda, \u00fcniversitelerden ekonomik geli\u015fmeyi te\u015fvik etmede artan bir rol almalar\u0131<span class=\"excerpt-hellip\"> [\u2026]<\/span><\/p>\n","protected":false},"featured_media":0,"template":"","meta":{"_monsterinsights_skip_tracking":false,"_monsterinsights_sitenote_active":false,"_monsterinsights_sitenote_note":"","_monsterinsights_sitenote_category":0},"product_brand":[],"product_cat":[13043,14144],"product_tag":[],"class_list":{"0":"post-695833","1":"product","2":"type-product","3":"status-publish","5":"product_cat-ekonomi","6":"product_cat-turkiye-ekonomisi","7":"pa_tur-kitap","8":"pa_yayinevi-efil-yayinevi","9":"pa_yazar-kolektif","11":"first","12":"instock","13":"sale","14":"shipping-taxable","15":"purchasable","16":"product-type-simple"},"_links":{"self":[{"href":"https:\/\/roveyayinevi.com.tr\/index.php\/wp-json\/wp\/v2\/product\/695833","targetHints":{"allow":["GET"]}}],"collection":[{"href":"https:\/\/roveyayinevi.com.tr\/index.php\/wp-json\/wp\/v2\/product"}],"about":[{"href":"https:\/\/roveyayinevi.com.tr\/index.php\/wp-json\/wp\/v2\/types\/product"}],"wp:attachment":[{"href":"https:\/\/roveyayinevi.com.tr\/index.php\/wp-json\/wp\/v2\/media?parent=695833"}],"wp:term":[{"taxonomy":"product_brand","embeddable":true,"href":"https:\/\/roveyayinevi.com.tr\/index.php\/wp-json\/wp\/v2\/product_brand?post=695833"},{"taxonomy":"product_cat","embeddable":true,"href":"https:\/\/roveyayinevi.com.tr\/index.php\/wp-json\/wp\/v2\/product_cat?post=695833"},{"taxonomy":"product_tag","embeddable":true,"href":"https:\/\/roveyayinevi.com.tr\/index.php\/wp-json\/wp\/v2\/product_tag?post=695833"}],"curies":[{"name":"wp","href":"https:\/\/api.w.org\/{rel}","templated":true}]}}