{"id":695832,"date":"2025-08-27T14:31:20","date_gmt":"2025-08-27T11:31:20","guid":{"rendered":"https:\/\/roveyayinevi.com.tr\/index.php\/urun\/turev-piyasalarda-teminatlandirma-yontemleri\/"},"modified":"2026-04-16T02:05:46","modified_gmt":"2026-04-15T23:05:46","slug":"turev-piyasalarda-teminatlandirma-yontemleri","status":"publish","type":"product","link":"https:\/\/roveyayinevi.com.tr\/index.php\/urun\/turev-piyasalarda-teminatlandirma-yontemleri\/","title":{"rendered":"T\u00fcrev Piyasalarda Teminatland\u0131rma Y\u00f6ntemleri"},"content":{"rendered":"<p>Finansal piyasalardaki k\u00fcreselle\u015fme s\u00fcrecinde en \u00f6nemli rol\u00fc olan t\u00fcrev piyasalardaki h\u0131zl\u0131 geli\u015fme ve \u00fcr\u00fcn \u00e7e\u015fitlili\u011fidir. \u00d6zellikle krizler kar\u015f\u0131s\u0131nda art\u0131k i\u015fletmeler riskten korunma (hedging) stratejilerine daha fazla ihtiya\u00e7 duymaktad\u0131r. Buna ba\u011fl\u0131 olarak t\u00fcrev piyasalardaki i\u015flem hacmi her ge\u00e7en g\u00fcn art\u0131\u015f g\u00f6stermektedir. <\/p>\n","protected":false},"excerpt":{"rendered":"<p>Finansal piyasalardaki k\u00fcreselle\u015fme s\u00fcrecinde en \u00f6nemli rol\u00fc olan t\u00fcrev piyasalardaki h\u0131zl\u0131 geli\u015fme ve \u00fcr\u00fcn \u00e7e\u015fitlili\u011fidir. \u00d6zellikle krizler kar\u015f\u0131s\u0131nda art\u0131k i\u015fletmeler riskten korunma (hedging) stratejilerine daha fazla<span class=\"excerpt-hellip\"> [\u2026]<\/span><\/p>\n","protected":false},"featured_media":0,"template":"","meta":{"_monsterinsights_skip_tracking":false,"_monsterinsights_sitenote_active":false,"_monsterinsights_sitenote_note":"","_monsterinsights_sitenote_category":0},"product_brand":[],"product_cat":[17249,13043],"product_tag":[],"class_list":{"0":"post-695832","1":"product","2":"type-product","3":"status-publish","5":"product_cat-borsa-finans","6":"product_cat-ekonomi","7":"pa_tur-kitap","8":"pa_yayinevi-efil-yayinevi","9":"pa_yazar-ismail-orakcioglu","11":"first","12":"instock","13":"sale","14":"shipping-taxable","15":"purchasable","16":"product-type-simple"},"_links":{"self":[{"href":"https:\/\/roveyayinevi.com.tr\/index.php\/wp-json\/wp\/v2\/product\/695832","targetHints":{"allow":["GET"]}}],"collection":[{"href":"https:\/\/roveyayinevi.com.tr\/index.php\/wp-json\/wp\/v2\/product"}],"about":[{"href":"https:\/\/roveyayinevi.com.tr\/index.php\/wp-json\/wp\/v2\/types\/product"}],"wp:attachment":[{"href":"https:\/\/roveyayinevi.com.tr\/index.php\/wp-json\/wp\/v2\/media?parent=695832"}],"wp:term":[{"taxonomy":"product_brand","embeddable":true,"href":"https:\/\/roveyayinevi.com.tr\/index.php\/wp-json\/wp\/v2\/product_brand?post=695832"},{"taxonomy":"product_cat","embeddable":true,"href":"https:\/\/roveyayinevi.com.tr\/index.php\/wp-json\/wp\/v2\/product_cat?post=695832"},{"taxonomy":"product_tag","embeddable":true,"href":"https:\/\/roveyayinevi.com.tr\/index.php\/wp-json\/wp\/v2\/product_tag?post=695832"}],"curies":[{"name":"wp","href":"https:\/\/api.w.org\/{rel}","templated":true}]}}