{"id":695831,"date":"2025-08-27T14:31:20","date_gmt":"2025-08-27T11:31:20","guid":{"rendered":"https:\/\/roveyayinevi.com.tr\/index.php\/urun\/feodalite-ve-klasik-donem-osmanli-uretim-tarzi\/"},"modified":"2026-04-16T02:05:46","modified_gmt":"2026-04-15T23:05:46","slug":"feodalite-ve-klasik-donem-osmanli-uretim-tarzi","status":"publish","type":"product","link":"https:\/\/roveyayinevi.com.tr\/index.php\/urun\/feodalite-ve-klasik-donem-osmanli-uretim-tarzi\/","title":{"rendered":"Feodalite ve Klasik D\u00f6nem Osmanl\u0131 \u00dcretim Tarz\u0131"},"content":{"rendered":"<p>Modern T\u00fcrkiye 600 y\u0131ll\u0131k Osmanl\u0131 miras\u0131ndan soyutlanamaz. Bu olgunun bilinci i\u00e7inde,  bug\u00fcn\u00fc anlaman\u0131n  bir y\u00f6ntemi olarak bu kitap da Osmanl\u0131 \u00fcretim tarz\u0131n\u0131 olu\u015fumu i\u00e7inde incelemeye u\u011fra\u015ft\u0131k. Osmanl\u0131 \u00fcretim tarz\u0131n\u0131n niteli\u011fini belirleyebilmek i\u00e7in en uygun kar\u015f\u0131la\u015ft\u0131rma nesnesinin Feodal \u00fcretim tarz\u0131 oldu\u011fu kan\u0131s\u0131nday\u0131z. Bu kan\u0131ya varmam\u0131z\u0131n nedenlerinden birincisi, Feodal \u00fcretim tarz\u0131n\u0131n soyut d\u00fczeyde anla\u015f\u0131lmas\u0131 konusunda olduk\u00e7a b\u00fcy\u00fck mesafenin al\u0131nm\u0131\u015f bulunmas\u0131 ve somut d\u00fczeyde, sa\u011fl\u0131kl\u0131 bir kar\u015f\u0131la\u015ft\u0131rma yapmaya olanak verecek yeterlikte malzemenin var olmas\u0131d\u0131r. Osmanl\u0131 \u00fcretim tarz\u0131n\u0131n niteli\u011fi \u00fczerindeki \u00e7al\u0131\u015fmalar son y\u0131llarda yeni bir ivme kazanm\u0131\u015ft\u0131r. Ba\u015flang\u0131\u00e7ta Bat\u0131l\u0131 bilim adamlar\u0131n\u0131n tekelinde olan  Osmanl\u0131 ara\u015ft\u0131rmalar\u0131 , son otuz y\u0131ldan beri \u00fclkemizde de artmaya ba\u015flam\u0131\u015ft\u0131r. Bu, \u00e7ok mutluluk verici olmakla birlikte, ayd\u0131nlanmam\u0131za \u00f6nemli \u00f6l\u00e7\u00fcde katk\u0131da bulundu\u011fu s\u00f6ylenemez. Bu \u00e7al\u0131\u015fmada, Osmanl\u0131 sisteminin olu\u015fum ve olgunluk d\u00f6nemi olan 1300 -1550 aras\u0131n\u0131n iktisadi dokusu feodal \u00fcretim tarz\u0131yla kar\u015f\u0131la\u015ft\u0131r\u0131larak incelenmektedir. Osmanl\u0131 sisteminin neden Bat\u0131 modelinden farkl\u0131 oldu\u011funu ortaya koyulmaktad\u0131r. B\u00f6ylece Osmanl\u0131 sisteminin  klasik  ad\u0131 verilen d\u00f6nemini, izleyen  bozulma  d\u00f6nemi ile bu  bozulmu\u015f  sistemin tasfiyesi niteli\u011findeki Modern T\u00fcrkiye\u2019nin de konumunu ve ki\u015fili\u011fini de b\u00f6ylece belirlemektedir. <\/p>\n","protected":false},"excerpt":{"rendered":"<p>Modern T\u00fcrkiye 600 y\u0131ll\u0131k Osmanl\u0131 miras\u0131ndan soyutlanamaz. Bu olgunun bilinci i\u00e7inde, bug\u00fcn\u00fc anlaman\u0131n bir y\u00f6ntemi olarak bu kitap da Osmanl\u0131 \u00fcretim tarz\u0131n\u0131 olu\u015fumu i\u00e7inde incelemeye u\u011fra\u015ft\u0131k.<span class=\"excerpt-hellip\"> [\u2026]<\/span><\/p>\n","protected":false},"featured_media":0,"template":"","meta":{"_monsterinsights_skip_tracking":false,"_monsterinsights_sitenote_active":false,"_monsterinsights_sitenote_note":"","_monsterinsights_sitenote_category":0},"product_brand":[],"product_cat":[12370,12304],"product_tag":[],"class_list":{"0":"post-695831","1":"product","2":"type-product","3":"status-publish","5":"product_cat-arastirma-inceleme","6":"product_cat-tarih","7":"pa_tur-kitap","8":"pa_yayinevi-efil-yayinevi","9":"pa_yazar-mehmet-ali-kilicbay","11":"first","12":"instock","13":"sale","14":"shipping-taxable","15":"purchasable","16":"product-type-simple"},"_links":{"self":[{"href":"https:\/\/roveyayinevi.com.tr\/index.php\/wp-json\/wp\/v2\/product\/695831","targetHints":{"allow":["GET"]}}],"collection":[{"href":"https:\/\/roveyayinevi.com.tr\/index.php\/wp-json\/wp\/v2\/product"}],"about":[{"href":"https:\/\/roveyayinevi.com.tr\/index.php\/wp-json\/wp\/v2\/types\/product"}],"wp:attachment":[{"href":"https:\/\/roveyayinevi.com.tr\/index.php\/wp-json\/wp\/v2\/media?parent=695831"}],"wp:term":[{"taxonomy":"product_brand","embeddable":true,"href":"https:\/\/roveyayinevi.com.tr\/index.php\/wp-json\/wp\/v2\/product_brand?post=695831"},{"taxonomy":"product_cat","embeddable":true,"href":"https:\/\/roveyayinevi.com.tr\/index.php\/wp-json\/wp\/v2\/product_cat?post=695831"},{"taxonomy":"product_tag","embeddable":true,"href":"https:\/\/roveyayinevi.com.tr\/index.php\/wp-json\/wp\/v2\/product_tag?post=695831"}],"curies":[{"name":"wp","href":"https:\/\/api.w.org\/{rel}","templated":true}]}}