{"id":695830,"date":"2025-08-27T14:31:20","date_gmt":"2025-08-27T11:31:20","guid":{"rendered":"https:\/\/roveyayinevi.com.tr\/index.php\/urun\/dis-ticaret-kuramlarinin-evrimi\/"},"modified":"2026-04-16T02:05:46","modified_gmt":"2026-04-15T23:05:46","slug":"dis-ticaret-kuramlarinin-evrimi","status":"publish","type":"product","link":"https:\/\/roveyayinevi.com.tr\/index.php\/urun\/dis-ticaret-kuramlarinin-evrimi\/","title":{"rendered":"D\u0131\u015f Ticaret Kuramlar\u0131n\u0131n Evrimi"},"content":{"rendered":"<p>Bu \u00e7al\u0131\u015fman\u0131n amac\u0131, Merkantilistlerden g\u00fcn\u00fcm\u00fcze dek, ekonomik d\u00fc\u015f\u00fcncenin ge\u00e7irdi\u011fi evrimi d\u0131\u015f ticaret ekseninde sergilemektir. Ekonomi politikalar\u0131n\u0131 belirleyen, ekonomik \u00e7\u0131karlard\u0131r. Kuramlar da bu politikalara temel haz\u0131rlar. D\u0131\u015f ticaret, deniz a\u015f\u0131r\u0131 ticaretin ekonomik hayata damgas\u0131n\u0131 vurmas\u0131 ile birlikte kuramlardaki yerini almaya ba\u015flam\u0131\u015ft\u0131r. Sanayi toplumlar\u0131na ge\u00e7ilmesi fazla \u00fcretim sorunlar\u0131n\u0131 g\u00fcndeme getirmeye ba\u015flay\u0131nca, serbest d\u0131\u015f ticaret politikalar\u0131 ortaya at\u0131lm\u0131\u015ft\u0131r. \u0130lerleyen kapitalizmin yaratt\u0131\u011f\u0131 s\u0131n\u0131f \u00e7at\u0131\u015fmalar\u0131 emperyalizm kuramlar\u0131na temel olu\u015ftururken sanayile\u015fme s\u00fcrecine sonradan kat\u0131lan \u00fclkelerin pazar aray\u0131\u015flar\u0131 koruyucu d\u0131\u015f ticaret politikalar\u0131n\u0131n bu \u00fclkelerce benimsenmesine yol a\u00e7m\u0131\u015ft\u0131r. \u0130ki D\u00fcnya Sava\u015f\u0131 aras\u0131nda sanayile\u015fmi\u015f \u00fclkelerin kendi i\u00e7 ekonomik sorunlar\u0131 d\u0131\u015f ticaret politikalar\u0131n\u0131n i\u00e7 dengeyi sa\u011flama politikalar\u0131 \u00e7er\u00e7evesinde bi\u00e7imlendirilmesi \u00e7abalar\u0131na tan\u0131k olurken d\u0131\u015f ticaret, sanayile\u015fmi\u015f \u00fclkelerde b\u00fcy\u00fcme modellerine, azgeli\u015fmi\u015f \u00fclkelerde kalk\u0131nma modellerine eklemlenmi\u015ftir. B\u00fct\u00fcn bu politika d\u00f6n\u00fc\u015f\u00fcmleri d\u0131\u015f ticaret kuramlar\u0131ndan da izlenebilir. Bu kitab\u0131n amac\u0131, yaln\u0131zca, d\u0131\u015f ticaret kuramlar\u0131ndaki geli\u015fmeleri aktarmak de\u011fildir. D\u0131\u015f ticarete y\u00fcklenen i\u015flevin de\u011fi\u015fmesine ba\u011fl\u0131 olarak iktisadi d\u00fc\u015f\u00fcncede, dolay\u0131s\u0131yla d\u0131\u015f ticaret kuramlar\u0131nda ortaya \u00e7\u0131kan de\u011fi\u015fimleri anlatabilmektir. \ufffcTan\u0131t\u0131m Metni<\/p>\n","protected":false},"excerpt":{"rendered":"<p>Bu \u00e7al\u0131\u015fman\u0131n amac\u0131, Merkantilistlerden g\u00fcn\u00fcm\u00fcze dek, ekonomik d\u00fc\u015f\u00fcncenin ge\u00e7irdi\u011fi evrimi d\u0131\u015f ticaret ekseninde sergilemektir. Ekonomi politikalar\u0131n\u0131 belirleyen, ekonomik \u00e7\u0131karlard\u0131r. Kuramlar da bu politikalara temel haz\u0131rlar. D\u0131\u015f<span class=\"excerpt-hellip\"> [\u2026]<\/span><\/p>\n","protected":false},"featured_media":0,"template":"","meta":{"_monsterinsights_skip_tracking":false,"_monsterinsights_sitenote_active":false,"_monsterinsights_sitenote_note":"","_monsterinsights_sitenote_category":0},"product_brand":[],"product_cat":[14841,13043],"product_tag":[],"class_list":{"0":"post-695830","1":"product","2":"type-product","3":"status-publish","5":"product_cat-arastirma-inceleme-kuram","6":"product_cat-ekonomi","7":"pa_tur-kitap","8":"pa_yayinevi-efil-yayinevi","9":"pa_yazar-siir-erkok-yilmaz","11":"first","12":"instock","13":"sale","14":"shipping-taxable","15":"purchasable","16":"product-type-simple"},"_links":{"self":[{"href":"https:\/\/roveyayinevi.com.tr\/index.php\/wp-json\/wp\/v2\/product\/695830","targetHints":{"allow":["GET"]}}],"collection":[{"href":"https:\/\/roveyayinevi.com.tr\/index.php\/wp-json\/wp\/v2\/product"}],"about":[{"href":"https:\/\/roveyayinevi.com.tr\/index.php\/wp-json\/wp\/v2\/types\/product"}],"wp:attachment":[{"href":"https:\/\/roveyayinevi.com.tr\/index.php\/wp-json\/wp\/v2\/media?parent=695830"}],"wp:term":[{"taxonomy":"product_brand","embeddable":true,"href":"https:\/\/roveyayinevi.com.tr\/index.php\/wp-json\/wp\/v2\/product_brand?post=695830"},{"taxonomy":"product_cat","embeddable":true,"href":"https:\/\/roveyayinevi.com.tr\/index.php\/wp-json\/wp\/v2\/product_cat?post=695830"},{"taxonomy":"product_tag","embeddable":true,"href":"https:\/\/roveyayinevi.com.tr\/index.php\/wp-json\/wp\/v2\/product_tag?post=695830"}],"curies":[{"name":"wp","href":"https:\/\/api.w.org\/{rel}","templated":true}]}}