{"id":695828,"date":"2025-08-27T14:31:20","date_gmt":"2025-08-27T11:31:20","guid":{"rendered":"https:\/\/roveyayinevi.com.tr\/index.php\/urun\/descartes\/"},"modified":"2026-04-16T02:05:46","modified_gmt":"2026-04-15T23:05:46","slug":"descartes","status":"publish","type":"product","link":"https:\/\/roveyayinevi.com.tr\/index.php\/urun\/descartes\/","title":{"rendered":"Descartes"},"content":{"rendered":"<p>\u00abHuxley\u2019e g\u00f6re iki tip b\u00fcy\u00fck adam vard\u0131r: Bunlar\u0131n ilki, kendi \u00e7a\u011flar\u0131n\u0131n aynalar\u0131 gibidir ki bunlar Voltaire\u2019in deyimiyle  herkesin d\u00fc\u015f\u00fcncelerini en iyi \u015fekilde ifade eder; \u00e7ok daha y\u00fcce olan ikinci tip insanlarsa, iki veya \u00fc\u00e7 as\u0131r sonra herkesin d\u00fc\u015f\u00fcncesi haline gelecek \u015feyler dile getirir  . Huxley,   i\u015fte Descartes ikinci tip insanlardand\u0131r; gerek bilimde gerekse felsefede, modern zamanlardaki en \u00f6nemli \u00fcr\u00fcnlere bakt\u0131\u011f\u0131n\u0131zda, onlara temel te\u015fkil eden idean\u0131n yahut bizzat formun, Descartes\u2019\u0131n zihninin \u00fcr\u00fcn\u00fc oldu\u011funu g\u00f6r\u00fcrs\u00fcn\u00fcz   der.\u00bb <\/p>\n","protected":false},"excerpt":{"rendered":"<p>\u00abHuxley\u2019e g\u00f6re iki tip b\u00fcy\u00fck adam vard\u0131r: Bunlar\u0131n ilki, kendi \u00e7a\u011flar\u0131n\u0131n aynalar\u0131 gibidir ki bunlar Voltaire\u2019in deyimiyle herkesin d\u00fc\u015f\u00fcncelerini en iyi \u015fekilde ifade eder; \u00e7ok daha<span class=\"excerpt-hellip\"> [\u2026]<\/span><\/p>\n","protected":false},"featured_media":0,"template":"","meta":{"_monsterinsights_skip_tracking":false,"_monsterinsights_sitenote_active":false,"_monsterinsights_sitenote_note":"","_monsterinsights_sitenote_category":0},"product_brand":[],"product_cat":[12389,12388],"product_tag":[],"class_list":{"0":"post-695828","1":"product","2":"type-product","3":"status-publish","5":"product_cat-diger-felsefe","6":"product_cat-felsefe","7":"pa_tur-kitap","8":"pa_yayinevi-efil-yayinevi","9":"pa_yazar-alfred-fouille","11":"first","12":"instock","13":"sale","14":"shipping-taxable","15":"purchasable","16":"product-type-simple"},"_links":{"self":[{"href":"https:\/\/roveyayinevi.com.tr\/index.php\/wp-json\/wp\/v2\/product\/695828","targetHints":{"allow":["GET"]}}],"collection":[{"href":"https:\/\/roveyayinevi.com.tr\/index.php\/wp-json\/wp\/v2\/product"}],"about":[{"href":"https:\/\/roveyayinevi.com.tr\/index.php\/wp-json\/wp\/v2\/types\/product"}],"wp:attachment":[{"href":"https:\/\/roveyayinevi.com.tr\/index.php\/wp-json\/wp\/v2\/media?parent=695828"}],"wp:term":[{"taxonomy":"product_brand","embeddable":true,"href":"https:\/\/roveyayinevi.com.tr\/index.php\/wp-json\/wp\/v2\/product_brand?post=695828"},{"taxonomy":"product_cat","embeddable":true,"href":"https:\/\/roveyayinevi.com.tr\/index.php\/wp-json\/wp\/v2\/product_cat?post=695828"},{"taxonomy":"product_tag","embeddable":true,"href":"https:\/\/roveyayinevi.com.tr\/index.php\/wp-json\/wp\/v2\/product_tag?post=695828"}],"curies":[{"name":"wp","href":"https:\/\/api.w.org\/{rel}","templated":true}]}}