{"id":695826,"date":"2025-08-27T14:31:19","date_gmt":"2025-08-27T11:31:19","guid":{"rendered":"https:\/\/roveyayinevi.com.tr\/index.php\/urun\/akademik-mukemmeliyete-giden-yol\/"},"modified":"2026-04-16T02:05:46","modified_gmt":"2026-04-15T23:05:46","slug":"akademik-mukemmeliyete-giden-yol","status":"publish","type":"product","link":"https:\/\/roveyayinevi.com.tr\/index.php\/urun\/akademik-mukemmeliyete-giden-yol\/","title":{"rendered":"Akademik M\u00fckemmeliyete Giden Yol"},"content":{"rendered":"<p>Ekonomik b\u00fcy\u00fcme ve rekabet g\u00fcc\u00fc i\u00e7in y\u00fcksek\u00f6\u011fretimin \u00f6nemi, giderek, sadece orta gelirli ve geli\u015fmi\u015f \u00fclkeler i\u00e7in de\u011fil, ayn\u0131 zamanda d\u00fc\u015f\u00fck gelirli olanlar i\u00e7in de kritik olarak kabul edilmektedir. Eksiksiz ve d\u00fcnya standartlar\u0131nda bir m\u00fcfredata eri\u015fim, yeni fikirler ve teknolojiler olu\u015fturarak, uygulayarak ve yayarak \u00fcretken faliyetleri olumlu y\u00f6nde etkileyecek olan yetenekli, \u00fcretken, ve esnek i\u015fg\u00fcc\u00fc geli\u015ftirmelerine yard\u0131mc\u0131 olur. Ara\u015ft\u0131rma \u00fcniversiteleri 21. y\u00fczy\u0131l\u0131n bilgi ekonomilerinin merkezi kurumlar\u0131 olarak ortaya \u00e7\u0131kmaktalar. <\/p>\n","protected":false},"excerpt":{"rendered":"<p>Ekonomik b\u00fcy\u00fcme ve rekabet g\u00fcc\u00fc i\u00e7in y\u00fcksek\u00f6\u011fretimin \u00f6nemi, giderek, sadece orta gelirli ve geli\u015fmi\u015f \u00fclkeler i\u00e7in de\u011fil, ayn\u0131 zamanda d\u00fc\u015f\u00fck gelirli olanlar i\u00e7in de kritik olarak<span class=\"excerpt-hellip\"> [\u2026]<\/span><\/p>\n","protected":false},"featured_media":0,"template":"","meta":{"_monsterinsights_skip_tracking":false,"_monsterinsights_sitenote_active":false,"_monsterinsights_sitenote_note":"","_monsterinsights_sitenote_category":0},"product_brand":[],"product_cat":[12573,12566],"product_tag":[],"class_list":{"0":"post-695826","1":"product","2":"type-product","3":"status-publish","5":"product_cat-akademik-kitaplar","6":"product_cat-egitim","7":"pa_tur-kitap","8":"pa_yayinevi-efil-yayinevi","9":"pa_yazar-kolektif","11":"first","12":"instock","13":"sale","14":"shipping-taxable","15":"purchasable","16":"product-type-simple"},"_links":{"self":[{"href":"https:\/\/roveyayinevi.com.tr\/index.php\/wp-json\/wp\/v2\/product\/695826","targetHints":{"allow":["GET"]}}],"collection":[{"href":"https:\/\/roveyayinevi.com.tr\/index.php\/wp-json\/wp\/v2\/product"}],"about":[{"href":"https:\/\/roveyayinevi.com.tr\/index.php\/wp-json\/wp\/v2\/types\/product"}],"wp:attachment":[{"href":"https:\/\/roveyayinevi.com.tr\/index.php\/wp-json\/wp\/v2\/media?parent=695826"}],"wp:term":[{"taxonomy":"product_brand","embeddable":true,"href":"https:\/\/roveyayinevi.com.tr\/index.php\/wp-json\/wp\/v2\/product_brand?post=695826"},{"taxonomy":"product_cat","embeddable":true,"href":"https:\/\/roveyayinevi.com.tr\/index.php\/wp-json\/wp\/v2\/product_cat?post=695826"},{"taxonomy":"product_tag","embeddable":true,"href":"https:\/\/roveyayinevi.com.tr\/index.php\/wp-json\/wp\/v2\/product_tag?post=695826"}],"curies":[{"name":"wp","href":"https:\/\/api.w.org\/{rel}","templated":true}]}}