{"id":695824,"date":"2025-08-27T14:31:19","date_gmt":"2025-08-27T11:31:19","guid":{"rendered":"https:\/\/roveyayinevi.com.tr\/index.php\/urun\/thespisin-delileri\/"},"modified":"2026-04-16T02:05:46","modified_gmt":"2026-04-15T23:05:46","slug":"thespisin-delileri","status":"publish","type":"product","link":"https:\/\/roveyayinevi.com.tr\/index.php\/urun\/thespisin-delileri\/","title":{"rendered":"Thespis\u2019in Delileri"},"content":{"rendered":"<p>Thespis, Antik Yunan\u2019da Dionysos \u015fenliklerinde kendini g\u00f6steren \u015fair, ditramboslar okuyan adam, koroba\u015f\u0131 ile konu\u015funca da ilk oyuncu diye kay\u0131tlara ge\u00e7mi\u015f. \u0130.\u00d6. 534 y\u0131l\u0131nda bir de \u00f6d\u00fcl alan Thespis, tiyatro ad\u0131na bir\u00e7ok yenili\u011fin de sahibi. Tiyatroya ba\u011f\u0131ms\u0131z akt\u00f6r kavram\u0131n\u0131, maskeyi, makyaj ve kost\u00fcm\u00fc getiren de o. Onun izinden y\u00fcr\u00fcyen tiyatro sanat\u00e7\u0131lar\u0131n\u0131, tiyatroya g\u00f6n\u00fcl verenleri Thespis\u2019in delileri, \u00e7\u0131lg\u0131n \u00e7ocuklar\u0131 diye nitelendiren Prof. Dr. Yusuf Eradam, tiyatro ile u\u011fra\u015fanlardan Thespis asili\u011fine yak\u0131\u015f\u0131r beklentilerini ve fikirlerini bu kitaptaki tiyatro incelemeleri, deneme ve ele\u015ftirilerinde bir araya getirdi. <\/p>\n","protected":false},"excerpt":{"rendered":"<p>Thespis, Antik Yunan\u2019da Dionysos \u015fenliklerinde kendini g\u00f6steren \u015fair, ditramboslar okuyan adam, koroba\u015f\u0131 ile konu\u015funca da ilk oyuncu diye kay\u0131tlara ge\u00e7mi\u015f. \u0130.\u00d6. 534 y\u0131l\u0131nda bir de \u00f6d\u00fcl<span class=\"excerpt-hellip\"> [\u2026]<\/span><\/p>\n","protected":false},"featured_media":0,"template":"","meta":{"_monsterinsights_skip_tracking":false,"_monsterinsights_sitenote_active":false,"_monsterinsights_sitenote_note":"","_monsterinsights_sitenote_category":0},"product_brand":[],"product_cat":[12409,12408],"product_tag":[],"class_list":{"0":"post-695824","1":"product","2":"type-product","3":"status-publish","5":"product_cat-fotograf-sinema-tiyatro","6":"product_cat-sanat","7":"pa_tur-kitap","8":"pa_yayinevi-efil-yayinevi","9":"pa_yazar-yusuf-eradam","11":"first","12":"instock","13":"sale","14":"shipping-taxable","15":"purchasable","16":"product-type-simple"},"_links":{"self":[{"href":"https:\/\/roveyayinevi.com.tr\/index.php\/wp-json\/wp\/v2\/product\/695824","targetHints":{"allow":["GET"]}}],"collection":[{"href":"https:\/\/roveyayinevi.com.tr\/index.php\/wp-json\/wp\/v2\/product"}],"about":[{"href":"https:\/\/roveyayinevi.com.tr\/index.php\/wp-json\/wp\/v2\/types\/product"}],"wp:attachment":[{"href":"https:\/\/roveyayinevi.com.tr\/index.php\/wp-json\/wp\/v2\/media?parent=695824"}],"wp:term":[{"taxonomy":"product_brand","embeddable":true,"href":"https:\/\/roveyayinevi.com.tr\/index.php\/wp-json\/wp\/v2\/product_brand?post=695824"},{"taxonomy":"product_cat","embeddable":true,"href":"https:\/\/roveyayinevi.com.tr\/index.php\/wp-json\/wp\/v2\/product_cat?post=695824"},{"taxonomy":"product_tag","embeddable":true,"href":"https:\/\/roveyayinevi.com.tr\/index.php\/wp-json\/wp\/v2\/product_tag?post=695824"}],"curies":[{"name":"wp","href":"https:\/\/api.w.org\/{rel}","templated":true}]}}