{"id":695821,"date":"2025-08-27T14:31:18","date_gmt":"2025-08-27T11:31:18","guid":{"rendered":"https:\/\/roveyayinevi.com.tr\/index.php\/urun\/the-economics-of-growth-and-distribution\/"},"modified":"2026-04-16T02:05:46","modified_gmt":"2026-04-15T23:05:46","slug":"the-economics-of-growth-and-distribution","status":"publish","type":"product","link":"https:\/\/roveyayinevi.com.tr\/index.php\/urun\/the-economics-of-growth-and-distribution\/","title":{"rendered":"The Economics of Growth and Distribution"},"content":{"rendered":"<p>Ekonomik b\u00fcy\u00fcme ve b\u00f6l\u00fc\u015f\u00fcm hakk\u0131nda bekledi\u011fim kitap&#8230; -Gerald Epstein \u0130ktisat Profes\u00f6r\u00fc, Massachusetts \u00dcniversitesi- Yeldan\u2019\u0131n alternatif b\u00fcy\u00fcme ile ilgili ders kitab\u0131 yeni \u00f6\u011frenci ku\u015faklar\u0131n\u0131 heterodoks d\u00fc\u015f\u00fcnce yerine daha ger\u00e7ek\u00e7i daha ele\u015ftirel ve daha yararl\u0131 olmalar\u0131 i\u00e7in haz\u0131rlamaktad\u0131r. -Jomo K. S.,Birle\u015fmi\u015f Milletler- Bu kitap k\u00fcreselle\u015fme ve \u00fclke i\u00e7i veya \u00fclkeler aras\u0131ndaki gelir farkl\u0131l\u0131klar\u0131n\u0131n nedeni olan etkenler hakk\u0131ndaki g\u00fcncel tart\u0131\u015fmalar\u0131 anlamak isteyen herkes\u00e7e okunmal\u0131d\u0131r. -Y\u0131lmaz Aky\u00fcz, \u0130ktisat Uzman\u0131,UNCTAD- Anla\u015f\u0131lmas\u0131 kolay bir \u00fcslupla ayr\u0131nt\u0131ya inen ve ger\u00e7ek d\u00fcnyadan verilerle teoriyi destekleyen ve okuyucunun ekonomik fenomenlerin a\u00e7\u0131klamalarla kavramas\u0131n\u0131 sa\u011flayan bir kitapt\u0131r. -Dr. Orhan Kurmu\u015f- Bu de\u011ferli eserle Erin\u00e7 Yeldan g\u00fcn\u00fcm\u00fcz\u00fcn merak edilen ekonomik konular\u0131na \u00f6nemli katk\u0131larda bulunmu\u015ftur. -Fikret \u015eenses, ODT\u00dc- B\u00f6l\u00fc\u015f\u00fcm sorunlar\u0131n\u0131n yan\u0131 s\u0131ra ekonomik b\u00fcy\u00fcmenin en \u00f6nemli g\u00fcncel kuramlar\u0131n\u0131n geni\u015f kapsaml\u0131 kolay anla\u015f\u0131labilir bir yolla sunuyor; iyi yaz\u0131lm\u0131\u015f, m\u00fckemmel d\u00fczenlenmi\u015f&#8230; -Mustafa \u00d6zer, Eski\u015fehir Anadolu \u00dcniversitesi- <\/p>\n","protected":false},"excerpt":{"rendered":"<p>Ekonomik b\u00fcy\u00fcme ve b\u00f6l\u00fc\u015f\u00fcm hakk\u0131nda bekledi\u011fim kitap&#8230; -Gerald Epstein \u0130ktisat Profes\u00f6r\u00fc, Massachusetts \u00dcniversitesi- Yeldan\u2019\u0131n alternatif b\u00fcy\u00fcme ile ilgili ders kitab\u0131 yeni \u00f6\u011frenci ku\u015faklar\u0131n\u0131 heterodoks d\u00fc\u015f\u00fcnce yerine<span class=\"excerpt-hellip\"> [\u2026]<\/span><\/p>\n","protected":false},"featured_media":0,"template":"","meta":{"_monsterinsights_skip_tracking":false,"_monsterinsights_sitenote_active":false,"_monsterinsights_sitenote_note":"","_monsterinsights_sitenote_category":0},"product_brand":[],"product_cat":[13044,13043],"product_tag":[],"class_list":{"0":"post-695821","1":"product","2":"type-product","3":"status-publish","5":"product_cat-dunya-ekonomisi","6":"product_cat-ekonomi","7":"pa_tur-kitap","8":"pa_yayinevi-efil-yayinevi","9":"pa_yazar-erinc-yeldan","11":"first","12":"instock","13":"sale","14":"shipping-taxable","15":"purchasable","16":"product-type-simple"},"_links":{"self":[{"href":"https:\/\/roveyayinevi.com.tr\/index.php\/wp-json\/wp\/v2\/product\/695821","targetHints":{"allow":["GET"]}}],"collection":[{"href":"https:\/\/roveyayinevi.com.tr\/index.php\/wp-json\/wp\/v2\/product"}],"about":[{"href":"https:\/\/roveyayinevi.com.tr\/index.php\/wp-json\/wp\/v2\/types\/product"}],"wp:attachment":[{"href":"https:\/\/roveyayinevi.com.tr\/index.php\/wp-json\/wp\/v2\/media?parent=695821"}],"wp:term":[{"taxonomy":"product_brand","embeddable":true,"href":"https:\/\/roveyayinevi.com.tr\/index.php\/wp-json\/wp\/v2\/product_brand?post=695821"},{"taxonomy":"product_cat","embeddable":true,"href":"https:\/\/roveyayinevi.com.tr\/index.php\/wp-json\/wp\/v2\/product_cat?post=695821"},{"taxonomy":"product_tag","embeddable":true,"href":"https:\/\/roveyayinevi.com.tr\/index.php\/wp-json\/wp\/v2\/product_tag?post=695821"}],"curies":[{"name":"wp","href":"https:\/\/api.w.org\/{rel}","templated":true}]}}