{"id":695813,"date":"2025-08-27T14:31:16","date_gmt":"2025-08-27T11:31:16","guid":{"rendered":"https:\/\/roveyayinevi.com.tr\/index.php\/urun\/secimden-koalisyona\/"},"modified":"2026-04-16T02:05:46","modified_gmt":"2026-04-15T23:05:46","slug":"secimden-koalisyona","status":"publish","type":"product","link":"https:\/\/roveyayinevi.com.tr\/index.php\/urun\/secimden-koalisyona\/","title":{"rendered":"Se\u00e7imden Koalisyona"},"content":{"rendered":"<p>\u00c7a\u011fda\u015f demokratik bir toplumda ya\u015fayan her insan i\u00e7in, siyasal karar alma s\u00fcrecine kat\u0131l\u0131m, ya\u015fam\u0131n\u0131n vazge\u00e7ilmez ve s\u00fcreklilik ta\u015f\u0131yan bir boyutudur. Bir toplumun sa\u011fl\u0131kl\u0131 karar alabilmesi i\u00e7in, ki\u015filerin, siyasal nitelikli konular\u0131 anlayabilmeleri, onlara ili\u015fkin g\u00f6r\u00fc\u015flerini ifade edebilmeleri gerekir. Ancak sorun bundan ibaret de\u011fildir. Ki\u015filer aras\u0131nda farkl\u0131, hatta ters, g\u00f6r\u00fc\u015fler olmas\u0131 do\u011fald\u0131r. Bu durumda ki\u015filerin g\u00f6r\u00fc\u015flerine sayg\u0131l\u0131 bir toplum nas\u0131l karar alacakt\u0131r? Ki\u015filerin tercihlerini en iyi bi\u00e7imde de\u011ferlendiren bir oy verme sistemi nas\u0131l olu\u015fturulabilir? Toplumsal tercih kuram\u0131 \u0131\u015f\u0131\u011f\u0131nda, grup karar y\u00f6ntemleri ve se\u00e7im kurallar\u0131 bu sorular\u0131 yan\u0131tlar\u0131n\u0131 bulmaya \u00e7al\u0131\u015fmaktad\u0131r. <\/p>\n","protected":false},"excerpt":{"rendered":"<p>\u00c7a\u011fda\u015f demokratik bir toplumda ya\u015fayan her insan i\u00e7in, siyasal karar alma s\u00fcrecine kat\u0131l\u0131m, ya\u015fam\u0131n\u0131n vazge\u00e7ilmez ve s\u00fcreklilik ta\u015f\u0131yan bir boyutudur. Bir toplumun sa\u011fl\u0131kl\u0131 karar alabilmesi i\u00e7in,<span class=\"excerpt-hellip\"> [\u2026]<\/span><\/p>\n","protected":false},"featured_media":0,"template":"","meta":{"_monsterinsights_skip_tracking":false,"_monsterinsights_sitenote_active":false,"_monsterinsights_sitenote_note":"","_monsterinsights_sitenote_category":0},"product_brand":[],"product_cat":[13059,12337],"product_tag":[],"class_list":{"0":"post-695813","1":"product","2":"type-product","3":"status-publish","5":"product_cat-diger-politika-siyaset","6":"product_cat-politika-siyaset","7":"pa_tur-kitap","8":"pa_yayinevi-efil-yayinevi","9":"pa_yazar-yavuz-sabuncu","11":"first","12":"instock","13":"sale","14":"shipping-taxable","15":"purchasable","16":"product-type-simple"},"_links":{"self":[{"href":"https:\/\/roveyayinevi.com.tr\/index.php\/wp-json\/wp\/v2\/product\/695813","targetHints":{"allow":["GET"]}}],"collection":[{"href":"https:\/\/roveyayinevi.com.tr\/index.php\/wp-json\/wp\/v2\/product"}],"about":[{"href":"https:\/\/roveyayinevi.com.tr\/index.php\/wp-json\/wp\/v2\/types\/product"}],"wp:attachment":[{"href":"https:\/\/roveyayinevi.com.tr\/index.php\/wp-json\/wp\/v2\/media?parent=695813"}],"wp:term":[{"taxonomy":"product_brand","embeddable":true,"href":"https:\/\/roveyayinevi.com.tr\/index.php\/wp-json\/wp\/v2\/product_brand?post=695813"},{"taxonomy":"product_cat","embeddable":true,"href":"https:\/\/roveyayinevi.com.tr\/index.php\/wp-json\/wp\/v2\/product_cat?post=695813"},{"taxonomy":"product_tag","embeddable":true,"href":"https:\/\/roveyayinevi.com.tr\/index.php\/wp-json\/wp\/v2\/product_tag?post=695813"}],"curies":[{"name":"wp","href":"https:\/\/api.w.org\/{rel}","templated":true}]}}