{"id":695809,"date":"2025-08-27T14:31:15","date_gmt":"2025-08-27T11:31:15","guid":{"rendered":"https:\/\/roveyayinevi.com.tr\/index.php\/urun\/risk-cagi-ve-gencler\/"},"modified":"2026-04-16T02:05:46","modified_gmt":"2026-04-15T23:05:46","slug":"risk-cagi-ve-gencler","status":"publish","type":"product","link":"https:\/\/roveyayinevi.com.tr\/index.php\/urun\/risk-cagi-ve-gencler\/","title":{"rendered":"Risk \u00c7a\u011f\u0131 ve Gen\u00e7ler"},"content":{"rendered":"<p>Gen\u00e7ler ya\u015fam\u0131 yeti\u015fkinlerden daha heyecanl\u0131, h\u0131zl\u0131 ya\u015farlar   dendi\u011finde buna \u00e7ok da kar\u015f\u0131 koymay\u0131z.   Ne de olsa gen\u00e7   deyip ge\u00e7eriz. Hatta   gen\u00e7lik, heyecan i\u00e7in ya\u015famakt\u0131r   diye daha fazla yorumlar bile yapabiliriz. Ancak biliriz ki gen\u00e7ler, ya\u015fam\u0131n heyecanl\u0131 taraflar\u0131n\u0131 arzularken, bir yeti\u015fkin kadar donan\u0131ml\u0131 ve deneyimli olmad\u0131klar\u0131 i\u00e7in kolayca da risk al\u0131p ya\u015fama kar\u015f\u0131 savunmas\u0131z kal\u0131rlar. Risk, \u00e7o\u011fu zaman ya\u015famsal bir tehdit ta\u015f\u0131mad\u0131\u011f\u0131nda, gen\u00e7ler i\u00e7in \u00f6\u011freticidir ve bir deneyim, ya\u015fam becerisi kazanma kayna\u011f\u0131d\u0131r. <\/p>\n","protected":false},"excerpt":{"rendered":"<p>Gen\u00e7ler ya\u015fam\u0131 yeti\u015fkinlerden daha heyecanl\u0131, h\u0131zl\u0131 ya\u015farlar dendi\u011finde buna \u00e7ok da kar\u015f\u0131 koymay\u0131z. Ne de olsa gen\u00e7 deyip ge\u00e7eriz. Hatta gen\u00e7lik, heyecan i\u00e7in ya\u015famakt\u0131r diye daha<span class=\"excerpt-hellip\"> [\u2026]<\/span><\/p>\n","protected":false},"featured_media":0,"template":"","meta":{"_monsterinsights_skip_tracking":false,"_monsterinsights_sitenote_active":false,"_monsterinsights_sitenote_note":"","_monsterinsights_sitenote_category":0},"product_brand":[],"product_cat":[13633,12324],"product_tag":[],"class_list":{"0":"post-695809","1":"product","2":"type-product","3":"status-publish","5":"product_cat-kultur-ve-bilim","6":"product_cat-sosyoloji","7":"pa_tur-kitap","8":"pa_yayinevi-efil-yayinevi","9":"pa_yazar-sengul-hablemitoglu","11":"first","12":"instock","13":"sale","14":"shipping-taxable","15":"purchasable","16":"product-type-simple"},"_links":{"self":[{"href":"https:\/\/roveyayinevi.com.tr\/index.php\/wp-json\/wp\/v2\/product\/695809","targetHints":{"allow":["GET"]}}],"collection":[{"href":"https:\/\/roveyayinevi.com.tr\/index.php\/wp-json\/wp\/v2\/product"}],"about":[{"href":"https:\/\/roveyayinevi.com.tr\/index.php\/wp-json\/wp\/v2\/types\/product"}],"wp:attachment":[{"href":"https:\/\/roveyayinevi.com.tr\/index.php\/wp-json\/wp\/v2\/media?parent=695809"}],"wp:term":[{"taxonomy":"product_brand","embeddable":true,"href":"https:\/\/roveyayinevi.com.tr\/index.php\/wp-json\/wp\/v2\/product_brand?post=695809"},{"taxonomy":"product_cat","embeddable":true,"href":"https:\/\/roveyayinevi.com.tr\/index.php\/wp-json\/wp\/v2\/product_cat?post=695809"},{"taxonomy":"product_tag","embeddable":true,"href":"https:\/\/roveyayinevi.com.tr\/index.php\/wp-json\/wp\/v2\/product_tag?post=695809"}],"curies":[{"name":"wp","href":"https:\/\/api.w.org\/{rel}","templated":true}]}}