{"id":695807,"date":"2025-08-27T14:31:15","date_gmt":"2025-08-27T11:31:15","guid":{"rendered":"https:\/\/roveyayinevi.com.tr\/index.php\/urun\/politik-tanitim\/"},"modified":"2026-04-16T02:05:46","modified_gmt":"2026-04-15T23:05:46","slug":"politik-tanitim","status":"publish","type":"product","link":"https:\/\/roveyayinevi.com.tr\/index.php\/urun\/politik-tanitim\/","title":{"rendered":"Politik Tan\u0131t\u0131m"},"content":{"rendered":"<p>Yavuz Sezer \u201868 ku\u015fa\u011f\u0131ndan olup T\u00fcrkiye\u2019nin politik ya\u015fam\u0131n\u0131n hareketli g\u00fcnleri i\u00e7inde ya\u015fad\u0131 ve politik olgunun topluma yans\u0131mas\u0131nda, yapt\u0131\u011f\u0131 TV programlar\u0131 ve politik filmleriyle \u00e7e\u015fitli g\u00f6revler yapt\u0131. <\/p>\n","protected":false},"excerpt":{"rendered":"<p>Yavuz Sezer \u201868 ku\u015fa\u011f\u0131ndan olup T\u00fcrkiye\u2019nin politik ya\u015fam\u0131n\u0131n hareketli g\u00fcnleri i\u00e7inde ya\u015fad\u0131 ve politik olgunun topluma yans\u0131mas\u0131nda, yapt\u0131\u011f\u0131 TV programlar\u0131 ve politik filmleriyle \u00e7e\u015fitli g\u00f6revler yapt\u0131.<\/p>\n","protected":false},"featured_media":0,"template":"","meta":{"_monsterinsights_skip_tracking":false,"_monsterinsights_sitenote_active":false,"_monsterinsights_sitenote_note":"","_monsterinsights_sitenote_category":0},"product_brand":[],"product_cat":[13059,12337],"product_tag":[],"class_list":{"0":"post-695807","1":"product","2":"type-product","3":"status-publish","5":"product_cat-diger-politika-siyaset","6":"product_cat-politika-siyaset","7":"pa_tur-kitap","8":"pa_yayinevi-efil-yayinevi","9":"pa_yazar-yavuz-sezer","11":"first","12":"instock","13":"sale","14":"shipping-taxable","15":"purchasable","16":"product-type-simple"},"_links":{"self":[{"href":"https:\/\/roveyayinevi.com.tr\/index.php\/wp-json\/wp\/v2\/product\/695807","targetHints":{"allow":["GET"]}}],"collection":[{"href":"https:\/\/roveyayinevi.com.tr\/index.php\/wp-json\/wp\/v2\/product"}],"about":[{"href":"https:\/\/roveyayinevi.com.tr\/index.php\/wp-json\/wp\/v2\/types\/product"}],"wp:attachment":[{"href":"https:\/\/roveyayinevi.com.tr\/index.php\/wp-json\/wp\/v2\/media?parent=695807"}],"wp:term":[{"taxonomy":"product_brand","embeddable":true,"href":"https:\/\/roveyayinevi.com.tr\/index.php\/wp-json\/wp\/v2\/product_brand?post=695807"},{"taxonomy":"product_cat","embeddable":true,"href":"https:\/\/roveyayinevi.com.tr\/index.php\/wp-json\/wp\/v2\/product_cat?post=695807"},{"taxonomy":"product_tag","embeddable":true,"href":"https:\/\/roveyayinevi.com.tr\/index.php\/wp-json\/wp\/v2\/product_tag?post=695807"}],"curies":[{"name":"wp","href":"https:\/\/api.w.org\/{rel}","templated":true}]}}