{"id":695805,"date":"2025-08-27T14:31:14","date_gmt":"2025-08-27T11:31:14","guid":{"rendered":"https:\/\/roveyayinevi.com.tr\/index.php\/urun\/tecrube-konusuyor\/"},"modified":"2026-04-16T02:05:46","modified_gmt":"2026-04-15T23:05:46","slug":"tecrube-konusuyor","status":"publish","type":"product","link":"https:\/\/roveyayinevi.com.tr\/index.php\/urun\/tecrube-konusuyor\/","title":{"rendered":"Tecr\u00fcbe Konu\u015fuyor"},"content":{"rendered":"<p>En \u00e7ok okumay\u0131 sevdi\u011fim kitaplar biyografi ve otobiyografilerdir. Bu kitaplarda kimi zaman ya\u015famad\u0131\u011f\u0131m bir d\u00f6nemi ya\u015fam\u0131\u015f ki\u015filerle d\u00f6nemlerini, an\u0131lar\u0131nda ya\u015fayarak zevk al\u0131r\u0131m. Kimi zaman \u00e7ok yak\u0131ndan tan\u0131y\u0131p bildi\u011fim insanlar\u0131n bilmedi\u011fim \u00f6zelliklerini \u00f6\u011frenirim. <\/p>\n","protected":false},"excerpt":{"rendered":"<p>En \u00e7ok okumay\u0131 sevdi\u011fim kitaplar biyografi ve otobiyografilerdir. Bu kitaplarda kimi zaman ya\u015famad\u0131\u011f\u0131m bir d\u00f6nemi ya\u015fam\u0131\u015f ki\u015filerle d\u00f6nemlerini, an\u0131lar\u0131nda ya\u015fayarak zevk al\u0131r\u0131m. Kimi zaman \u00e7ok yak\u0131ndan<span class=\"excerpt-hellip\"> [\u2026]<\/span><\/p>\n","protected":false},"featured_media":0,"template":"","meta":{"_monsterinsights_skip_tracking":false,"_monsterinsights_sitenote_active":false,"_monsterinsights_sitenote_note":"","_monsterinsights_sitenote_category":0},"product_brand":[],"product_cat":[14009,12291],"product_tag":[],"class_list":{"0":"post-695805","1":"product","2":"type-product","3":"status-publish","5":"product_cat-biyografi-otobiyografi-edebiyat","6":"product_cat-edebiyat","7":"pa_tur-kitap","8":"pa_yayinevi-efil-yayinevi","9":"pa_yazar-osman-arolat","11":"first","12":"instock","13":"sale","14":"shipping-taxable","15":"purchasable","16":"product-type-simple"},"_links":{"self":[{"href":"https:\/\/roveyayinevi.com.tr\/index.php\/wp-json\/wp\/v2\/product\/695805","targetHints":{"allow":["GET"]}}],"collection":[{"href":"https:\/\/roveyayinevi.com.tr\/index.php\/wp-json\/wp\/v2\/product"}],"about":[{"href":"https:\/\/roveyayinevi.com.tr\/index.php\/wp-json\/wp\/v2\/types\/product"}],"wp:attachment":[{"href":"https:\/\/roveyayinevi.com.tr\/index.php\/wp-json\/wp\/v2\/media?parent=695805"}],"wp:term":[{"taxonomy":"product_brand","embeddable":true,"href":"https:\/\/roveyayinevi.com.tr\/index.php\/wp-json\/wp\/v2\/product_brand?post=695805"},{"taxonomy":"product_cat","embeddable":true,"href":"https:\/\/roveyayinevi.com.tr\/index.php\/wp-json\/wp\/v2\/product_cat?post=695805"},{"taxonomy":"product_tag","embeddable":true,"href":"https:\/\/roveyayinevi.com.tr\/index.php\/wp-json\/wp\/v2\/product_tag?post=695805"}],"curies":[{"name":"wp","href":"https:\/\/api.w.org\/{rel}","templated":true}]}}