{"id":695799,"date":"2025-08-27T14:31:13","date_gmt":"2025-08-27T11:31:13","guid":{"rendered":"https:\/\/roveyayinevi.com.tr\/index.php\/urun\/kuresel-krizde-dis-ticaret-ve-istihdam\/"},"modified":"2026-04-16T02:05:45","modified_gmt":"2026-04-15T23:05:45","slug":"kuresel-krizde-dis-ticaret-ve-istihdam","status":"publish","type":"product","link":"https:\/\/roveyayinevi.com.tr\/index.php\/urun\/kuresel-krizde-dis-ticaret-ve-istihdam\/","title":{"rendered":"K\u00fcresel Krizde D\u0131\u015f Ticaret ve \u0130stihdam"},"content":{"rendered":"<p>Krizin istihdam \u00fczerindeki g\u00f6r\u00fclen etkileri ile ilgili olarak ILO\u2019nun destekledi\u011fi Brezilya, M\u0131s\u0131r, Hindistan, Liberya, G\u00fcney Afrika, Uganda ve Ukrayna\u2019da yap\u0131lan \u00e7al\u0131\u015fmalardan elde edilen bulgulara dayanarak, bu kitap s\u0131n\u0131r \u00f6tesi ticaretin nas\u0131l bir ge\u00e7i\u015f kanal\u0131 olarak rol ald\u0131\u011f\u0131n\u0131 ve krizi geli\u015fen ve geli\u015fmekte olan \u00fclkelere nas\u0131l yayd\u0131\u011f\u0131n\u0131 incelemektedir. Ele al\u0131nan ana ba\u015fl\u0131klar, i\u015fg\u00fcc\u00fc piyasalar\u0131n\u0131n ticari \u015foklar kar\u015f\u0131s\u0131nda duyarl\u0131l\u0131\u011f\u0131n\u0131n artmas\u0131nda k\u00fcresel ihracat yo\u011funlu\u011funun rol\u00fcn\u00fc, hanehalk\u0131 ve \u015firket yat\u0131r\u0131m kararlar\u0131nda k\u00fcresel fiyat dalgalanmalar\u0131n\u0131n etkilerini, k\u00fcresel durgunlu\u011fun i\u015f\u00e7ilerin ve h\u00fck\u00fcmetlerin pazarl\u0131k g\u00fc\u00e7leri ve cinsiyet e\u015fitsizli\u011fi \u00fczerindeki negatif ticari \u015foklar\u0131n etkisini kapsamaktad\u0131r. \ufffcTan\u0131t\u0131m Metni<\/p>\n","protected":false},"excerpt":{"rendered":"<p>Krizin istihdam \u00fczerindeki g\u00f6r\u00fclen etkileri ile ilgili olarak ILO\u2019nun destekledi\u011fi Brezilya, M\u0131s\u0131r, Hindistan, Liberya, G\u00fcney Afrika, Uganda ve Ukrayna\u2019da yap\u0131lan \u00e7al\u0131\u015fmalardan elde edilen bulgulara dayanarak, bu<span class=\"excerpt-hellip\"> [\u2026]<\/span><\/p>\n","protected":false},"featured_media":0,"template":"","meta":{"_monsterinsights_skip_tracking":false,"_monsterinsights_sitenote_active":false,"_monsterinsights_sitenote_note":"","_monsterinsights_sitenote_category":0},"product_brand":[],"product_cat":[13044,13043],"product_tag":[],"class_list":{"0":"post-695799","1":"product","2":"type-product","3":"status-publish","5":"product_cat-dunya-ekonomisi","6":"product_cat-ekonomi","7":"pa_tur-kitap","8":"pa_yayinevi-efil-yayinevi","9":"pa_yazar-marion-jansen","11":"first","12":"instock","13":"sale","14":"shipping-taxable","15":"purchasable","16":"product-type-simple"},"_links":{"self":[{"href":"https:\/\/roveyayinevi.com.tr\/index.php\/wp-json\/wp\/v2\/product\/695799","targetHints":{"allow":["GET"]}}],"collection":[{"href":"https:\/\/roveyayinevi.com.tr\/index.php\/wp-json\/wp\/v2\/product"}],"about":[{"href":"https:\/\/roveyayinevi.com.tr\/index.php\/wp-json\/wp\/v2\/types\/product"}],"wp:attachment":[{"href":"https:\/\/roveyayinevi.com.tr\/index.php\/wp-json\/wp\/v2\/media?parent=695799"}],"wp:term":[{"taxonomy":"product_brand","embeddable":true,"href":"https:\/\/roveyayinevi.com.tr\/index.php\/wp-json\/wp\/v2\/product_brand?post=695799"},{"taxonomy":"product_cat","embeddable":true,"href":"https:\/\/roveyayinevi.com.tr\/index.php\/wp-json\/wp\/v2\/product_cat?post=695799"},{"taxonomy":"product_tag","embeddable":true,"href":"https:\/\/roveyayinevi.com.tr\/index.php\/wp-json\/wp\/v2\/product_tag?post=695799"}],"curies":[{"name":"wp","href":"https:\/\/api.w.org\/{rel}","templated":true}]}}