{"id":695798,"date":"2025-08-27T14:31:13","date_gmt":"2025-08-27T11:31:13","guid":{"rendered":"https:\/\/roveyayinevi.com.tr\/index.php\/urun\/psikolojik-yardim-aliyorum\/"},"modified":"2026-04-16T02:05:45","modified_gmt":"2026-04-15T23:05:45","slug":"psikolojik-yardim-aliyorum","status":"publish","type":"product","link":"https:\/\/roveyayinevi.com.tr\/index.php\/urun\/psikolojik-yardim-aliyorum\/","title":{"rendered":"Psikolojik Yard\u0131m Al\u0131yorum&#8230;"},"content":{"rendered":"<p>\u00c7ocuk psikolojik geli\u015fimi ve e\u011fitimine y\u00f6nelik bu serinin t\u00fcm kitaplar\u0131, \u00e7ocuklar\u0131n g\u00fcnl\u00fck ya\u015famda kar\u015f\u0131la\u015fabilecekleri problem durumlar\u0131n\u0131 \u00e7\u00f6zmelerini ve yeni ya\u015fam deneyimlerine uyum sa\u011flamalar\u0131n\u0131 kolayla\u015ft\u0131rmak amac\u0131 ile Klinik Psikolog Olcay G\u00fcner taraf\u0131ndan yaz\u0131lm\u0131\u015ft\u0131r. <\/p>\n","protected":false},"excerpt":{"rendered":"<p>\u00c7ocuk psikolojik geli\u015fimi ve e\u011fitimine y\u00f6nelik bu serinin t\u00fcm kitaplar\u0131, \u00e7ocuklar\u0131n g\u00fcnl\u00fck ya\u015famda kar\u015f\u0131la\u015fabilecekleri problem durumlar\u0131n\u0131 \u00e7\u00f6zmelerini ve yeni ya\u015fam deneyimlerine uyum sa\u011flamalar\u0131n\u0131 kolayla\u015ft\u0131rmak amac\u0131 ile<span class=\"excerpt-hellip\"> [\u2026]<\/span><\/p>\n","protected":false},"featured_media":0,"template":"","meta":{"_monsterinsights_skip_tracking":false,"_monsterinsights_sitenote_active":false,"_monsterinsights_sitenote_note":"","_monsterinsights_sitenote_category":0},"product_brand":[],"product_cat":[12679,12357],"product_tag":[],"class_list":{"0":"post-695798","1":"product","2":"type-product","3":"status-publish","5":"product_cat-cocuk-psikolojisi","6":"product_cat-psikoloji","7":"pa_tur-kitap","8":"pa_yayinevi-efil-yayinevi","9":"pa_yazar-olcay-guner","11":"first","12":"instock","13":"sale","14":"shipping-taxable","15":"purchasable","16":"product-type-simple"},"_links":{"self":[{"href":"https:\/\/roveyayinevi.com.tr\/index.php\/wp-json\/wp\/v2\/product\/695798","targetHints":{"allow":["GET"]}}],"collection":[{"href":"https:\/\/roveyayinevi.com.tr\/index.php\/wp-json\/wp\/v2\/product"}],"about":[{"href":"https:\/\/roveyayinevi.com.tr\/index.php\/wp-json\/wp\/v2\/types\/product"}],"wp:attachment":[{"href":"https:\/\/roveyayinevi.com.tr\/index.php\/wp-json\/wp\/v2\/media?parent=695798"}],"wp:term":[{"taxonomy":"product_brand","embeddable":true,"href":"https:\/\/roveyayinevi.com.tr\/index.php\/wp-json\/wp\/v2\/product_brand?post=695798"},{"taxonomy":"product_cat","embeddable":true,"href":"https:\/\/roveyayinevi.com.tr\/index.php\/wp-json\/wp\/v2\/product_cat?post=695798"},{"taxonomy":"product_tag","embeddable":true,"href":"https:\/\/roveyayinevi.com.tr\/index.php\/wp-json\/wp\/v2\/product_tag?post=695798"}],"curies":[{"name":"wp","href":"https:\/\/api.w.org\/{rel}","templated":true}]}}