{"id":695793,"date":"2025-08-27T14:31:12","date_gmt":"2025-08-27T11:31:12","guid":{"rendered":"https:\/\/roveyayinevi.com.tr\/index.php\/urun\/bilinen-dogrular\/"},"modified":"2026-04-16T02:05:45","modified_gmt":"2026-04-15T23:05:45","slug":"bilinen-dogrular","status":"publish","type":"product","link":"https:\/\/roveyayinevi.com.tr\/index.php\/urun\/bilinen-dogrular\/","title":{"rendered":"Bilinen Do\u011frular"},"content":{"rendered":"<p>Cem H. Bekta\u015f\u2019\u0131n ayn\u0131 adl\u0131 televizyon program\u0131ndan yola \u00e7\u0131k\u0131larak haz\u0131rlanan Toplum ve \u0130nsan kitab\u0131nda   T\u00fcrkiye\u2019de Deprem Ger\u00e7e\u011fi  ,   \u00c7evre Sorunlar\u0131  ,   Evrim Teorisi  ,   Bilgi To\u011flumu ve Yeni Ekonomi  ,   \u0130novasyon  ,   F\u00fcturizm  ,   T\u00fcrkiye\u2019de Do\u011fa Sporlar\u0131  ,   Do\u011fayla Bar\u0131\u015f\u0131k Ya\u015famak M\u00fcmk\u00fcn m\u00fc?  ,   \u0130nternet Hukuku  ,   Su ve Tuz   gibi \u00e7ok g\u00fcncel, \u00f6nemli konular\u0131n uzmanlar\u0131n\u0131n g\u00f6r\u00fc\u015flerini bulacaks\u0131n\u0131z. Cem H. Bekta\u015f\u2019\u0131 akademisyen-siyaset-TV programc\u0131l\u0131\u011f\u0131 ekseninde tan\u0131d\u0131m. Bir insan \u2018bili\u015fimci\u2019, \u2018f\u00fct\u00fcrist\u2019, \u2018giri\u015fimci\u2019 olursa ve bu bilimi \u2018Toplum ve \u0130nsan\u2019 program\u0131nda ta\u015f\u0131yorsa, dur bakal\u0131m ne diyor diye kendisini sorgulamak gerekiyor. O bilgi pe\u015finde ko\u015fuyor, \u00f6\u011freniyor, \u00f6\u011fretiyor. \u0130nsanlar\u0131n geli\u015fimi i\u00e7in son derece doyurucu bir i\u015f yap\u0131yor. Bu kitaptaki bilgiler de ekrandan yans\u0131yanlar. Bilinen do\u011frularla y\u00fczle\u015fin&#8230; -Yal\u00e7\u0131n Bayer-H\u00fcrriyet Gazetesi K\u00f6\u015fe Yazar\u0131-   Cem H. Bekta\u015f\u2019\u0131n T\u00fcrk toplumunun farkl\u0131 kesimlerini temsil eden ki\u015filerle ger\u00e7ekle\u015ftirdi\u011fi s\u00f6yle\u015filer renkli ve kolay okunur bir dille, \u00e7evre sorunlar\u0131ndan su ve tuzun faydalar\u0131na, internet hukukundan gelecek bilimine, geni\u015f bir yelpazedeki toplumsal sorunlar ve merak ettiklerimize \u0131\u015f\u0131k tutuyor. G\u00fcnl\u00fck ko\u015fu\u015fturman\u0131n \u00f6tesinde farkl\u0131 konularda sizi bilgilendirecek ve d\u00fc\u015f\u00fcnd\u00fcrecek metinler ar\u0131yorsan\u0131z, bu kitab\u0131 seveceksiniz.   -Prof. Dr. Mustafa Ayd\u0131n-Kadir Has \u00dcniversitesi Rekt\u00f6r\u00fc <\/p>\n","protected":false},"excerpt":{"rendered":"<p>Cem H. Bekta\u015f\u2019\u0131n ayn\u0131 adl\u0131 televizyon program\u0131ndan yola \u00e7\u0131k\u0131larak haz\u0131rlanan Toplum ve \u0130nsan kitab\u0131nda T\u00fcrkiye\u2019de Deprem Ger\u00e7e\u011fi , \u00c7evre Sorunlar\u0131 , Evrim Teorisi , Bilgi To\u011flumu<span class=\"excerpt-hellip\"> [\u2026]<\/span><\/p>\n","protected":false},"featured_media":0,"template":"","meta":{"_monsterinsights_skip_tracking":false,"_monsterinsights_sitenote_active":false,"_monsterinsights_sitenote_note":"","_monsterinsights_sitenote_category":0},"product_brand":[],"product_cat":[12767,12324],"product_tag":[],"class_list":{"0":"post-695793","1":"product","2":"type-product","3":"status-publish","5":"product_cat-kentlesme-modernlesme","6":"product_cat-sosyoloji","7":"pa_tur-kitap","8":"pa_yayinevi-efil-yayinevi","9":"pa_yazar-cem-h-bektas","11":"first","12":"instock","13":"sale","14":"shipping-taxable","15":"purchasable","16":"product-type-simple"},"_links":{"self":[{"href":"https:\/\/roveyayinevi.com.tr\/index.php\/wp-json\/wp\/v2\/product\/695793","targetHints":{"allow":["GET"]}}],"collection":[{"href":"https:\/\/roveyayinevi.com.tr\/index.php\/wp-json\/wp\/v2\/product"}],"about":[{"href":"https:\/\/roveyayinevi.com.tr\/index.php\/wp-json\/wp\/v2\/types\/product"}],"wp:attachment":[{"href":"https:\/\/roveyayinevi.com.tr\/index.php\/wp-json\/wp\/v2\/media?parent=695793"}],"wp:term":[{"taxonomy":"product_brand","embeddable":true,"href":"https:\/\/roveyayinevi.com.tr\/index.php\/wp-json\/wp\/v2\/product_brand?post=695793"},{"taxonomy":"product_cat","embeddable":true,"href":"https:\/\/roveyayinevi.com.tr\/index.php\/wp-json\/wp\/v2\/product_cat?post=695793"},{"taxonomy":"product_tag","embeddable":true,"href":"https:\/\/roveyayinevi.com.tr\/index.php\/wp-json\/wp\/v2\/product_tag?post=695793"}],"curies":[{"name":"wp","href":"https:\/\/api.w.org\/{rel}","templated":true}]}}