{"id":695791,"date":"2025-08-27T14:31:11","date_gmt":"2025-08-27T11:31:11","guid":{"rendered":"https:\/\/roveyayinevi.com.tr\/index.php\/urun\/akilli-kuresellesme\/"},"modified":"2026-04-16T02:05:45","modified_gmt":"2026-04-15T23:05:45","slug":"akilli-kuresellesme","status":"publish","type":"product","link":"https:\/\/roveyayinevi.com.tr\/index.php\/urun\/akilli-kuresellesme\/","title":{"rendered":"Ak\u0131ll\u0131 K\u00fcreselle\u015fme"},"content":{"rendered":"<p>Y\u00fczy\u0131ld\u0131r iktisat\u00e7\u0131lar finans ve ticarette k\u00fcreselle\u015fme konusunu \u00f6ne \u00e7\u0131karmaktalar. Ancak k\u00fcresel bir ekonomi ve serbest ticaretin her zaman avantajl\u0131 olmayabilece\u011fine ili\u015fkin uyar\u0131 i\u015faretleri de s\u00fcrekli devam ediyor. Rodrik, meselenin \u00f6z\u00fcndeki temel \u00fc\u00e7l\u00fc \u00e7eli\u015fki\u2019nin yerini g\u00f6stermektedir: Demokrasi, kendi kaderini tayin etme ve ekonomik k\u00fcreselle\u015fmeyi e\u015f zamanl\u0131 olarak ger\u00e7ekle\u015ftiremeyiz. Ak\u0131ll\u0131 K\u00fcreselle\u015fme\u2019ye \u00d6vg\u00fcler Bu kitap, \u00e7a\u011f\u0131m\u0131z\u0131n en b\u00fcy\u00fck meselesini k\u00fcreselle\u015fmeyi ele al\u0131yor ve k\u00fcresel i\u015fbirli\u011finin kapsam\u0131 ve s\u0131n\u0131rlar\u0131 hakk\u0131ndaki tart\u0131\u015fmay\u0131 kolay anla\u015f\u0131labilir bir bi\u00e7im de geni\u015fletiyor. -Gordon Brown-, Milletvekili \u00c7ok etkili bir tart\u0131\u015fma sunan bu kitapta Dani Rodrik; ekonomik kalk\u0131nman\u0131n \u00fclkeye \u00f6zg\u00fc yollar\u0131n\u0131 ve b\u00fcy\u00fcmenin daha akla yatk\u0131n ve s\u00fcrd\u00fcr\u00fclebilir formlar\u0131n\u0131 ortaya koyuyor. Hiperk\u00fcreselle\u015fmenin a\u015f\u0131r\u0131l\u0131klar\u0131na proaktif bir bak\u0131\u015f a\u00e7\u0131s\u0131 ile ele al\u0131nan Ak\u0131ll\u0131 K\u00fcreselle\u015fme, a\u00e7\u0131k piyasalara kar\u015f\u0131 g\u00fc\u00e7l\u00fc tepkileri, finansal krizleri ve adaletsiz ticaret uygulamalar\u0131n\u0131 \u00f6nlemeye \u00e7abalayanlar i\u00e7in zorunlu bir okumad\u0131r. -Nouriel Roubini, Crisis Economics-, A Crash Course in the Future of Finance adl\u0131 kitab\u0131n yazarlar\u0131ndan&#8230; Dani Rodrik k\u00fcreselle\u015fmenin en \u00f6nde gelen ve en dikkatli savunucular\u0131ndan. Ak\u0131ll\u0131 K\u00fcreselle\u015fme\u2019de a\u015f\u0131r\u0131 k\u00fcreselle\u015fmenin demokrasiyi zay\u0131flat\u0131p ya da tam tersi zay\u0131flatmayaca\u011f\u0131 merak ediliyor. Okuyun, siz de merak edeceksiniz. \ufffcTan\u0131t\u0131m Metni<\/p>\n","protected":false},"excerpt":{"rendered":"<p>Y\u00fczy\u0131ld\u0131r iktisat\u00e7\u0131lar finans ve ticarette k\u00fcreselle\u015fme konusunu \u00f6ne \u00e7\u0131karmaktalar. Ancak k\u00fcresel bir ekonomi ve serbest ticaretin her zaman avantajl\u0131 olmayabilece\u011fine ili\u015fkin uyar\u0131 i\u015faretleri de s\u00fcrekli devam<span class=\"excerpt-hellip\"> [\u2026]<\/span><\/p>\n","protected":false},"featured_media":0,"template":"","meta":{"_monsterinsights_skip_tracking":false,"_monsterinsights_sitenote_active":false,"_monsterinsights_sitenote_note":"","_monsterinsights_sitenote_category":0},"product_brand":[],"product_cat":[12338,12337],"product_tag":[],"class_list":{"0":"post-695791","1":"product","2":"type-product","3":"status-publish","5":"product_cat-dunya-siyaseti-ve-politikasi","6":"product_cat-politika-siyaset","7":"pa_tur-kitap","8":"pa_yayinevi-efil-yayinevi","9":"pa_yazar-dani-rodrik","11":"first","12":"instock","13":"sale","14":"shipping-taxable","15":"purchasable","16":"product-type-simple"},"_links":{"self":[{"href":"https:\/\/roveyayinevi.com.tr\/index.php\/wp-json\/wp\/v2\/product\/695791","targetHints":{"allow":["GET"]}}],"collection":[{"href":"https:\/\/roveyayinevi.com.tr\/index.php\/wp-json\/wp\/v2\/product"}],"about":[{"href":"https:\/\/roveyayinevi.com.tr\/index.php\/wp-json\/wp\/v2\/types\/product"}],"wp:attachment":[{"href":"https:\/\/roveyayinevi.com.tr\/index.php\/wp-json\/wp\/v2\/media?parent=695791"}],"wp:term":[{"taxonomy":"product_brand","embeddable":true,"href":"https:\/\/roveyayinevi.com.tr\/index.php\/wp-json\/wp\/v2\/product_brand?post=695791"},{"taxonomy":"product_cat","embeddable":true,"href":"https:\/\/roveyayinevi.com.tr\/index.php\/wp-json\/wp\/v2\/product_cat?post=695791"},{"taxonomy":"product_tag","embeddable":true,"href":"https:\/\/roveyayinevi.com.tr\/index.php\/wp-json\/wp\/v2\/product_tag?post=695791"}],"curies":[{"name":"wp","href":"https:\/\/api.w.org\/{rel}","templated":true}]}}