{"id":695790,"date":"2025-08-27T14:31:11","date_gmt":"2025-08-27T11:31:11","guid":{"rendered":"https:\/\/roveyayinevi.com.tr\/index.php\/urun\/2000li-yillarda-turkiyede-iktisat-ve-siyaset-ruzgarlari\/"},"modified":"2026-04-16T02:05:45","modified_gmt":"2026-04-15T23:05:45","slug":"2000li-yillarda-turkiyede-iktisat-ve-siyaset-ruzgarlari","status":"publish","type":"product","link":"https:\/\/roveyayinevi.com.tr\/index.php\/urun\/2000li-yillarda-turkiyede-iktisat-ve-siyaset-ruzgarlari\/","title":{"rendered":"2000\u2019li Y\u0131llarda T\u00fcrkiye\u2019de \u0130ktisat ve Siyaset R\u00fczgarlar\u0131"},"content":{"rendered":"<p>Elinizdeki kitap, 9-11 Aral\u0131k 2009 tarihinde ger\u00e7ekle\u015ftirilen On Birinci Sosyal Bilimler Kongresi\u2019nde sunulan bildiriler aras\u0131ndan belirli temalar etraf\u0131nda se\u00e7ilen bildirilerin makale format\u0131na d\u00f6n\u00fc\u015ft\u00fcr\u00fcld\u00fc\u011f\u00fc \u00e7al\u0131\u015fmalardan olu\u015fmaktad\u0131r. TSBD\u2019nin d\u00fczenledi\u011fi Ulusal Sosyal Bilimler Kongreleri\u2019nin planlanma a\u015famas\u0131ndan itibaren belirleyici olan temel ilke, d\u00fcnya genelinde ve \u00f6zellikle T\u00fcrkiye\u2019de mevcut sosyal bilimsel \u00e7al\u0131\u015fmalar ve somut ger\u00e7eklikler aras\u0131nda, yakla\u015f\u0131k son otuz y\u0131ld\u0131r gittik\u00e7e daha fazla silikle\u015ftirilegelen ba\u011f\u0131nt\u0131n\u0131n tekrar tekrar a\u00e7\u0131k edilmesidir. 11. Ulusal Sosyal Bilimler Kongresi\u2019nde sunulan bildiriler itibariyle, s\u00f6z konusu ilkeye olabildi\u011fince ba\u011fl\u0131 kald\u0131\u011f\u0131m\u0131z\u0131 rahatl\u0131kla s\u00f6yleyebilece\u011fimizi d\u00fc\u015f\u00fcn\u00fcyoruz. Elinizdeki kitap, bunun \u00f6rneklerinden birisi olarak g\u00f6r\u00fclebilir. Nitekim, kitap boyunca T\u00fcrkiye\u2019deki neoliberal yap\u0131lanman\u0131n entelekt\u00fcel\/akademik boyutlar\u0131yla reel politikteki toplumsal ve k\u00fclt\u00fcrel ve\u00e7heleri aras\u0131ndaki ba\u011f\u0131nt\u0131y\u0131 ele\u015ftirel analize t\u00e2bi tutan \u00e7al\u0131\u015fmalar\u0131n zenginli\u011fini takip edebiliyorsunuz. Derlemenin 12. Ulusal Sosyal Bilimler Kongresi\u2019nin arefesinde yay\u0131nlan\u0131yor olmas\u0131 bizler a\u00e7\u0131s\u0131ndan \u00f6zellikle anlaml\u0131. \u00d6n\u00fcm\u00fczdeki Kongre\u2019de de sosyal bilimlerdeki uzmanla\u015fman\u0131n yap\u0131sal temellerini irdeleyerek mevcut ve muhtemel m\u00fccadele stratejilerini soru\u015fturmay\u0131 s\u00fcrd\u00fcrmenin \u00f6nemli olaca\u011f\u0131n\u0131 d\u00fc\u015f\u00fcn\u00fcyoruz. <\/p>\n","protected":false},"excerpt":{"rendered":"<p>Elinizdeki kitap, 9-11 Aral\u0131k 2009 tarihinde ger\u00e7ekle\u015ftirilen On Birinci Sosyal Bilimler Kongresi\u2019nde sunulan bildiriler aras\u0131ndan belirli temalar etraf\u0131nda se\u00e7ilen bildirilerin makale format\u0131na d\u00f6n\u00fc\u015ft\u00fcr\u00fcld\u00fc\u011f\u00fc \u00e7al\u0131\u015fmalardan olu\u015fmaktad\u0131r. TSBD\u2019nin<span class=\"excerpt-hellip\"> [\u2026]<\/span><\/p>\n","protected":false},"featured_media":0,"template":"","meta":{"_monsterinsights_skip_tracking":false,"_monsterinsights_sitenote_active":false,"_monsterinsights_sitenote_note":"","_monsterinsights_sitenote_category":0},"product_brand":[],"product_cat":[12337,14706],"product_tag":[],"class_list":{"0":"post-695790","1":"product","2":"type-product","3":"status-publish","5":"product_cat-politika-siyaset","6":"product_cat-siyaset-bilimi","7":"pa_tur-kitap","8":"pa_yayinevi-efil-yayinevi","9":"pa_yazar-kolektif","11":"first","12":"instock","13":"sale","14":"shipping-taxable","15":"purchasable","16":"product-type-simple"},"_links":{"self":[{"href":"https:\/\/roveyayinevi.com.tr\/index.php\/wp-json\/wp\/v2\/product\/695790","targetHints":{"allow":["GET"]}}],"collection":[{"href":"https:\/\/roveyayinevi.com.tr\/index.php\/wp-json\/wp\/v2\/product"}],"about":[{"href":"https:\/\/roveyayinevi.com.tr\/index.php\/wp-json\/wp\/v2\/types\/product"}],"wp:attachment":[{"href":"https:\/\/roveyayinevi.com.tr\/index.php\/wp-json\/wp\/v2\/media?parent=695790"}],"wp:term":[{"taxonomy":"product_brand","embeddable":true,"href":"https:\/\/roveyayinevi.com.tr\/index.php\/wp-json\/wp\/v2\/product_brand?post=695790"},{"taxonomy":"product_cat","embeddable":true,"href":"https:\/\/roveyayinevi.com.tr\/index.php\/wp-json\/wp\/v2\/product_cat?post=695790"},{"taxonomy":"product_tag","embeddable":true,"href":"https:\/\/roveyayinevi.com.tr\/index.php\/wp-json\/wp\/v2\/product_tag?post=695790"}],"curies":[{"name":"wp","href":"https:\/\/api.w.org\/{rel}","templated":true}]}}